{"id":6800361,"date":"2026-04-07T09:09:56","date_gmt":"2026-04-07T07:09:56","guid":{"rendered":"https:\/\/legszebbeskuvo.hu\/?page_id=6800361"},"modified":"2026-04-07T09:21:27","modified_gmt":"2026-04-07T07:21:27","slug":"sikeres-kapcsolatfelvetel","status":"publish","type":"page","link":"https:\/\/legszebbeskuvo.hu\/en\/sikeres-kapcsolatfelvetel\/","title":{"rendered":"Sikeres kapcsolatfelv\u00e9tel"},"content":{"rendered":"<div data-elementor-type=\"wp-page\" data-elementor-id=\"6800361\" class=\"elementor elementor-6800361\" data-elementor-post-type=\"page\">\n\t\t\t\t<div class=\"elementor-element elementor-element-50203aa e-flex e-con-boxed elementor-invisible e-con e-child\" data-id=\"50203aa\" data-element_type=\"container\" data-e-type=\"container\" data-settings=\"{&quot;background_background&quot;:&quot;classic&quot;,&quot;animation&quot;:&quot;fadeIn&quot;,&quot;animation_delay&quot;:400}\">\n\t\t\t\t\t<div class=\"e-con-inner\">\n\t\t<div class=\"elementor-element elementor-element-cd2be2b e-con-full e-flex e-con e-child\" data-id=\"cd2be2b\" data-element_type=\"container\" data-e-type=\"container\" data-settings=\"{&quot;background_background&quot;:&quot;classic&quot;}\">\n\t\t\t\t<\/div>\n\t\t<div class=\"elementor-element elementor-element-450b889 e-con-full e-flex e-con e-child\" data-id=\"450b889\" data-element_type=\"container\" data-e-type=\"container\">\n\t\t<div class=\"elementor-element elementor-element-c4e1e8a e-con-full e-flex e-con e-child\" data-id=\"c4e1e8a\" data-element_type=\"container\" data-e-type=\"container\" data-settings=\"{&quot;background_background&quot;:&quot;classic&quot;}\">\n\t\t\t\t<div class=\"elementor-element elementor-element-b898597 elementor-widget elementor-widget-heading\" data-id=\"b898597\" data-element_type=\"widget\" data-e-type=\"widget\" data-widget_type=\"heading.default\">\n\t\t\t\t<div class=\"elementor-widget-container\">\n\t\t\t\t\t<h2 class=\"elementor-heading-title elementor-size-default\">K\u00f6sz\u00f6n\u00f6m sz\u00e9pen a jelentkez\u00e9sedet, hamarosan keresni foglak.<\/h2>\t\t\t\t<\/div>\n\t\t\t\t<\/div>\n\t\t\t\t<div class=\"elementor-element elementor-element-b95b03d elementor-widget elementor-widget-heading\" data-id=\"b95b03d\" data-element_type=\"widget\" data-e-type=\"widget\" data-widget_type=\"heading.default\">\n\t\t\t\t<div class=\"elementor-widget-container\">\n\t\t\t\t\t<h4 class=\"elementor-heading-title elementor-size-default\">- Zsu<\/h4>\t\t\t\t<\/div>\n\t\t\t\t<\/div>\n\t\t\t\t<\/div>\n\t\t\t\t<\/div>\n\t\t\t\t\t<\/div>\n\t\t\t\t<\/div>\n\t\t\t\t<\/div>","protected":false},"excerpt":{"rendered":"<p>K\u00f6sz\u00f6n\u00f6m sz\u00e9pen a jelentkez\u00e9sedet, hamarosan keresni foglak. &#8211; Zsu<\/p>","protected":false},"author":2,"featured_media":0,"parent":0,"menu_order":0,"comment_status":"closed","ping_status":"closed","template":"elementor_header_footer","meta":{"footnotes":""},"class_list":["post-6800361","page","type-page","status-publish","hentry"],"yoast_head":"<!-- This site is optimized with the Yoast SEO plugin v27.3 - https:\/\/yoast.com\/product\/yoast-seo-wordpress\/ -->\n<title>Sikeres kapcsolatfelv\u00e9tel - Legszebb esk\u00fcv\u0151 esk\u00fcv\u0151szervez\u00e9s<\/title>\n<meta name=\"robots\" content=\"index, follow, max-snippet:-1, max-image-preview:large, max-video-preview:-1\" \/>\n<link rel=\"canonical\" href=\"https:\/\/legszebbeskuvo.hu\/en\/sikeres-kapcsolatfelvetel\/\" \/>\n<meta property=\"og:locale\" content=\"en_GB\" \/>\n<meta property=\"og:type\" content=\"article\" \/>\n<meta property=\"og:title\" content=\"Sikeres kapcsolatfelv\u00e9tel - Legszebb esk\u00fcv\u0151 esk\u00fcv\u0151szervez\u00e9s\" \/>\n<meta property=\"og:description\" content=\"K\u00f6sz\u00f6n\u00f6m sz\u00e9pen a jelentkez\u00e9sedet, hamarosan keresni foglak. &#8211; Zsu\" \/>\n<meta property=\"og:url\" content=\"https:\/\/legszebbeskuvo.hu\/en\/sikeres-kapcsolatfelvetel\/\" \/>\n<meta property=\"og:site_name\" content=\"Legszebb esk\u00fcv\u0151 esk\u00fcv\u0151szervez\u00e9s\" \/>\n<meta property=\"article:modified_time\" content=\"2026-04-07T07:21:27+00:00\" \/>\n<meta name=\"twitter:card\" content=\"summary_large_image\" \/>\n<meta name=\"twitter:label1\" content=\"Estimated reading time\" \/>\n\t<meta name=\"twitter:data1\" content=\"1 minute\" \/>\n<script type=\"application\/ld+json\" class=\"yoast-schema-graph\">{\"@context\":\"https:\\\/\\\/schema.org\",\"@graph\":[{\"@type\":\"WebPage\",\"@id\":\"https:\\\/\\\/legszebbeskuvo.hu\\\/sikeres-kapcsolatfelvetel\\\/\",\"url\":\"https:\\\/\\\/legszebbeskuvo.hu\\\/sikeres-kapcsolatfelvetel\\\/\",\"name\":\"Sikeres kapcsolatfelv\u00e9tel - Legszebb esk\u00fcv\u0151 esk\u00fcv\u0151szervez\u00e9s\",\"isPartOf\":{\"@id\":\"https:\\\/\\\/legszebbeskuvo.hu\\\/#website\"},\"datePublished\":\"2026-04-07T07:09:56+00:00\",\"dateModified\":\"2026-04-07T07:21:27+00:00\",\"breadcrumb\":{\"@id\":\"https:\\\/\\\/legszebbeskuvo.hu\\\/sikeres-kapcsolatfelvetel\\\/#breadcrumb\"},\"inLanguage\":\"en-GB\",\"potentialAction\":[{\"@type\":\"ReadAction\",\"target\":[\"https:\\\/\\\/legszebbeskuvo.hu\\\/sikeres-kapcsolatfelvetel\\\/\"]}]},{\"@type\":\"BreadcrumbList\",\"@id\":\"https:\\\/\\\/legszebbeskuvo.hu\\\/sikeres-kapcsolatfelvetel\\\/#breadcrumb\",\"itemListElement\":[{\"@type\":\"ListItem\",\"position\":1,\"name\":\"Home\",\"item\":\"https:\\\/\\\/legszebbeskuvo.hu\\\/\"},{\"@type\":\"ListItem\",\"position\":2,\"name\":\"Sikeres kapcsolatfelv\u00e9tel\"}]},{\"@type\":\"WebSite\",\"@id\":\"https:\\\/\\\/legszebbeskuvo.hu\\\/#website\",\"url\":\"https:\\\/\\\/legszebbeskuvo.hu\\\/\",\"name\":\"Legszebb esk\u00fcv\u0151 esk\u00fcv\u0151szervez\u00e9s\",\"description\":\"Esk\u00fcv\u0151szervez\u00e9s sz\u00edvvel-l\u00e9lekkel\",\"potentialAction\":[{\"@type\":\"SearchAction\",\"target\":{\"@type\":\"EntryPoint\",\"urlTemplate\":\"https:\\\/\\\/legszebbeskuvo.hu\\\/?s={search_term_string}\"},\"query-input\":{\"@type\":\"PropertyValueSpecification\",\"valueRequired\":true,\"valueName\":\"search_term_string\"}}],\"inLanguage\":\"en-GB\"}]}<\/script>\n<!-- \/ Yoast SEO plugin. -->","yoast_head_json":{"title":"Sikeres kapcsolatfelv\u00e9tel - Legszebb esk\u00fcv\u0151 esk\u00fcv\u0151szervez\u00e9s","robots":{"index":"index","follow":"follow","max-snippet":"max-snippet:-1","max-image-preview":"max-image-preview:large","max-video-preview":"max-video-preview:-1"},"canonical":"https:\/\/legszebbeskuvo.hu\/en\/sikeres-kapcsolatfelvetel\/","og_locale":"en_GB","og_type":"article","og_title":"Sikeres kapcsolatfelv\u00e9tel - Legszebb esk\u00fcv\u0151 esk\u00fcv\u0151szervez\u00e9s","og_description":"K\u00f6sz\u00f6n\u00f6m sz\u00e9pen a jelentkez\u00e9sedet, hamarosan keresni foglak. &#8211; Zsu","og_url":"https:\/\/legszebbeskuvo.hu\/en\/sikeres-kapcsolatfelvetel\/","og_site_name":"Legszebb esk\u00fcv\u0151 esk\u00fcv\u0151szervez\u00e9s","article_modified_time":"2026-04-07T07:21:27+00:00","twitter_card":"summary_large_image","twitter_misc":{"Estimated reading time":"1 minute"},"schema":{"@context":"https:\/\/schema.org","@graph":[{"@type":"WebPage","@id":"https:\/\/legszebbeskuvo.hu\/sikeres-kapcsolatfelvetel\/","url":"https:\/\/legszebbeskuvo.hu\/sikeres-kapcsolatfelvetel\/","name":"Sikeres kapcsolatfelv\u00e9tel - Legszebb esk\u00fcv\u0151 esk\u00fcv\u0151szervez\u00e9s","isPartOf":{"@id":"https:\/\/legszebbeskuvo.hu\/#website"},"datePublished":"2026-04-07T07:09:56+00:00","dateModified":"2026-04-07T07:21:27+00:00","breadcrumb":{"@id":"https:\/\/legszebbeskuvo.hu\/sikeres-kapcsolatfelvetel\/#breadcrumb"},"inLanguage":"en-GB","potentialAction":[{"@type":"ReadAction","target":["https:\/\/legszebbeskuvo.hu\/sikeres-kapcsolatfelvetel\/"]}]},{"@type":"BreadcrumbList","@id":"https:\/\/legszebbeskuvo.hu\/sikeres-kapcsolatfelvetel\/#breadcrumb","itemListElement":[{"@type":"ListItem","position":1,"name":"Home","item":"https:\/\/legszebbeskuvo.hu\/"},{"@type":"ListItem","position":2,"name":"Sikeres kapcsolatfelv\u00e9tel"}]},{"@type":"WebSite","@id":"https:\/\/legszebbeskuvo.hu\/#website","url":"https:\/\/legszebbeskuvo.hu\/","name":"Legszebb esk\u00fcv\u0151 Wedding Planning","description":"Esk\u00fcv\u0151szervez\u00e9s sz\u00edvvel-l\u00e9lekkel","potentialAction":[{"@type":"SearchAction","target":{"@type":"EntryPoint","urlTemplate":"https:\/\/legszebbeskuvo.hu\/?s={search_term_string}"},"query-input":{"@type":"PropertyValueSpecification","valueRequired":true,"valueName":"search_term_string"}}],"inLanguage":"en-GB"}]}},"_links":{"self":[{"href":"https:\/\/legszebbeskuvo.hu\/en\/wp-json\/wp\/v2\/pages\/6800361","targetHints":{"allow":["GET"]}}],"collection":[{"href":"https:\/\/legszebbeskuvo.hu\/en\/wp-json\/wp\/v2\/pages"}],"about":[{"href":"https:\/\/legszebbeskuvo.hu\/en\/wp-json\/wp\/v2\/types\/page"}],"author":[{"embeddable":true,"href":"https:\/\/legszebbeskuvo.hu\/en\/wp-json\/wp\/v2\/users\/2"}],"replies":[{"embeddable":true,"href":"https:\/\/legszebbeskuvo.hu\/en\/wp-json\/wp\/v2\/comments?post=6800361"}],"version-history":[{"count":3,"href":"https:\/\/legszebbeskuvo.hu\/en\/wp-json\/wp\/v2\/pages\/6800361\/revisions"}],"predecessor-version":[{"id":6800369,"href":"https:\/\/legszebbeskuvo.hu\/en\/wp-json\/wp\/v2\/pages\/6800361\/revisions\/6800369"}],"wp:attachment":[{"href":"https:\/\/legszebbeskuvo.hu\/en\/wp-json\/wp\/v2\/media?parent=6800361"}],"curies":[{"name":"wp","href":"https:\/\/api.w.org\/{rel}","templated":true}]}}