{"id":6800009,"date":"2026-03-05T15:49:52","date_gmt":"2026-03-05T14:49:52","guid":{"rendered":"https:\/\/legszebbeskuvo.hu\/?page_id=6800009"},"modified":"2026-03-05T16:36:18","modified_gmt":"2026-03-05T15:36:18","slug":"gt-eskuvoje","status":"publish","type":"page","link":"https:\/\/legszebbeskuvo.hu\/en\/gt-eskuvoje\/","title":{"rendered":"G&amp;T esk\u00fcv\u0151je"},"content":{"rendered":"<div data-elementor-type=\"wp-post\" data-elementor-id=\"6800009\" class=\"elementor elementor-6800009\" data-elementor-post-type=\"page\">\n\t\t\t\t<div class=\"elementor-element elementor-element-16af7552 e-flex e-con-boxed e-con e-parent\" data-id=\"16af7552\" data-element_type=\"container\" data-e-type=\"container\">\n\t\t\t\t\t<div class=\"e-con-inner\">\n\t\t\t\t<div class=\"elementor-element elementor-element-5f18e5ff elementor-widget elementor-widget-gallery\" data-id=\"5f18e5ff\" data-element_type=\"widget\" data-e-type=\"widget\" data-settings=\"{&quot;gallery_layout&quot;:&quot;masonry&quot;,&quot;gap&quot;:{&quot;unit&quot;:&quot;px&quot;,&quot;size&quot;:4,&quot;sizes&quot;:[]},&quot;lazyload&quot;:&quot;yes&quot;,&quot;columns&quot;:4,&quot;columns_tablet&quot;:2,&quot;columns_mobile&quot;:1,&quot;gap_tablet&quot;:{&quot;unit&quot;:&quot;px&quot;,&quot;size&quot;:10,&quot;sizes&quot;:[]},&quot;gap_mobile&quot;:{&quot;unit&quot;:&quot;px&quot;,&quot;size&quot;:10,&quot;sizes&quot;:[]},&quot;link_to&quot;:&quot;file&quot;,&quot;overlay_background&quot;:&quot;yes&quot;,&quot;content_hover_animation&quot;:&quot;fade-in&quot;}\" data-widget_type=\"gallery.default\">\n\t\t\t\t<div class=\"elementor-widget-container\">\n\t\t\t\t\t\t\t<div class=\"elementor-gallery__container\">\n\t\t\t\t\t\t\t<a class=\"e-gallery-item elementor-gallery-item elementor-animated-content\" href=\"https:\/\/legszebbeskuvo.hu\/wp-content\/uploads\/2026\/03\/gergo-tomi-eskuvoje-legszebbeskuvo.hu3_.jpg\" data-elementor-open-lightbox=\"yes\" data-elementor-lightbox-slideshow=\"5f18e5ff\" data-elementor-lightbox-title=\"gergo-tomi-eskuvoje-legszebbeskuvo.hu3\" data-e-action-hash=\"#elementor-action%3Aaction%3Dlightbox%26settings%3DeyJpZCI6NjgwMDAyNiwidXJsIjoiaHR0cHM6XC9cL2xlZ3N6ZWJiZXNrdXZvLmh1XC93cC1jb250ZW50XC91cGxvYWRzXC8yMDI2XC8wM1wvZ2VyZ28tdG9taS1lc2t1dm9qZS1sZWdzemViYmVza3V2by5odTNfLmpwZyIsInNsaWRlc2hvdyI6IjVmMThlNWZmIn0%3D\">\n\t\t\t\t\t<div class=\"e-gallery-image elementor-gallery-item__image\" data-thumbnail=\"https:\/\/legszebbeskuvo.hu\/wp-content\/uploads\/2026\/03\/gergo-tomi-eskuvoje-legszebbeskuvo.hu3_-394x700.jpg\" data-width=\"394\" data-height=\"700\" aria-label=\"\" role=\"img\" ><\/div>\n\t\t\t\t\t\t\t\t\t\t\t<div class=\"elementor-gallery-item__overlay\"><\/div>\n\t\t\t\t\t\t\t\t\t\t\t\t\t\t<\/a>\n\t\t\t\t\t\t\t<a class=\"e-gallery-item elementor-gallery-item elementor-animated-content\" href=\"https:\/\/legszebbeskuvo.hu\/wp-content\/uploads\/2026\/03\/gergo-tomi-eskuvoje-legszebbeskuvo.hu11.jpg\" data-elementor-open-lightbox=\"yes\" data-elementor-lightbox-slideshow=\"5f18e5ff\" data-elementor-lightbox-title=\"gergo-tomi-eskuvoje-legszebbeskuvo.hu11\" data-e-action-hash=\"#elementor-action%3Aaction%3Dlightbox%26settings%3DeyJpZCI6NjgwMDAzNCwidXJsIjoiaHR0cHM6XC9cL2xlZ3N6ZWJiZXNrdXZvLmh1XC93cC1jb250ZW50XC91cGxvYWRzXC8yMDI2XC8wM1wvZ2VyZ28tdG9taS1lc2t1dm9qZS1sZWdzemViYmVza3V2by5odTExLmpwZyIsInNsaWRlc2hvdyI6IjVmMThlNWZmIn0%3D\">\n\t\t\t\t\t<div class=\"e-gallery-image elementor-gallery-item__image\" data-thumbnail=\"https:\/\/legszebbeskuvo.hu\/wp-content\/uploads\/2026\/03\/gergo-tomi-eskuvoje-legszebbeskuvo.hu11-394x700.jpg\" data-width=\"394\" data-height=\"700\" aria-label=\"\" role=\"img\" ><\/div>\n\t\t\t\t\t\t\t\t\t\t\t<div class=\"elementor-gallery-item__overlay\"><\/div>\n\t\t\t\t\t\t\t\t\t\t\t\t\t\t<\/a>\n\t\t\t\t\t\t\t<a class=\"e-gallery-item elementor-gallery-item elementor-animated-content\" href=\"https:\/\/legszebbeskuvo.hu\/wp-content\/uploads\/2026\/03\/gergo-tomi-eskuvoje-legszebbeskuvo.hu4_.jpg\" data-elementor-open-lightbox=\"yes\" data-elementor-lightbox-slideshow=\"5f18e5ff\" data-elementor-lightbox-title=\"gergo-tomi-eskuvoje-legszebbeskuvo.hu4\" data-e-action-hash=\"#elementor-action%3Aaction%3Dlightbox%26settings%3DeyJpZCI6NjgwMDAyNywidXJsIjoiaHR0cHM6XC9cL2xlZ3N6ZWJiZXNrdXZvLmh1XC93cC1jb250ZW50XC91cGxvYWRzXC8yMDI2XC8wM1wvZ2VyZ28tdG9taS1lc2t1dm9qZS1sZWdzemViYmVza3V2by5odTRfLmpwZyIsInNsaWRlc2hvdyI6IjVmMThlNWZmIn0%3D\">\n\t\t\t\t\t<div class=\"e-gallery-image elementor-gallery-item__image\" data-thumbnail=\"https:\/\/legszebbeskuvo.hu\/wp-content\/uploads\/2026\/03\/gergo-tomi-eskuvoje-legszebbeskuvo.hu4_-394x700.jpg\" data-width=\"394\" data-height=\"700\" aria-label=\"\" role=\"img\" ><\/div>\n\t\t\t\t\t\t\t\t\t\t\t<div class=\"elementor-gallery-item__overlay\"><\/div>\n\t\t\t\t\t\t\t\t\t\t\t\t\t\t<\/a>\n\t\t\t\t\t\t\t<a class=\"e-gallery-item elementor-gallery-item elementor-animated-content\" href=\"https:\/\/legszebbeskuvo.hu\/wp-content\/uploads\/2026\/03\/gergo-tomi-eskuvoje-legszebbeskuvo.hu10.jpg\" data-elementor-open-lightbox=\"yes\" data-elementor-lightbox-slideshow=\"5f18e5ff\" data-elementor-lightbox-title=\"gergo-tomi-eskuvoje-legszebbeskuvo.hu10\" data-e-action-hash=\"#elementor-action%3Aaction%3Dlightbox%26settings%3DeyJpZCI6NjgwMDAzMywidXJsIjoiaHR0cHM6XC9cL2xlZ3N6ZWJiZXNrdXZvLmh1XC93cC1jb250ZW50XC91cGxvYWRzXC8yMDI2XC8wM1wvZ2VyZ28tdG9taS1lc2t1dm9qZS1sZWdzemViYmVza3V2by5odTEwLmpwZyIsInNsaWRlc2hvdyI6IjVmMThlNWZmIn0%3D\">\n\t\t\t\t\t<div class=\"e-gallery-image elementor-gallery-item__image\" data-thumbnail=\"https:\/\/legszebbeskuvo.hu\/wp-content\/uploads\/2026\/03\/gergo-tomi-eskuvoje-legszebbeskuvo.hu10-394x700.jpg\" data-width=\"394\" data-height=\"700\" aria-label=\"\" role=\"img\" ><\/div>\n\t\t\t\t\t\t\t\t\t\t\t<div class=\"elementor-gallery-item__overlay\"><\/div>\n\t\t\t\t\t\t\t\t\t\t\t\t\t\t<\/a>\n\t\t\t\t\t\t\t<a class=\"e-gallery-item elementor-gallery-item elementor-animated-content\" href=\"https:\/\/legszebbeskuvo.hu\/wp-content\/uploads\/2026\/03\/gergo-tomi-eskuvoje-legszebbeskuvo.hu5_.jpg\" data-elementor-open-lightbox=\"yes\" data-elementor-lightbox-slideshow=\"5f18e5ff\" data-elementor-lightbox-title=\"gergo-tomi-eskuvoje-legszebbeskuvo.hu5\" data-e-action-hash=\"#elementor-action%3Aaction%3Dlightbox%26settings%3DeyJpZCI6NjgwMDAyOCwidXJsIjoiaHR0cHM6XC9cL2xlZ3N6ZWJiZXNrdXZvLmh1XC93cC1jb250ZW50XC91cGxvYWRzXC8yMDI2XC8wM1wvZ2VyZ28tdG9taS1lc2t1dm9qZS1sZWdzemViYmVza3V2by5odTVfLmpwZyIsInNsaWRlc2hvdyI6IjVmMThlNWZmIn0%3D\">\n\t\t\t\t\t<div class=\"e-gallery-image elementor-gallery-item__image\" data-thumbnail=\"https:\/\/legszebbeskuvo.hu\/wp-content\/uploads\/2026\/03\/gergo-tomi-eskuvoje-legszebbeskuvo.hu5_-700x394.jpg\" data-width=\"700\" data-height=\"394\" aria-label=\"\" role=\"img\" ><\/div>\n\t\t\t\t\t\t\t\t\t\t\t<div class=\"elementor-gallery-item__overlay\"><\/div>\n\t\t\t\t\t\t\t\t\t\t\t\t\t\t<\/a>\n\t\t\t\t\t\t\t<a class=\"e-gallery-item elementor-gallery-item elementor-animated-content\" href=\"https:\/\/legszebbeskuvo.hu\/wp-content\/uploads\/2026\/03\/gergo-tomi-eskuvoje-legszebbeskuvo.hu1_.jpg\" data-elementor-open-lightbox=\"yes\" data-elementor-lightbox-slideshow=\"5f18e5ff\" data-elementor-lightbox-title=\"gergo-tomi-eskuvoje-legszebbeskuvo.hu1\" data-e-action-hash=\"#elementor-action%3Aaction%3Dlightbox%26settings%3DeyJpZCI6NjgwMDAyNCwidXJsIjoiaHR0cHM6XC9cL2xlZ3N6ZWJiZXNrdXZvLmh1XC93cC1jb250ZW50XC91cGxvYWRzXC8yMDI2XC8wM1wvZ2VyZ28tdG9taS1lc2t1dm9qZS1sZWdzemViYmVza3V2by5odTFfLmpwZyIsInNsaWRlc2hvdyI6IjVmMThlNWZmIn0%3D\">\n\t\t\t\t\t<div class=\"e-gallery-image elementor-gallery-item__image\" data-thumbnail=\"https:\/\/legszebbeskuvo.hu\/wp-content\/uploads\/2026\/03\/gergo-tomi-eskuvoje-legszebbeskuvo.hu1_-700x394.jpg\" data-width=\"700\" data-height=\"394\" aria-label=\"\" role=\"img\" ><\/div>\n\t\t\t\t\t\t\t\t\t\t\t<div class=\"elementor-gallery-item__overlay\"><\/div>\n\t\t\t\t\t\t\t\t\t\t\t\t\t\t<\/a>\n\t\t\t\t\t\t\t<a class=\"e-gallery-item elementor-gallery-item elementor-animated-content\" href=\"https:\/\/legszebbeskuvo.hu\/wp-content\/uploads\/2026\/03\/gergo-tomi-eskuvoje-legszebbeskuvo.hu9_.jpg\" data-elementor-open-lightbox=\"yes\" data-elementor-lightbox-slideshow=\"5f18e5ff\" data-elementor-lightbox-title=\"gergo-tomi-eskuvoje-legszebbeskuvo.hu9\" data-e-action-hash=\"#elementor-action%3Aaction%3Dlightbox%26settings%3DeyJpZCI6NjgwMDAzMiwidXJsIjoiaHR0cHM6XC9cL2xlZ3N6ZWJiZXNrdXZvLmh1XC93cC1jb250ZW50XC91cGxvYWRzXC8yMDI2XC8wM1wvZ2VyZ28tdG9taS1lc2t1dm9qZS1sZWdzemViYmVza3V2by5odTlfLmpwZyIsInNsaWRlc2hvdyI6IjVmMThlNWZmIn0%3D\">\n\t\t\t\t\t<div class=\"e-gallery-image elementor-gallery-item__image\" data-thumbnail=\"https:\/\/legszebbeskuvo.hu\/wp-content\/uploads\/2026\/03\/gergo-tomi-eskuvoje-legszebbeskuvo.hu9_-700x394.jpg\" data-width=\"700\" data-height=\"394\" aria-label=\"\" role=\"img\" ><\/div>\n\t\t\t\t\t\t\t\t\t\t\t<div class=\"elementor-gallery-item__overlay\"><\/div>\n\t\t\t\t\t\t\t\t\t\t\t\t\t\t<\/a>\n\t\t\t\t\t\t\t<a class=\"e-gallery-item elementor-gallery-item elementor-animated-content\" href=\"https:\/\/legszebbeskuvo.hu\/wp-content\/uploads\/2026\/03\/gergo-tomi-eskuvoje-legszebbeskuvo.hu2_.jpg\" data-elementor-open-lightbox=\"yes\" data-elementor-lightbox-slideshow=\"5f18e5ff\" data-elementor-lightbox-title=\"gergo-tomi-eskuvoje-legszebbeskuvo.hu2\" data-e-action-hash=\"#elementor-action%3Aaction%3Dlightbox%26settings%3DeyJpZCI6NjgwMDAyNSwidXJsIjoiaHR0cHM6XC9cL2xlZ3N6ZWJiZXNrdXZvLmh1XC93cC1jb250ZW50XC91cGxvYWRzXC8yMDI2XC8wM1wvZ2VyZ28tdG9taS1lc2t1dm9qZS1sZWdzemViYmVza3V2by5odTJfLmpwZyIsInNsaWRlc2hvdyI6IjVmMThlNWZmIn0%3D\">\n\t\t\t\t\t<div class=\"e-gallery-image elementor-gallery-item__image\" data-thumbnail=\"https:\/\/legszebbeskuvo.hu\/wp-content\/uploads\/2026\/03\/gergo-tomi-eskuvoje-legszebbeskuvo.hu2_-700x394.jpg\" data-width=\"700\" data-height=\"394\" aria-label=\"\" role=\"img\" ><\/div>\n\t\t\t\t\t\t\t\t\t\t\t<div class=\"elementor-gallery-item__overlay\"><\/div>\n\t\t\t\t\t\t\t\t\t\t\t\t\t\t<\/a>\n\t\t\t\t\t\t\t<a class=\"e-gallery-item elementor-gallery-item elementor-animated-content\" href=\"https:\/\/legszebbeskuvo.hu\/wp-content\/uploads\/2026\/03\/gergo-tomi-eskuvoje-legszebbeskuvo.hu12.jpg\" data-elementor-open-lightbox=\"yes\" data-elementor-lightbox-slideshow=\"5f18e5ff\" data-elementor-lightbox-title=\"gergo-tomi-eskuvoje-legszebbeskuvo.hu12\" data-e-action-hash=\"#elementor-action%3Aaction%3Dlightbox%26settings%3DeyJpZCI6NjgwMDAzNSwidXJsIjoiaHR0cHM6XC9cL2xlZ3N6ZWJiZXNrdXZvLmh1XC93cC1jb250ZW50XC91cGxvYWRzXC8yMDI2XC8wM1wvZ2VyZ28tdG9taS1lc2t1dm9qZS1sZWdzemViYmVza3V2by5odTEyLmpwZyIsInNsaWRlc2hvdyI6IjVmMThlNWZmIn0%3D\">\n\t\t\t\t\t<div class=\"e-gallery-image elementor-gallery-item__image\" data-thumbnail=\"https:\/\/legszebbeskuvo.hu\/wp-content\/uploads\/2026\/03\/gergo-tomi-eskuvoje-legszebbeskuvo.hu12-394x700.jpg\" data-width=\"394\" data-height=\"700\" aria-label=\"\" role=\"img\" ><\/div>\n\t\t\t\t\t\t\t\t\t\t\t<div class=\"elementor-gallery-item__overlay\"><\/div>\n\t\t\t\t\t\t\t\t\t\t\t\t\t\t<\/a>\n\t\t\t\t\t\t\t<a class=\"e-gallery-item elementor-gallery-item elementor-animated-content\" href=\"https:\/\/legszebbeskuvo.hu\/wp-content\/uploads\/2026\/03\/gergo-tomi-eskuvoje-legszebbeskuvo.hu7_.jpg\" data-elementor-open-lightbox=\"yes\" data-elementor-lightbox-slideshow=\"5f18e5ff\" data-elementor-lightbox-title=\"gergo-tomi-eskuvoje-legszebbeskuvo.hu7\" data-e-action-hash=\"#elementor-action%3Aaction%3Dlightbox%26settings%3DeyJpZCI6NjgwMDAzMCwidXJsIjoiaHR0cHM6XC9cL2xlZ3N6ZWJiZXNrdXZvLmh1XC93cC1jb250ZW50XC91cGxvYWRzXC8yMDI2XC8wM1wvZ2VyZ28tdG9taS1lc2t1dm9qZS1sZWdzemViYmVza3V2by5odTdfLmpwZyIsInNsaWRlc2hvdyI6IjVmMThlNWZmIn0%3D\">\n\t\t\t\t\t<div class=\"e-gallery-image elementor-gallery-item__image\" data-thumbnail=\"https:\/\/legszebbeskuvo.hu\/wp-content\/uploads\/2026\/03\/gergo-tomi-eskuvoje-legszebbeskuvo.hu7_-700x394.jpg\" data-width=\"700\" data-height=\"394\" aria-label=\"\" role=\"img\" ><\/div>\n\t\t\t\t\t\t\t\t\t\t\t<div class=\"elementor-gallery-item__overlay\"><\/div>\n\t\t\t\t\t\t\t\t\t\t\t\t\t\t<\/a>\n\t\t\t\t\t\t\t<a class=\"e-gallery-item elementor-gallery-item elementor-animated-content\" href=\"https:\/\/legszebbeskuvo.hu\/wp-content\/uploads\/2026\/03\/gergo-tomi-eskuvoje-legszebbeskuvo.hu8_.jpg\" data-elementor-open-lightbox=\"yes\" data-elementor-lightbox-slideshow=\"5f18e5ff\" data-elementor-lightbox-title=\"gergo-tomi-eskuvoje-legszebbeskuvo.hu8\" data-e-action-hash=\"#elementor-action%3Aaction%3Dlightbox%26settings%3DeyJpZCI6NjgwMDAzMSwidXJsIjoiaHR0cHM6XC9cL2xlZ3N6ZWJiZXNrdXZvLmh1XC93cC1jb250ZW50XC91cGxvYWRzXC8yMDI2XC8wM1wvZ2VyZ28tdG9taS1lc2t1dm9qZS1sZWdzemViYmVza3V2by5odThfLmpwZyIsInNsaWRlc2hvdyI6IjVmMThlNWZmIn0%3D\">\n\t\t\t\t\t<div class=\"e-gallery-image elementor-gallery-item__image\" data-thumbnail=\"https:\/\/legszebbeskuvo.hu\/wp-content\/uploads\/2026\/03\/gergo-tomi-eskuvoje-legszebbeskuvo.hu8_-700x394.jpg\" data-width=\"700\" data-height=\"394\" aria-label=\"\" role=\"img\" ><\/div>\n\t\t\t\t\t\t\t\t\t\t\t<div class=\"elementor-gallery-item__overlay\"><\/div>\n\t\t\t\t\t\t\t\t\t\t\t\t\t\t<\/a>\n\t\t\t\t\t\t\t<a class=\"e-gallery-item elementor-gallery-item elementor-animated-content\" href=\"https:\/\/legszebbeskuvo.hu\/wp-content\/uploads\/2026\/03\/gergo-tomi-eskuvoje-legszebbeskuvo.hu6_.jpg\" data-elementor-open-lightbox=\"yes\" data-elementor-lightbox-slideshow=\"5f18e5ff\" data-elementor-lightbox-title=\"gergo-tomi-eskuvoje-legszebbeskuvo.hu6\" data-e-action-hash=\"#elementor-action%3Aaction%3Dlightbox%26settings%3DeyJpZCI6NjgwMDAyOSwidXJsIjoiaHR0cHM6XC9cL2xlZ3N6ZWJiZXNrdXZvLmh1XC93cC1jb250ZW50XC91cGxvYWRzXC8yMDI2XC8wM1wvZ2VyZ28tdG9taS1lc2t1dm9qZS1sZWdzemViYmVza3V2by5odTZfLmpwZyIsInNsaWRlc2hvdyI6IjVmMThlNWZmIn0%3D\">\n\t\t\t\t\t<div class=\"e-gallery-image elementor-gallery-item__image\" data-thumbnail=\"https:\/\/legszebbeskuvo.hu\/wp-content\/uploads\/2026\/03\/gergo-tomi-eskuvoje-legszebbeskuvo.hu6_-700x394.jpg\" data-width=\"700\" data-height=\"394\" aria-label=\"\" role=\"img\" ><\/div>\n\t\t\t\t\t\t\t\t\t\t\t<div class=\"elementor-gallery-item__overlay\"><\/div>\n\t\t\t\t\t\t\t\t\t\t\t\t\t\t<\/a>\n\t\t\t\t\t<\/div>\n\t\t\t\t\t<\/div>\n\t\t\t\t<\/div>\n\t\t\t\t\t<\/div>\n\t\t\t\t<\/div>\n\t\t\t\t<\/div>","protected":false},"excerpt":{"rendered":"","protected":false},"author":2,"featured_media":6800032,"parent":0,"menu_order":0,"comment_status":"closed","ping_status":"closed","template":"","meta":{"footnotes":""},"class_list":["post-6800009","page","type-page","status-publish","has-post-thumbnail","hentry"],"yoast_head":"<!-- This site is optimized with the Yoast SEO plugin v27.3 - https:\/\/yoast.com\/product\/yoast-seo-wordpress\/ -->\n<title>G&amp;T esk\u00fcv\u0151je - Legszebb esk\u00fcv\u0151 esk\u00fcv\u0151szervez\u00e9s<\/title>\n<meta name=\"robots\" content=\"index, follow, max-snippet:-1, max-image-preview:large, max-video-preview:-1\" \/>\n<link rel=\"canonical\" href=\"https:\/\/legszebbeskuvo.hu\/en\/gt-wedding\/\" \/>\n<meta property=\"og:locale\" content=\"en_GB\" \/>\n<meta property=\"og:type\" content=\"article\" \/>\n<meta property=\"og:title\" content=\"G&amp;T esk\u00fcv\u0151je - Legszebb esk\u00fcv\u0151 esk\u00fcv\u0151szervez\u00e9s\" \/>\n<meta property=\"og:url\" content=\"https:\/\/legszebbeskuvo.hu\/en\/gt-wedding\/\" \/>\n<meta property=\"og:site_name\" content=\"Legszebb esk\u00fcv\u0151 esk\u00fcv\u0151szervez\u00e9s\" \/>\n<meta property=\"article:modified_time\" content=\"2026-03-05T15:36:18+00:00\" \/>\n<meta property=\"og:image\" content=\"https:\/\/legszebbeskuvo.hu\/wp-content\/uploads\/2026\/03\/gergo-tomi-eskuvoje-legszebbeskuvo.hu9_.jpg\" \/>\n\t<meta property=\"og:image:width\" content=\"1920\" \/>\n\t<meta property=\"og:image:height\" content=\"1080\" \/>\n\t<meta property=\"og:image:type\" content=\"image\/jpeg\" \/>\n<meta name=\"twitter:card\" content=\"summary_large_image\" \/>\n<script type=\"application\/ld+json\" class=\"yoast-schema-graph\">{\"@context\":\"https:\\\/\\\/schema.org\",\"@graph\":[{\"@type\":\"WebPage\",\"@id\":\"https:\\\/\\\/legszebbeskuvo.hu\\\/gt-eskuvoje\\\/\",\"url\":\"https:\\\/\\\/legszebbeskuvo.hu\\\/gt-eskuvoje\\\/\",\"name\":\"G&amp;T esk\u00fcv\u0151je - Legszebb esk\u00fcv\u0151 esk\u00fcv\u0151szervez\u00e9s\",\"isPartOf\":{\"@id\":\"https:\\\/\\\/legszebbeskuvo.hu\\\/#website\"},\"primaryImageOfPage\":{\"@id\":\"https:\\\/\\\/legszebbeskuvo.hu\\\/gt-eskuvoje\\\/#primaryimage\"},\"image\":{\"@id\":\"https:\\\/\\\/legszebbeskuvo.hu\\\/gt-eskuvoje\\\/#primaryimage\"},\"thumbnailUrl\":\"https:\\\/\\\/legszebbeskuvo.hu\\\/wp-content\\\/uploads\\\/2026\\\/03\\\/gergo-tomi-eskuvoje-legszebbeskuvo.hu9_.jpg\",\"datePublished\":\"2026-03-05T14:49:52+00:00\",\"dateModified\":\"2026-03-05T15:36:18+00:00\",\"breadcrumb\":{\"@id\":\"https:\\\/\\\/legszebbeskuvo.hu\\\/gt-eskuvoje\\\/#breadcrumb\"},\"inLanguage\":\"en-GB\",\"potentialAction\":[{\"@type\":\"ReadAction\",\"target\":[\"https:\\\/\\\/legszebbeskuvo.hu\\\/gt-eskuvoje\\\/\"]}]},{\"@type\":\"ImageObject\",\"inLanguage\":\"en-GB\",\"@id\":\"https:\\\/\\\/legszebbeskuvo.hu\\\/gt-eskuvoje\\\/#primaryimage\",\"url\":\"https:\\\/\\\/legszebbeskuvo.hu\\\/wp-content\\\/uploads\\\/2026\\\/03\\\/gergo-tomi-eskuvoje-legszebbeskuvo.hu9_.jpg\",\"contentUrl\":\"https:\\\/\\\/legszebbeskuvo.hu\\\/wp-content\\\/uploads\\\/2026\\\/03\\\/gergo-tomi-eskuvoje-legszebbeskuvo.hu9_.jpg\",\"width\":1920,\"height\":1080},{\"@type\":\"BreadcrumbList\",\"@id\":\"https:\\\/\\\/legszebbeskuvo.hu\\\/gt-eskuvoje\\\/#breadcrumb\",\"itemListElement\":[{\"@type\":\"ListItem\",\"position\":1,\"name\":\"Home\",\"item\":\"https:\\\/\\\/legszebbeskuvo.hu\\\/\"},{\"@type\":\"ListItem\",\"position\":2,\"name\":\"G&amp;T esk\u00fcv\u0151je\"}]},{\"@type\":\"WebSite\",\"@id\":\"https:\\\/\\\/legszebbeskuvo.hu\\\/#website\",\"url\":\"https:\\\/\\\/legszebbeskuvo.hu\\\/\",\"name\":\"Legszebb esk\u00fcv\u0151 esk\u00fcv\u0151szervez\u00e9s\",\"description\":\"Esk\u00fcv\u0151szervez\u00e9s sz\u00edvvel-l\u00e9lekkel\",\"potentialAction\":[{\"@type\":\"SearchAction\",\"target\":{\"@type\":\"EntryPoint\",\"urlTemplate\":\"https:\\\/\\\/legszebbeskuvo.hu\\\/?s={search_term_string}\"},\"query-input\":{\"@type\":\"PropertyValueSpecification\",\"valueRequired\":true,\"valueName\":\"search_term_string\"}}],\"inLanguage\":\"en-GB\"}]}<\/script>\n<!-- \/ Yoast SEO plugin. -->","yoast_head_json":{"title":"G&amp;T esk\u00fcv\u0151je - Legszebb esk\u00fcv\u0151 esk\u00fcv\u0151szervez\u00e9s","robots":{"index":"index","follow":"follow","max-snippet":"max-snippet:-1","max-image-preview":"max-image-preview:large","max-video-preview":"max-video-preview:-1"},"canonical":"https:\/\/legszebbeskuvo.hu\/en\/gt-wedding\/","og_locale":"en_GB","og_type":"article","og_title":"G&amp;T esk\u00fcv\u0151je - Legszebb esk\u00fcv\u0151 esk\u00fcv\u0151szervez\u00e9s","og_url":"https:\/\/legszebbeskuvo.hu\/en\/gt-wedding\/","og_site_name":"Legszebb esk\u00fcv\u0151 esk\u00fcv\u0151szervez\u00e9s","article_modified_time":"2026-03-05T15:36:18+00:00","og_image":[{"width":1920,"height":1080,"url":"https:\/\/legszebbeskuvo.hu\/wp-content\/uploads\/2026\/03\/gergo-tomi-eskuvoje-legszebbeskuvo.hu9_.jpg","type":"image\/jpeg"}],"twitter_card":"summary_large_image","schema":{"@context":"https:\/\/schema.org","@graph":[{"@type":"WebPage","@id":"https:\/\/legszebbeskuvo.hu\/gt-eskuvoje\/","url":"https:\/\/legszebbeskuvo.hu\/gt-eskuvoje\/","name":"G&amp;T esk\u00fcv\u0151je - Legszebb esk\u00fcv\u0151 esk\u00fcv\u0151szervez\u00e9s","isPartOf":{"@id":"https:\/\/legszebbeskuvo.hu\/#website"},"primaryImageOfPage":{"@id":"https:\/\/legszebbeskuvo.hu\/gt-eskuvoje\/#primaryimage"},"image":{"@id":"https:\/\/legszebbeskuvo.hu\/gt-eskuvoje\/#primaryimage"},"thumbnailUrl":"https:\/\/legszebbeskuvo.hu\/wp-content\/uploads\/2026\/03\/gergo-tomi-eskuvoje-legszebbeskuvo.hu9_.jpg","datePublished":"2026-03-05T14:49:52+00:00","dateModified":"2026-03-05T15:36:18+00:00","breadcrumb":{"@id":"https:\/\/legszebbeskuvo.hu\/gt-eskuvoje\/#breadcrumb"},"inLanguage":"en-GB","potentialAction":[{"@type":"ReadAction","target":["https:\/\/legszebbeskuvo.hu\/gt-eskuvoje\/"]}]},{"@type":"ImageObject","inLanguage":"en-GB","@id":"https:\/\/legszebbeskuvo.hu\/gt-eskuvoje\/#primaryimage","url":"https:\/\/legszebbeskuvo.hu\/wp-content\/uploads\/2026\/03\/gergo-tomi-eskuvoje-legszebbeskuvo.hu9_.jpg","contentUrl":"https:\/\/legszebbeskuvo.hu\/wp-content\/uploads\/2026\/03\/gergo-tomi-eskuvoje-legszebbeskuvo.hu9_.jpg","width":1920,"height":1080},{"@type":"BreadcrumbList","@id":"https:\/\/legszebbeskuvo.hu\/gt-eskuvoje\/#breadcrumb","itemListElement":[{"@type":"ListItem","position":1,"name":"Home","item":"https:\/\/legszebbeskuvo.hu\/"},{"@type":"ListItem","position":2,"name":"G&amp;T esk\u00fcv\u0151je"}]},{"@type":"WebSite","@id":"https:\/\/legszebbeskuvo.hu\/#website","url":"https:\/\/legszebbeskuvo.hu\/","name":"Legszebb esk\u00fcv\u0151 Wedding Planning","description":"Esk\u00fcv\u0151szervez\u00e9s sz\u00edvvel-l\u00e9lekkel","potentialAction":[{"@type":"SearchAction","target":{"@type":"EntryPoint","urlTemplate":"https:\/\/legszebbeskuvo.hu\/?s={search_term_string}"},"query-input":{"@type":"PropertyValueSpecification","valueRequired":true,"valueName":"search_term_string"}}],"inLanguage":"en-GB"}]}},"_links":{"self":[{"href":"https:\/\/legszebbeskuvo.hu\/en\/wp-json\/wp\/v2\/pages\/6800009","targetHints":{"allow":["GET"]}}],"collection":[{"href":"https:\/\/legszebbeskuvo.hu\/en\/wp-json\/wp\/v2\/pages"}],"about":[{"href":"https:\/\/legszebbeskuvo.hu\/en\/wp-json\/wp\/v2\/types\/page"}],"author":[{"embeddable":true,"href":"https:\/\/legszebbeskuvo.hu\/en\/wp-json\/wp\/v2\/users\/2"}],"replies":[{"embeddable":true,"href":"https:\/\/legszebbeskuvo.hu\/en\/wp-json\/wp\/v2\/comments?post=6800009"}],"version-history":[{"count":3,"href":"https:\/\/legszebbeskuvo.hu\/en\/wp-json\/wp\/v2\/pages\/6800009\/revisions"}],"predecessor-version":[{"id":6800095,"href":"https:\/\/legszebbeskuvo.hu\/en\/wp-json\/wp\/v2\/pages\/6800009\/revisions\/6800095"}],"wp:featuredmedia":[{"embeddable":true,"href":"https:\/\/legszebbeskuvo.hu\/en\/wp-json\/wp\/v2\/media\/6800032"}],"wp:attachment":[{"href":"https:\/\/legszebbeskuvo.hu\/en\/wp-json\/wp\/v2\/media?parent=6800009"}],"curies":[{"name":"wp","href":"https:\/\/api.w.org\/{rel}","templated":true}]}}