{"id":6799184,"date":"2024-02-23T14:13:29","date_gmt":"2024-02-23T13:13:29","guid":{"rendered":"https:\/\/legszebbeskuvo.hu\/?page_id=6799184"},"modified":"2026-03-10T17:59:38","modified_gmt":"2026-03-10T16:59:38","slug":"pp-eskuvoje","status":"publish","type":"page","link":"https:\/\/legszebbeskuvo.hu\/en\/pp-eskuvoje\/","title":{"rendered":"P&amp;P Wedding"},"content":{"rendered":"<div data-elementor-type=\"wp-post\" data-elementor-id=\"6799184\" class=\"elementor elementor-6799184\" data-elementor-post-type=\"page\">\n\t\t\t\t<div class=\"elementor-element elementor-element-60dbb76 e-flex e-con-boxed e-con e-parent\" data-id=\"60dbb76\" data-element_type=\"container\" data-e-type=\"container\">\n\t\t\t\t\t<div class=\"e-con-inner\">\n\t\t\t\t<div class=\"elementor-element elementor-element-5e5a1ee elementor-widget elementor-widget-gallery\" data-id=\"5e5a1ee\" data-element_type=\"widget\" data-e-type=\"widget\" data-settings=\"{&quot;gallery_layout&quot;:&quot;masonry&quot;,&quot;gap&quot;:{&quot;unit&quot;:&quot;px&quot;,&quot;size&quot;:4,&quot;sizes&quot;:[]},&quot;lazyload&quot;:&quot;yes&quot;,&quot;columns&quot;:4,&quot;columns_tablet&quot;:2,&quot;columns_mobile&quot;:1,&quot;gap_tablet&quot;:{&quot;unit&quot;:&quot;px&quot;,&quot;size&quot;:10,&quot;sizes&quot;:[]},&quot;gap_mobile&quot;:{&quot;unit&quot;:&quot;px&quot;,&quot;size&quot;:10,&quot;sizes&quot;:[]},&quot;link_to&quot;:&quot;file&quot;,&quot;overlay_background&quot;:&quot;yes&quot;,&quot;content_hover_animation&quot;:&quot;fade-in&quot;}\" data-widget_type=\"gallery.default\">\n\t\t\t\t<div class=\"elementor-widget-container\">\n\t\t\t\t\t\t\t<div class=\"elementor-gallery__container\">\n\t\t\t\t\t\t\t<a class=\"e-gallery-item elementor-gallery-item elementor-animated-content\" href=\"https:\/\/legszebbeskuvo.hu\/wp-content\/uploads\/2024\/02\/Petra_Peti_038_web.jpg\" data-elementor-open-lightbox=\"yes\" data-elementor-lightbox-slideshow=\"5e5a1ee\" data-elementor-lightbox-title=\"Petra_Peti_038_web\" data-e-action-hash=\"#elementor-action%3Aaction%3Dlightbox%26settings%3DeyJpZCI6Njc5OTE5MCwidXJsIjoiaHR0cHM6XC9cL2xlZ3N6ZWJiZXNrdXZvLmh1XC93cC1jb250ZW50XC91cGxvYWRzXC8yMDI0XC8wMlwvUGV0cmFfUGV0aV8wMzhfd2ViLmpwZyIsInNsaWRlc2hvdyI6IjVlNWExZWUifQ%3D%3D\">\n\t\t\t\t\t<div class=\"e-gallery-image elementor-gallery-item__image\" data-thumbnail=\"https:\/\/legszebbeskuvo.hu\/wp-content\/uploads\/2024\/02\/Petra_Peti_038_web-700x466.jpg\" data-width=\"700\" data-height=\"466\" aria-label=\"\" role=\"img\" ><\/div>\n\t\t\t\t\t\t\t\t\t\t\t<div class=\"elementor-gallery-item__overlay\"><\/div>\n\t\t\t\t\t\t\t\t\t\t\t\t\t\t<\/a>\n\t\t\t\t\t\t\t<a class=\"e-gallery-item elementor-gallery-item elementor-animated-content\" href=\"https:\/\/legszebbeskuvo.hu\/wp-content\/uploads\/2024\/02\/Petra_Peti_035_web.jpg\" data-elementor-open-lightbox=\"yes\" data-elementor-lightbox-slideshow=\"5e5a1ee\" data-elementor-lightbox-title=\"Petra_Peti_035_web\" data-e-action-hash=\"#elementor-action%3Aaction%3Dlightbox%26settings%3DeyJpZCI6Njc5OTE4OSwidXJsIjoiaHR0cHM6XC9cL2xlZ3N6ZWJiZXNrdXZvLmh1XC93cC1jb250ZW50XC91cGxvYWRzXC8yMDI0XC8wMlwvUGV0cmFfUGV0aV8wMzVfd2ViLmpwZyIsInNsaWRlc2hvdyI6IjVlNWExZWUifQ%3D%3D\">\n\t\t\t\t\t<div class=\"e-gallery-image elementor-gallery-item__image\" data-thumbnail=\"https:\/\/legszebbeskuvo.hu\/wp-content\/uploads\/2024\/02\/Petra_Peti_035_web-700x466.jpg\" data-width=\"700\" data-height=\"466\" aria-label=\"\" role=\"img\" ><\/div>\n\t\t\t\t\t\t\t\t\t\t\t<div class=\"elementor-gallery-item__overlay\"><\/div>\n\t\t\t\t\t\t\t\t\t\t\t\t\t\t<\/a>\n\t\t\t\t\t\t\t<a class=\"e-gallery-item elementor-gallery-item elementor-animated-content\" href=\"https:\/\/legszebbeskuvo.hu\/wp-content\/uploads\/2024\/02\/Petra_Peti_157_web.jpg\" data-elementor-open-lightbox=\"yes\" data-elementor-lightbox-slideshow=\"5e5a1ee\" data-elementor-lightbox-title=\"Petra_Peti_157_web\" data-e-action-hash=\"#elementor-action%3Aaction%3Dlightbox%26settings%3DeyJpZCI6Njc5OTE5NiwidXJsIjoiaHR0cHM6XC9cL2xlZ3N6ZWJiZXNrdXZvLmh1XC93cC1jb250ZW50XC91cGxvYWRzXC8yMDI0XC8wMlwvUGV0cmFfUGV0aV8xNTdfd2ViLmpwZyIsInNsaWRlc2hvdyI6IjVlNWExZWUifQ%3D%3D\">\n\t\t\t\t\t<div class=\"e-gallery-image elementor-gallery-item__image\" data-thumbnail=\"https:\/\/legszebbeskuvo.hu\/wp-content\/uploads\/2024\/02\/Petra_Peti_157_web-467x700.jpg\" data-width=\"467\" data-height=\"700\" aria-label=\"\" role=\"img\" ><\/div>\n\t\t\t\t\t\t\t\t\t\t\t<div class=\"elementor-gallery-item__overlay\"><\/div>\n\t\t\t\t\t\t\t\t\t\t\t\t\t\t<\/a>\n\t\t\t\t\t\t\t<a class=\"e-gallery-item elementor-gallery-item elementor-animated-content\" href=\"https:\/\/legszebbeskuvo.hu\/wp-content\/uploads\/2024\/02\/Petra_Peti_001_web.jpg\" data-elementor-open-lightbox=\"yes\" data-elementor-lightbox-slideshow=\"5e5a1ee\" data-elementor-lightbox-title=\"Petra_Peti_001_web\" data-e-action-hash=\"#elementor-action%3Aaction%3Dlightbox%26settings%3DeyJpZCI6Njc5OTE4NiwidXJsIjoiaHR0cHM6XC9cL2xlZ3N6ZWJiZXNrdXZvLmh1XC93cC1jb250ZW50XC91cGxvYWRzXC8yMDI0XC8wMlwvUGV0cmFfUGV0aV8wMDFfd2ViLmpwZyIsInNsaWRlc2hvdyI6IjVlNWExZWUifQ%3D%3D\">\n\t\t\t\t\t<div class=\"e-gallery-image elementor-gallery-item__image\" data-thumbnail=\"https:\/\/legszebbeskuvo.hu\/wp-content\/uploads\/2024\/02\/Petra_Peti_001_web-467x700.jpg\" data-width=\"467\" data-height=\"700\" aria-label=\"\" role=\"img\" ><\/div>\n\t\t\t\t\t\t\t\t\t\t\t<div class=\"elementor-gallery-item__overlay\"><\/div>\n\t\t\t\t\t\t\t\t\t\t\t\t\t\t<\/a>\n\t\t\t\t\t\t\t<a class=\"e-gallery-item elementor-gallery-item elementor-animated-content\" href=\"https:\/\/legszebbeskuvo.hu\/wp-content\/uploads\/2024\/02\/Petra_Peti_388_web.jpg\" data-elementor-open-lightbox=\"yes\" data-elementor-lightbox-slideshow=\"5e5a1ee\" data-elementor-lightbox-title=\"Petra_Peti_388_web\" data-e-action-hash=\"#elementor-action%3Aaction%3Dlightbox%26settings%3DeyJpZCI6Njc5OTIwMSwidXJsIjoiaHR0cHM6XC9cL2xlZ3N6ZWJiZXNrdXZvLmh1XC93cC1jb250ZW50XC91cGxvYWRzXC8yMDI0XC8wMlwvUGV0cmFfUGV0aV8zODhfd2ViLmpwZyIsInNsaWRlc2hvdyI6IjVlNWExZWUifQ%3D%3D\">\n\t\t\t\t\t<div class=\"e-gallery-image elementor-gallery-item__image\" data-thumbnail=\"https:\/\/legszebbeskuvo.hu\/wp-content\/uploads\/2024\/02\/Petra_Peti_388_web-467x700.jpg\" data-width=\"467\" data-height=\"700\" aria-label=\"\" role=\"img\" ><\/div>\n\t\t\t\t\t\t\t\t\t\t\t<div class=\"elementor-gallery-item__overlay\"><\/div>\n\t\t\t\t\t\t\t\t\t\t\t\t\t\t<\/a>\n\t\t\t\t\t\t\t<a class=\"e-gallery-item elementor-gallery-item elementor-animated-content\" href=\"https:\/\/legszebbeskuvo.hu\/wp-content\/uploads\/2024\/02\/Petra_Peti_286_web.jpg\" data-elementor-open-lightbox=\"yes\" data-elementor-lightbox-slideshow=\"5e5a1ee\" data-elementor-lightbox-title=\"Petra_Peti_286_web\" data-e-action-hash=\"#elementor-action%3Aaction%3Dlightbox%26settings%3DeyJpZCI6Njc5OTE5OCwidXJsIjoiaHR0cHM6XC9cL2xlZ3N6ZWJiZXNrdXZvLmh1XC93cC1jb250ZW50XC91cGxvYWRzXC8yMDI0XC8wMlwvUGV0cmFfUGV0aV8yODZfd2ViLmpwZyIsInNsaWRlc2hvdyI6IjVlNWExZWUifQ%3D%3D\">\n\t\t\t\t\t<div class=\"e-gallery-image elementor-gallery-item__image\" data-thumbnail=\"https:\/\/legszebbeskuvo.hu\/wp-content\/uploads\/2024\/02\/Petra_Peti_286_web-700x466.jpg\" data-width=\"700\" data-height=\"466\" aria-label=\"\" role=\"img\" ><\/div>\n\t\t\t\t\t\t\t\t\t\t\t<div class=\"elementor-gallery-item__overlay\"><\/div>\n\t\t\t\t\t\t\t\t\t\t\t\t\t\t<\/a>\n\t\t\t\t\t\t\t<a class=\"e-gallery-item elementor-gallery-item elementor-animated-content\" href=\"https:\/\/legszebbeskuvo.hu\/wp-content\/uploads\/2024\/02\/Petra_Peti_124_web.jpg\" data-elementor-open-lightbox=\"yes\" data-elementor-lightbox-slideshow=\"5e5a1ee\" data-elementor-lightbox-title=\"Petra_Peti_124_web\" data-e-action-hash=\"#elementor-action%3Aaction%3Dlightbox%26settings%3DeyJpZCI6Njc5OTE5NSwidXJsIjoiaHR0cHM6XC9cL2xlZ3N6ZWJiZXNrdXZvLmh1XC93cC1jb250ZW50XC91cGxvYWRzXC8yMDI0XC8wMlwvUGV0cmFfUGV0aV8xMjRfd2ViLmpwZyIsInNsaWRlc2hvdyI6IjVlNWExZWUifQ%3D%3D\">\n\t\t\t\t\t<div class=\"e-gallery-image elementor-gallery-item__image\" data-thumbnail=\"https:\/\/legszebbeskuvo.hu\/wp-content\/uploads\/2024\/02\/Petra_Peti_124_web-700x466.jpg\" data-width=\"700\" data-height=\"466\" aria-label=\"\" role=\"img\" ><\/div>\n\t\t\t\t\t\t\t\t\t\t\t<div class=\"elementor-gallery-item__overlay\"><\/div>\n\t\t\t\t\t\t\t\t\t\t\t\t\t\t<\/a>\n\t\t\t\t\t\t\t<a class=\"e-gallery-item elementor-gallery-item elementor-animated-content\" href=\"https:\/\/legszebbeskuvo.hu\/wp-content\/uploads\/2024\/02\/Petra_Peti_379_web.jpg\" data-elementor-open-lightbox=\"yes\" data-elementor-lightbox-slideshow=\"5e5a1ee\" data-elementor-lightbox-title=\"Petra_Peti_379_web\" data-e-action-hash=\"#elementor-action%3Aaction%3Dlightbox%26settings%3DeyJpZCI6Njc5OTIwMCwidXJsIjoiaHR0cHM6XC9cL2xlZ3N6ZWJiZXNrdXZvLmh1XC93cC1jb250ZW50XC91cGxvYWRzXC8yMDI0XC8wMlwvUGV0cmFfUGV0aV8zNzlfd2ViLmpwZyIsInNsaWRlc2hvdyI6IjVlNWExZWUifQ%3D%3D\">\n\t\t\t\t\t<div class=\"e-gallery-image elementor-gallery-item__image\" data-thumbnail=\"https:\/\/legszebbeskuvo.hu\/wp-content\/uploads\/2024\/02\/Petra_Peti_379_web-700x466.jpg\" data-width=\"700\" data-height=\"466\" aria-label=\"\" role=\"img\" ><\/div>\n\t\t\t\t\t\t\t\t\t\t\t<div class=\"elementor-gallery-item__overlay\"><\/div>\n\t\t\t\t\t\t\t\t\t\t\t\t\t\t<\/a>\n\t\t\t\t\t\t\t<a class=\"e-gallery-item elementor-gallery-item elementor-animated-content\" href=\"https:\/\/legszebbeskuvo.hu\/wp-content\/uploads\/2024\/02\/Petra_Peti_424_web.jpg\" data-elementor-open-lightbox=\"yes\" data-elementor-lightbox-slideshow=\"5e5a1ee\" data-elementor-lightbox-title=\"Petra_Peti_424_web\" data-e-action-hash=\"#elementor-action%3Aaction%3Dlightbox%26settings%3DeyJpZCI6Njc5OTIwMiwidXJsIjoiaHR0cHM6XC9cL2xlZ3N6ZWJiZXNrdXZvLmh1XC93cC1jb250ZW50XC91cGxvYWRzXC8yMDI0XC8wMlwvUGV0cmFfUGV0aV80MjRfd2ViLmpwZyIsInNsaWRlc2hvdyI6IjVlNWExZWUifQ%3D%3D\">\n\t\t\t\t\t<div class=\"e-gallery-image elementor-gallery-item__image\" data-thumbnail=\"https:\/\/legszebbeskuvo.hu\/wp-content\/uploads\/2024\/02\/Petra_Peti_424_web-467x700.jpg\" data-width=\"467\" data-height=\"700\" aria-label=\"\" role=\"img\" ><\/div>\n\t\t\t\t\t\t\t\t\t\t\t<div class=\"elementor-gallery-item__overlay\"><\/div>\n\t\t\t\t\t\t\t\t\t\t\t\t\t\t<\/a>\n\t\t\t\t\t\t\t<a class=\"e-gallery-item elementor-gallery-item elementor-animated-content\" href=\"https:\/\/legszebbeskuvo.hu\/wp-content\/uploads\/2024\/02\/Petra_Peti_028_web.jpg\" data-elementor-open-lightbox=\"yes\" data-elementor-lightbox-slideshow=\"5e5a1ee\" data-elementor-lightbox-title=\"Petra_Peti_028_web\" data-e-action-hash=\"#elementor-action%3Aaction%3Dlightbox%26settings%3DeyJpZCI6Njc5OTE4NywidXJsIjoiaHR0cHM6XC9cL2xlZ3N6ZWJiZXNrdXZvLmh1XC93cC1jb250ZW50XC91cGxvYWRzXC8yMDI0XC8wMlwvUGV0cmFfUGV0aV8wMjhfd2ViLmpwZyIsInNsaWRlc2hvdyI6IjVlNWExZWUifQ%3D%3D\">\n\t\t\t\t\t<div class=\"e-gallery-image elementor-gallery-item__image\" data-thumbnail=\"https:\/\/legszebbeskuvo.hu\/wp-content\/uploads\/2024\/02\/Petra_Peti_028_web-467x700.jpg\" data-width=\"467\" data-height=\"700\" aria-label=\"\" role=\"img\" ><\/div>\n\t\t\t\t\t\t\t\t\t\t\t<div class=\"elementor-gallery-item__overlay\"><\/div>\n\t\t\t\t\t\t\t\t\t\t\t\t\t\t<\/a>\n\t\t\t\t\t\t\t<a class=\"e-gallery-item elementor-gallery-item elementor-animated-content\" href=\"https:\/\/legszebbeskuvo.hu\/wp-content\/uploads\/2024\/02\/Petra_Peti_047_web.jpg\" data-elementor-open-lightbox=\"yes\" data-elementor-lightbox-slideshow=\"5e5a1ee\" data-elementor-lightbox-title=\"Petra_Peti_047_web\" data-e-action-hash=\"#elementor-action%3Aaction%3Dlightbox%26settings%3DeyJpZCI6Njc5OTE5MSwidXJsIjoiaHR0cHM6XC9cL2xlZ3N6ZWJiZXNrdXZvLmh1XC93cC1jb250ZW50XC91cGxvYWRzXC8yMDI0XC8wMlwvUGV0cmFfUGV0aV8wNDdfd2ViLmpwZyIsInNsaWRlc2hvdyI6IjVlNWExZWUifQ%3D%3D\">\n\t\t\t\t\t<div class=\"e-gallery-image elementor-gallery-item__image\" data-thumbnail=\"https:\/\/legszebbeskuvo.hu\/wp-content\/uploads\/2024\/02\/Petra_Peti_047_web-700x466.jpg\" data-width=\"700\" data-height=\"466\" aria-label=\"esk\u00fcv\u0151helysz\u00edn\" role=\"img\" ><\/div>\n\t\t\t\t\t\t\t\t\t\t\t<div class=\"elementor-gallery-item__overlay\"><\/div>\n\t\t\t\t\t\t\t\t\t\t\t\t\t\t<\/a>\n\t\t\t\t\t\t\t<a class=\"e-gallery-item elementor-gallery-item elementor-animated-content\" href=\"https:\/\/legszebbeskuvo.hu\/wp-content\/uploads\/2024\/02\/Petra_Peti_059_web.jpg\" data-elementor-open-lightbox=\"yes\" data-elementor-lightbox-slideshow=\"5e5a1ee\" data-elementor-lightbox-title=\"Petra_Peti_059_web\" data-e-action-hash=\"#elementor-action%3Aaction%3Dlightbox%26settings%3DeyJpZCI6Njc5OTE5MywidXJsIjoiaHR0cHM6XC9cL2xlZ3N6ZWJiZXNrdXZvLmh1XC93cC1jb250ZW50XC91cGxvYWRzXC8yMDI0XC8wMlwvUGV0cmFfUGV0aV8wNTlfd2ViLmpwZyIsInNsaWRlc2hvdyI6IjVlNWExZWUifQ%3D%3D\">\n\t\t\t\t\t<div class=\"e-gallery-image elementor-gallery-item__image\" data-thumbnail=\"https:\/\/legszebbeskuvo.hu\/wp-content\/uploads\/2024\/02\/Petra_Peti_059_web-700x466.jpg\" data-width=\"700\" data-height=\"466\" aria-label=\"\" role=\"img\" ><\/div>\n\t\t\t\t\t\t\t\t\t\t\t<div class=\"elementor-gallery-item__overlay\"><\/div>\n\t\t\t\t\t\t\t\t\t\t\t\t\t\t<\/a>\n\t\t\t\t\t\t\t<a class=\"e-gallery-item elementor-gallery-item elementor-animated-content\" href=\"https:\/\/legszebbeskuvo.hu\/wp-content\/uploads\/2024\/02\/Petra_Peti_504_web.jpg\" data-elementor-open-lightbox=\"yes\" data-elementor-lightbox-slideshow=\"5e5a1ee\" data-elementor-lightbox-title=\"Petra_Peti_504_web\" data-e-action-hash=\"#elementor-action%3Aaction%3Dlightbox%26settings%3DeyJpZCI6Njc5OTIwMywidXJsIjoiaHR0cHM6XC9cL2xlZ3N6ZWJiZXNrdXZvLmh1XC93cC1jb250ZW50XC91cGxvYWRzXC8yMDI0XC8wMlwvUGV0cmFfUGV0aV81MDRfd2ViLmpwZyIsInNsaWRlc2hvdyI6IjVlNWExZWUifQ%3D%3D\">\n\t\t\t\t\t<div class=\"e-gallery-image elementor-gallery-item__image\" data-thumbnail=\"https:\/\/legszebbeskuvo.hu\/wp-content\/uploads\/2024\/02\/Petra_Peti_504_web-700x466.jpg\" data-width=\"700\" data-height=\"466\" aria-label=\"\" role=\"img\" ><\/div>\n\t\t\t\t\t\t\t\t\t\t\t<div class=\"elementor-gallery-item__overlay\"><\/div>\n\t\t\t\t\t\t\t\t\t\t\t\t\t\t<\/a>\n\t\t\t\t\t\t\t<a class=\"e-gallery-item elementor-gallery-item elementor-animated-content\" href=\"https:\/\/legszebbeskuvo.hu\/wp-content\/uploads\/2024\/02\/Petra_Peti_294_web.jpg\" data-elementor-open-lightbox=\"yes\" data-elementor-lightbox-slideshow=\"5e5a1ee\" data-elementor-lightbox-title=\"Petra_Peti_294_web\" data-e-action-hash=\"#elementor-action%3Aaction%3Dlightbox%26settings%3DeyJpZCI6Njc5OTE5OSwidXJsIjoiaHR0cHM6XC9cL2xlZ3N6ZWJiZXNrdXZvLmh1XC93cC1jb250ZW50XC91cGxvYWRzXC8yMDI0XC8wMlwvUGV0cmFfUGV0aV8yOTRfd2ViLmpwZyIsInNsaWRlc2hvdyI6IjVlNWExZWUifQ%3D%3D\">\n\t\t\t\t\t<div class=\"e-gallery-image elementor-gallery-item__image\" data-thumbnail=\"https:\/\/legszebbeskuvo.hu\/wp-content\/uploads\/2024\/02\/Petra_Peti_294_web-467x700.jpg\" data-width=\"467\" data-height=\"700\" aria-label=\"\" role=\"img\" ><\/div>\n\t\t\t\t\t\t\t\t\t\t\t<div class=\"elementor-gallery-item__overlay\"><\/div>\n\t\t\t\t\t\t\t\t\t\t\t\t\t\t<\/a>\n\t\t\t\t\t\t\t<a class=\"e-gallery-item elementor-gallery-item elementor-animated-content\" href=\"https:\/\/legszebbeskuvo.hu\/wp-content\/uploads\/2024\/02\/Petra_Peti_158_web.jpg\" data-elementor-open-lightbox=\"yes\" data-elementor-lightbox-slideshow=\"5e5a1ee\" data-elementor-lightbox-title=\"Petra_Peti_158_web\" data-e-action-hash=\"#elementor-action%3Aaction%3Dlightbox%26settings%3DeyJpZCI6Njc5OTE5NywidXJsIjoiaHR0cHM6XC9cL2xlZ3N6ZWJiZXNrdXZvLmh1XC93cC1jb250ZW50XC91cGxvYWRzXC8yMDI0XC8wMlwvUGV0cmFfUGV0aV8xNThfd2ViLmpwZyIsInNsaWRlc2hvdyI6IjVlNWExZWUifQ%3D%3D\">\n\t\t\t\t\t<div class=\"e-gallery-image elementor-gallery-item__image\" data-thumbnail=\"https:\/\/legszebbeskuvo.hu\/wp-content\/uploads\/2024\/02\/Petra_Peti_158_web-700x466.jpg\" data-width=\"700\" data-height=\"466\" aria-label=\"\" role=\"img\" ><\/div>\n\t\t\t\t\t\t\t\t\t\t\t<div class=\"elementor-gallery-item__overlay\"><\/div>\n\t\t\t\t\t\t\t\t\t\t\t\t\t\t<\/a>\n\t\t\t\t\t\t\t<a class=\"e-gallery-item elementor-gallery-item elementor-animated-content\" href=\"https:\/\/legszebbeskuvo.hu\/wp-content\/uploads\/2024\/02\/Petra_Peti_054_web.jpg\" data-elementor-open-lightbox=\"yes\" data-elementor-lightbox-slideshow=\"5e5a1ee\" data-elementor-lightbox-title=\"Petra_Peti_054_web\" data-e-action-hash=\"#elementor-action%3Aaction%3Dlightbox%26settings%3DeyJpZCI6Njc5OTE5MiwidXJsIjoiaHR0cHM6XC9cL2xlZ3N6ZWJiZXNrdXZvLmh1XC93cC1jb250ZW50XC91cGxvYWRzXC8yMDI0XC8wMlwvUGV0cmFfUGV0aV8wNTRfd2ViLmpwZyIsInNsaWRlc2hvdyI6IjVlNWExZWUifQ%3D%3D\">\n\t\t\t\t\t<div class=\"e-gallery-image elementor-gallery-item__image\" data-thumbnail=\"https:\/\/legszebbeskuvo.hu\/wp-content\/uploads\/2024\/02\/Petra_Peti_054_web-467x700.jpg\" data-width=\"467\" data-height=\"700\" aria-label=\"\" role=\"img\" ><\/div>\n\t\t\t\t\t\t\t\t\t\t\t<div class=\"elementor-gallery-item__overlay\"><\/div>\n\t\t\t\t\t\t\t\t\t\t\t\t\t\t<\/a>\n\t\t\t\t\t\t\t<a class=\"e-gallery-item elementor-gallery-item elementor-animated-content\" href=\"https:\/\/legszebbeskuvo.hu\/wp-content\/uploads\/2024\/02\/Petra_Peti_118_web.jpg\" data-elementor-open-lightbox=\"yes\" data-elementor-lightbox-slideshow=\"5e5a1ee\" data-elementor-lightbox-title=\"Petra_Peti_118_web\" data-e-action-hash=\"#elementor-action%3Aaction%3Dlightbox%26settings%3DeyJpZCI6Njc5OTE5NCwidXJsIjoiaHR0cHM6XC9cL2xlZ3N6ZWJiZXNrdXZvLmh1XC93cC1jb250ZW50XC91cGxvYWRzXC8yMDI0XC8wMlwvUGV0cmFfUGV0aV8xMThfd2ViLmpwZyIsInNsaWRlc2hvdyI6IjVlNWExZWUifQ%3D%3D\">\n\t\t\t\t\t<div class=\"e-gallery-image elementor-gallery-item__image\" data-thumbnail=\"https:\/\/legszebbeskuvo.hu\/wp-content\/uploads\/2024\/02\/Petra_Peti_118_web-467x700.jpg\" data-width=\"467\" data-height=\"700\" aria-label=\"\" role=\"img\" ><\/div>\n\t\t\t\t\t\t\t\t\t\t\t<div class=\"elementor-gallery-item__overlay\"><\/div>\n\t\t\t\t\t\t\t\t\t\t\t\t\t\t<\/a>\n\t\t\t\t\t\t\t<a class=\"e-gallery-item elementor-gallery-item elementor-animated-content\" href=\"https:\/\/legszebbeskuvo.hu\/wp-content\/uploads\/2024\/02\/Petra_Peti_033_web.jpg\" data-elementor-open-lightbox=\"yes\" data-elementor-lightbox-slideshow=\"5e5a1ee\" data-elementor-lightbox-title=\"Petra_Peti_033_web\" data-e-action-hash=\"#elementor-action%3Aaction%3Dlightbox%26settings%3DeyJpZCI6Njc5OTE4OCwidXJsIjoiaHR0cHM6XC9cL2xlZ3N6ZWJiZXNrdXZvLmh1XC93cC1jb250ZW50XC91cGxvYWRzXC8yMDI0XC8wMlwvUGV0cmFfUGV0aV8wMzNfd2ViLmpwZyIsInNsaWRlc2hvdyI6IjVlNWExZWUifQ%3D%3D\">\n\t\t\t\t\t<div class=\"e-gallery-image elementor-gallery-item__image\" data-thumbnail=\"https:\/\/legszebbeskuvo.hu\/wp-content\/uploads\/2024\/02\/Petra_Peti_033_web-467x700.jpg\" data-width=\"467\" data-height=\"700\" aria-label=\"\" role=\"img\" ><\/div>\n\t\t\t\t\t\t\t\t\t\t\t<div class=\"elementor-gallery-item__overlay\"><\/div>\n\t\t\t\t\t\t\t\t\t\t\t\t\t\t<\/a>\n\t\t\t\t\t<\/div>\n\t\t\t\t\t<\/div>\n\t\t\t\t<\/div>\n\t\t\t\t\t<\/div>\n\t\t\t\t<\/div>\n\t\t\t\t<\/div>","protected":false},"excerpt":{"rendered":"","protected":false},"author":5,"featured_media":6799195,"parent":0,"menu_order":0,"comment_status":"closed","ping_status":"closed","template":"","meta":{"footnotes":""},"class_list":["post-6799184","page","type-page","status-publish","has-post-thumbnail","hentry"],"yoast_head":"<!-- This site is optimized with the Yoast SEO plugin v27.3 - https:\/\/yoast.com\/product\/yoast-seo-wordpress\/ -->\n<title>P&amp;P esk\u00fcv\u0151je - Legszebb esk\u00fcv\u0151 esk\u00fcv\u0151szervez\u00e9s<\/title>\n<meta name=\"robots\" content=\"index, follow, max-snippet:-1, max-image-preview:large, max-video-preview:-1\" \/>\n<link rel=\"canonical\" href=\"https:\/\/legszebbeskuvo.hu\/en\/pp-wedding\/\" \/>\n<meta property=\"og:locale\" content=\"en_GB\" \/>\n<meta property=\"og:type\" content=\"article\" \/>\n<meta property=\"og:title\" content=\"P&amp;P esk\u00fcv\u0151je - Legszebb esk\u00fcv\u0151 esk\u00fcv\u0151szervez\u00e9s\" \/>\n<meta property=\"og:url\" content=\"https:\/\/legszebbeskuvo.hu\/en\/pp-wedding\/\" \/>\n<meta property=\"og:site_name\" content=\"Legszebb esk\u00fcv\u0151 esk\u00fcv\u0151szervez\u00e9s\" \/>\n<meta property=\"article:modified_time\" content=\"2026-03-10T16:59:38+00:00\" \/>\n<meta property=\"og:image\" content=\"https:\/\/legszebbeskuvo.hu\/wp-content\/uploads\/2024\/02\/Petra_Peti_124_web.jpg\" \/>\n\t<meta property=\"og:image:width\" content=\"800\" \/>\n\t<meta property=\"og:image:height\" content=\"533\" \/>\n\t<meta property=\"og:image:type\" content=\"image\/jpeg\" \/>\n<meta name=\"twitter:card\" content=\"summary_large_image\" \/>\n<script type=\"application\/ld+json\" class=\"yoast-schema-graph\">{\"@context\":\"https:\\\/\\\/schema.org\",\"@graph\":[{\"@type\":\"WebPage\",\"@id\":\"https:\\\/\\\/legszebbeskuvo.hu\\\/pp-eskuvoje\\\/\",\"url\":\"https:\\\/\\\/legszebbeskuvo.hu\\\/pp-eskuvoje\\\/\",\"name\":\"P&P esk\u00fcv\u0151je - Legszebb esk\u00fcv\u0151 esk\u00fcv\u0151szervez\u00e9s\",\"isPartOf\":{\"@id\":\"https:\\\/\\\/legszebbeskuvo.hu\\\/#website\"},\"primaryImageOfPage\":{\"@id\":\"https:\\\/\\\/legszebbeskuvo.hu\\\/pp-eskuvoje\\\/#primaryimage\"},\"image\":{\"@id\":\"https:\\\/\\\/legszebbeskuvo.hu\\\/pp-eskuvoje\\\/#primaryimage\"},\"thumbnailUrl\":\"https:\\\/\\\/legszebbeskuvo.hu\\\/wp-content\\\/uploads\\\/2024\\\/02\\\/Petra_Peti_124_web.jpg\",\"datePublished\":\"2024-02-23T13:13:29+00:00\",\"dateModified\":\"2026-03-10T16:59:38+00:00\",\"breadcrumb\":{\"@id\":\"https:\\\/\\\/legszebbeskuvo.hu\\\/pp-eskuvoje\\\/#breadcrumb\"},\"inLanguage\":\"en-GB\",\"potentialAction\":[{\"@type\":\"ReadAction\",\"target\":[\"https:\\\/\\\/legszebbeskuvo.hu\\\/pp-eskuvoje\\\/\"]}]},{\"@type\":\"ImageObject\",\"inLanguage\":\"en-GB\",\"@id\":\"https:\\\/\\\/legszebbeskuvo.hu\\\/pp-eskuvoje\\\/#primaryimage\",\"url\":\"https:\\\/\\\/legszebbeskuvo.hu\\\/wp-content\\\/uploads\\\/2024\\\/02\\\/Petra_Peti_124_web.jpg\",\"contentUrl\":\"https:\\\/\\\/legszebbeskuvo.hu\\\/wp-content\\\/uploads\\\/2024\\\/02\\\/Petra_Peti_124_web.jpg\",\"width\":800,\"height\":533},{\"@type\":\"BreadcrumbList\",\"@id\":\"https:\\\/\\\/legszebbeskuvo.hu\\\/pp-eskuvoje\\\/#breadcrumb\",\"itemListElement\":[{\"@type\":\"ListItem\",\"position\":1,\"name\":\"Home\",\"item\":\"https:\\\/\\\/legszebbeskuvo.hu\\\/\"},{\"@type\":\"ListItem\",\"position\":2,\"name\":\"P&#038;P esk\u00fcv\u0151je\"}]},{\"@type\":\"WebSite\",\"@id\":\"https:\\\/\\\/legszebbeskuvo.hu\\\/#website\",\"url\":\"https:\\\/\\\/legszebbeskuvo.hu\\\/\",\"name\":\"Legszebb esk\u00fcv\u0151 esk\u00fcv\u0151szervez\u00e9s\",\"description\":\"Esk\u00fcv\u0151szervez\u00e9s sz\u00edvvel-l\u00e9lekkel\",\"potentialAction\":[{\"@type\":\"SearchAction\",\"target\":{\"@type\":\"EntryPoint\",\"urlTemplate\":\"https:\\\/\\\/legszebbeskuvo.hu\\\/?s={search_term_string}\"},\"query-input\":{\"@type\":\"PropertyValueSpecification\",\"valueRequired\":true,\"valueName\":\"search_term_string\"}}],\"inLanguage\":\"en-GB\"}]}<\/script>\n<!-- \/ Yoast SEO plugin. -->","yoast_head_json":{"title":"P&P esk\u00fcv\u0151je - Legszebb esk\u00fcv\u0151 esk\u00fcv\u0151szervez\u00e9s","robots":{"index":"index","follow":"follow","max-snippet":"max-snippet:-1","max-image-preview":"max-image-preview:large","max-video-preview":"max-video-preview:-1"},"canonical":"https:\/\/legszebbeskuvo.hu\/en\/pp-wedding\/","og_locale":"en_GB","og_type":"article","og_title":"P&P esk\u00fcv\u0151je - Legszebb esk\u00fcv\u0151 esk\u00fcv\u0151szervez\u00e9s","og_url":"https:\/\/legszebbeskuvo.hu\/en\/pp-wedding\/","og_site_name":"Legszebb esk\u00fcv\u0151 esk\u00fcv\u0151szervez\u00e9s","article_modified_time":"2026-03-10T16:59:38+00:00","og_image":[{"width":800,"height":533,"url":"https:\/\/legszebbeskuvo.hu\/wp-content\/uploads\/2024\/02\/Petra_Peti_124_web.jpg","type":"image\/jpeg"}],"twitter_card":"summary_large_image","schema":{"@context":"https:\/\/schema.org","@graph":[{"@type":"WebPage","@id":"https:\/\/legszebbeskuvo.hu\/pp-eskuvoje\/","url":"https:\/\/legszebbeskuvo.hu\/pp-eskuvoje\/","name":"P&P esk\u00fcv\u0151je - Legszebb esk\u00fcv\u0151 esk\u00fcv\u0151szervez\u00e9s","isPartOf":{"@id":"https:\/\/legszebbeskuvo.hu\/#website"},"primaryImageOfPage":{"@id":"https:\/\/legszebbeskuvo.hu\/pp-eskuvoje\/#primaryimage"},"image":{"@id":"https:\/\/legszebbeskuvo.hu\/pp-eskuvoje\/#primaryimage"},"thumbnailUrl":"https:\/\/legszebbeskuvo.hu\/wp-content\/uploads\/2024\/02\/Petra_Peti_124_web.jpg","datePublished":"2024-02-23T13:13:29+00:00","dateModified":"2026-03-10T16:59:38+00:00","breadcrumb":{"@id":"https:\/\/legszebbeskuvo.hu\/pp-eskuvoje\/#breadcrumb"},"inLanguage":"en-GB","potentialAction":[{"@type":"ReadAction","target":["https:\/\/legszebbeskuvo.hu\/pp-eskuvoje\/"]}]},{"@type":"ImageObject","inLanguage":"en-GB","@id":"https:\/\/legszebbeskuvo.hu\/pp-eskuvoje\/#primaryimage","url":"https:\/\/legszebbeskuvo.hu\/wp-content\/uploads\/2024\/02\/Petra_Peti_124_web.jpg","contentUrl":"https:\/\/legszebbeskuvo.hu\/wp-content\/uploads\/2024\/02\/Petra_Peti_124_web.jpg","width":800,"height":533},{"@type":"BreadcrumbList","@id":"https:\/\/legszebbeskuvo.hu\/pp-eskuvoje\/#breadcrumb","itemListElement":[{"@type":"ListItem","position":1,"name":"Home","item":"https:\/\/legszebbeskuvo.hu\/"},{"@type":"ListItem","position":2,"name":"P&#038;P esk\u00fcv\u0151je"}]},{"@type":"WebSite","@id":"https:\/\/legszebbeskuvo.hu\/#website","url":"https:\/\/legszebbeskuvo.hu\/","name":"Legszebb esk\u00fcv\u0151 Wedding Planning","description":"Esk\u00fcv\u0151szervez\u00e9s sz\u00edvvel-l\u00e9lekkel","potentialAction":[{"@type":"SearchAction","target":{"@type":"EntryPoint","urlTemplate":"https:\/\/legszebbeskuvo.hu\/?s={search_term_string}"},"query-input":{"@type":"PropertyValueSpecification","valueRequired":true,"valueName":"search_term_string"}}],"inLanguage":"en-GB"}]}},"_links":{"self":[{"href":"https:\/\/legszebbeskuvo.hu\/en\/wp-json\/wp\/v2\/pages\/6799184","targetHints":{"allow":["GET"]}}],"collection":[{"href":"https:\/\/legszebbeskuvo.hu\/en\/wp-json\/wp\/v2\/pages"}],"about":[{"href":"https:\/\/legszebbeskuvo.hu\/en\/wp-json\/wp\/v2\/types\/page"}],"author":[{"embeddable":true,"href":"https:\/\/legszebbeskuvo.hu\/en\/wp-json\/wp\/v2\/users\/5"}],"replies":[{"embeddable":true,"href":"https:\/\/legszebbeskuvo.hu\/en\/wp-json\/wp\/v2\/comments?post=6799184"}],"version-history":[{"count":3,"href":"https:\/\/legszebbeskuvo.hu\/en\/wp-json\/wp\/v2\/pages\/6799184\/revisions"}],"predecessor-version":[{"id":6800140,"href":"https:\/\/legszebbeskuvo.hu\/en\/wp-json\/wp\/v2\/pages\/6799184\/revisions\/6800140"}],"wp:featuredmedia":[{"embeddable":true,"href":"https:\/\/legszebbeskuvo.hu\/en\/wp-json\/wp\/v2\/media\/6799195"}],"wp:attachment":[{"href":"https:\/\/legszebbeskuvo.hu\/en\/wp-json\/wp\/v2\/media?parent=6799184"}],"curies":[{"name":"wp","href":"https:\/\/api.w.org\/{rel}","templated":true}]}}