{"id":6798595,"date":"2021-03-12T17:22:55","date_gmt":"2021-03-12T16:22:55","guid":{"rendered":"https:\/\/legszebbeskuvo.hu\/?page_id=6798595"},"modified":"2024-02-21T20:37:50","modified_gmt":"2024-02-21T19:37:50","slug":"rl-eskuvoje","status":"publish","type":"page","link":"https:\/\/legszebbeskuvo.hu\/en\/rl-eskuvoje\/","title":{"rendered":"R&#038;L esk\u00fcv\u0151je"},"content":{"rendered":"<div data-elementor-type=\"wp-post\" data-elementor-id=\"6798595\" class=\"elementor elementor-6798595\" data-elementor-post-type=\"page\">\n\t\t\t\t\t\t<section class=\"elementor-section elementor-top-section elementor-element elementor-element-520a000 elementor-section-boxed elementor-section-height-default elementor-section-height-default\" data-id=\"520a000\" data-element_type=\"section\" data-e-type=\"section\">\n\t\t\t\t\t\t<div class=\"elementor-container elementor-column-gap-default\">\n\t\t\t\t\t<div class=\"elementor-column elementor-col-100 elementor-top-column elementor-element elementor-element-58969f9\" data-id=\"58969f9\" data-element_type=\"column\" data-e-type=\"column\">\n\t\t\t<div class=\"elementor-widget-wrap elementor-element-populated\">\n\t\t\t\t\t\t<div class=\"elementor-element elementor-element-c71d959 elementor-widget elementor-widget-image-gallery\" data-id=\"c71d959\" data-element_type=\"widget\" data-e-type=\"widget\" data-widget_type=\"image-gallery.default\">\n\t\t\t\t<div class=\"elementor-widget-container\">\n\t\t\t\t\t\t\t<div class=\"elementor-image-gallery\">\n\t\t\t<div id='gallery-1' class='gallery galleryid-6798595 gallery-columns-3 gallery-size-medium_large'><figure class='gallery-item'>\n\t\t\t<div class='gallery-icon landscape'>\n\t\t\t\t<a data-elementor-open-lightbox=\"yes\" data-elementor-lightbox-slideshow=\"c71d959\" data-elementor-lightbox-title=\"Reni&amp;Laci-3\" data-e-action-hash=\"#elementor-action%3Aaction%3Dlightbox%26settings%3DeyJpZCI6Njc5ODU5NywidXJsIjoiaHR0cHM6XC9cL2xlZ3N6ZWJiZXNrdXZvLmh1XC93cC1jb250ZW50XC91cGxvYWRzXC8yMDIxXC8wM1wvUmVuaUxhY2ktMy5qcGciLCJzbGlkZXNob3ciOiJjNzFkOTU5In0%3D\" href='https:\/\/legszebbeskuvo.hu\/wp-content\/uploads\/2021\/03\/ReniLaci-3.jpg'><img fetchpriority=\"high\" decoding=\"async\" width=\"768\" height=\"512\" src=\"https:\/\/legszebbeskuvo.hu\/wp-content\/uploads\/2021\/03\/ReniLaci-3-768x512.jpg\" class=\"attachment-medium_large size-medium_large\" alt=\"\" srcset=\"https:\/\/legszebbeskuvo.hu\/wp-content\/uploads\/2021\/03\/ReniLaci-3-768x512.jpg 768w, https:\/\/legszebbeskuvo.hu\/wp-content\/uploads\/2021\/03\/ReniLaci-3-300x200.jpg 300w, https:\/\/legszebbeskuvo.hu\/wp-content\/uploads\/2021\/03\/ReniLaci-3.jpg 1024w, https:\/\/legszebbeskuvo.hu\/wp-content\/uploads\/2021\/03\/ReniLaci-3-830x554.jpg 830w, https:\/\/legszebbeskuvo.hu\/wp-content\/uploads\/2021\/03\/ReniLaci-3-230x153.jpg 230w, https:\/\/legszebbeskuvo.hu\/wp-content\/uploads\/2021\/03\/ReniLaci-3-350x233.jpg 350w, https:\/\/legszebbeskuvo.hu\/wp-content\/uploads\/2021\/03\/ReniLaci-3-480x320.jpg 480w\" sizes=\"(max-width: 768px) 100vw, 768px\" \/><\/a>\n\t\t\t<\/div><\/figure><figure class='gallery-item'>\n\t\t\t<div class='gallery-icon landscape'>\n\t\t\t\t<a data-elementor-open-lightbox=\"yes\" data-elementor-lightbox-slideshow=\"c71d959\" data-elementor-lightbox-title=\"Reni&amp;Laci-4\" data-e-action-hash=\"#elementor-action%3Aaction%3Dlightbox%26settings%3DeyJpZCI6Njc5ODU5OCwidXJsIjoiaHR0cHM6XC9cL2xlZ3N6ZWJiZXNrdXZvLmh1XC93cC1jb250ZW50XC91cGxvYWRzXC8yMDIxXC8wM1wvUmVuaUxhY2ktNC5qcGciLCJzbGlkZXNob3ciOiJjNzFkOTU5In0%3D\" href='https:\/\/legszebbeskuvo.hu\/wp-content\/uploads\/2021\/03\/ReniLaci-4.jpg'><img decoding=\"async\" width=\"768\" height=\"512\" src=\"https:\/\/legszebbeskuvo.hu\/wp-content\/uploads\/2021\/03\/ReniLaci-4-768x512.jpg\" class=\"attachment-medium_large size-medium_large\" alt=\"\" srcset=\"https:\/\/legszebbeskuvo.hu\/wp-content\/uploads\/2021\/03\/ReniLaci-4-768x512.jpg 768w, https:\/\/legszebbeskuvo.hu\/wp-content\/uploads\/2021\/03\/ReniLaci-4-300x200.jpg 300w, https:\/\/legszebbeskuvo.hu\/wp-content\/uploads\/2021\/03\/ReniLaci-4.jpg 1024w, https:\/\/legszebbeskuvo.hu\/wp-content\/uploads\/2021\/03\/ReniLaci-4-830x554.jpg 830w, https:\/\/legszebbeskuvo.hu\/wp-content\/uploads\/2021\/03\/ReniLaci-4-230x153.jpg 230w, https:\/\/legszebbeskuvo.hu\/wp-content\/uploads\/2021\/03\/ReniLaci-4-350x233.jpg 350w, https:\/\/legszebbeskuvo.hu\/wp-content\/uploads\/2021\/03\/ReniLaci-4-480x320.jpg 480w\" sizes=\"(max-width: 768px) 100vw, 768px\" \/><\/a>\n\t\t\t<\/div><\/figure><figure class='gallery-item'>\n\t\t\t<div class='gallery-icon landscape'>\n\t\t\t\t<a data-elementor-open-lightbox=\"yes\" data-elementor-lightbox-slideshow=\"c71d959\" data-elementor-lightbox-title=\"Reni&amp;Laci-19\" data-e-action-hash=\"#elementor-action%3Aaction%3Dlightbox%26settings%3DeyJpZCI6Njc5ODU5OSwidXJsIjoiaHR0cHM6XC9cL2xlZ3N6ZWJiZXNrdXZvLmh1XC93cC1jb250ZW50XC91cGxvYWRzXC8yMDIxXC8wM1wvUmVuaUxhY2ktMTkuanBnIiwic2xpZGVzaG93IjoiYzcxZDk1OSJ9\" href='https:\/\/legszebbeskuvo.hu\/wp-content\/uploads\/2021\/03\/ReniLaci-19.jpg'><img decoding=\"async\" width=\"768\" height=\"512\" src=\"https:\/\/legszebbeskuvo.hu\/wp-content\/uploads\/2021\/03\/ReniLaci-19-768x512.jpg\" class=\"attachment-medium_large size-medium_large\" alt=\"\" srcset=\"https:\/\/legszebbeskuvo.hu\/wp-content\/uploads\/2021\/03\/ReniLaci-19-768x512.jpg 768w, https:\/\/legszebbeskuvo.hu\/wp-content\/uploads\/2021\/03\/ReniLaci-19-300x200.jpg 300w, https:\/\/legszebbeskuvo.hu\/wp-content\/uploads\/2021\/03\/ReniLaci-19.jpg 1024w, https:\/\/legszebbeskuvo.hu\/wp-content\/uploads\/2021\/03\/ReniLaci-19-830x554.jpg 830w, https:\/\/legszebbeskuvo.hu\/wp-content\/uploads\/2021\/03\/ReniLaci-19-230x153.jpg 230w, https:\/\/legszebbeskuvo.hu\/wp-content\/uploads\/2021\/03\/ReniLaci-19-350x233.jpg 350w, https:\/\/legszebbeskuvo.hu\/wp-content\/uploads\/2021\/03\/ReniLaci-19-480x320.jpg 480w\" sizes=\"(max-width: 768px) 100vw, 768px\" \/><\/a>\n\t\t\t<\/div><\/figure><figure class='gallery-item'>\n\t\t\t<div class='gallery-icon landscape'>\n\t\t\t\t<a data-elementor-open-lightbox=\"yes\" data-elementor-lightbox-slideshow=\"c71d959\" data-elementor-lightbox-title=\"Reni&amp;Laci-29\" data-e-action-hash=\"#elementor-action%3Aaction%3Dlightbox%26settings%3DeyJpZCI6Njc5ODYwMCwidXJsIjoiaHR0cHM6XC9cL2xlZ3N6ZWJiZXNrdXZvLmh1XC93cC1jb250ZW50XC91cGxvYWRzXC8yMDIxXC8wM1wvUmVuaUxhY2ktMjkuanBnIiwic2xpZGVzaG93IjoiYzcxZDk1OSJ9\" href='https:\/\/legszebbeskuvo.hu\/wp-content\/uploads\/2021\/03\/ReniLaci-29.jpg'><img loading=\"lazy\" decoding=\"async\" width=\"768\" height=\"512\" src=\"https:\/\/legszebbeskuvo.hu\/wp-content\/uploads\/2021\/03\/ReniLaci-29-768x512.jpg\" class=\"attachment-medium_large size-medium_large\" alt=\"\" srcset=\"https:\/\/legszebbeskuvo.hu\/wp-content\/uploads\/2021\/03\/ReniLaci-29-768x512.jpg 768w, https:\/\/legszebbeskuvo.hu\/wp-content\/uploads\/2021\/03\/ReniLaci-29-300x200.jpg 300w, https:\/\/legszebbeskuvo.hu\/wp-content\/uploads\/2021\/03\/ReniLaci-29.jpg 1024w, https:\/\/legszebbeskuvo.hu\/wp-content\/uploads\/2021\/03\/ReniLaci-29-830x554.jpg 830w, https:\/\/legszebbeskuvo.hu\/wp-content\/uploads\/2021\/03\/ReniLaci-29-230x153.jpg 230w, https:\/\/legszebbeskuvo.hu\/wp-content\/uploads\/2021\/03\/ReniLaci-29-350x233.jpg 350w, https:\/\/legszebbeskuvo.hu\/wp-content\/uploads\/2021\/03\/ReniLaci-29-480x320.jpg 480w\" sizes=\"(max-width: 768px) 100vw, 768px\" \/><\/a>\n\t\t\t<\/div><\/figure><figure class='gallery-item'>\n\t\t\t<div class='gallery-icon landscape'>\n\t\t\t\t<a data-elementor-open-lightbox=\"yes\" data-elementor-lightbox-slideshow=\"c71d959\" data-elementor-lightbox-title=\"Reni&amp;Laci-275\" data-e-action-hash=\"#elementor-action%3Aaction%3Dlightbox%26settings%3DeyJpZCI6Njc5ODYwMSwidXJsIjoiaHR0cHM6XC9cL2xlZ3N6ZWJiZXNrdXZvLmh1XC93cC1jb250ZW50XC91cGxvYWRzXC8yMDIxXC8wM1wvUmVuaUxhY2ktMjc1LmpwZyIsInNsaWRlc2hvdyI6ImM3MWQ5NTkifQ%3D%3D\" href='https:\/\/legszebbeskuvo.hu\/wp-content\/uploads\/2021\/03\/ReniLaci-275.jpg'><img loading=\"lazy\" decoding=\"async\" width=\"768\" height=\"512\" src=\"https:\/\/legszebbeskuvo.hu\/wp-content\/uploads\/2021\/03\/ReniLaci-275-768x512.jpg\" class=\"attachment-medium_large size-medium_large\" alt=\"\" srcset=\"https:\/\/legszebbeskuvo.hu\/wp-content\/uploads\/2021\/03\/ReniLaci-275-768x512.jpg 768w, https:\/\/legszebbeskuvo.hu\/wp-content\/uploads\/2021\/03\/ReniLaci-275-300x200.jpg 300w, https:\/\/legszebbeskuvo.hu\/wp-content\/uploads\/2021\/03\/ReniLaci-275.jpg 1024w, https:\/\/legszebbeskuvo.hu\/wp-content\/uploads\/2021\/03\/ReniLaci-275-830x554.jpg 830w, https:\/\/legszebbeskuvo.hu\/wp-content\/uploads\/2021\/03\/ReniLaci-275-230x153.jpg 230w, https:\/\/legszebbeskuvo.hu\/wp-content\/uploads\/2021\/03\/ReniLaci-275-350x233.jpg 350w, https:\/\/legszebbeskuvo.hu\/wp-content\/uploads\/2021\/03\/ReniLaci-275-480x320.jpg 480w\" sizes=\"(max-width: 768px) 100vw, 768px\" \/><\/a>\n\t\t\t<\/div><\/figure><figure class='gallery-item'>\n\t\t\t<div class='gallery-icon landscape'>\n\t\t\t\t<a data-elementor-open-lightbox=\"yes\" data-elementor-lightbox-slideshow=\"c71d959\" data-elementor-lightbox-title=\"Reni&amp;Laci-311\" data-e-action-hash=\"#elementor-action%3Aaction%3Dlightbox%26settings%3DeyJpZCI6Njc5ODYwMiwidXJsIjoiaHR0cHM6XC9cL2xlZ3N6ZWJiZXNrdXZvLmh1XC93cC1jb250ZW50XC91cGxvYWRzXC8yMDIxXC8wM1wvUmVuaUxhY2ktMzExLmpwZyIsInNsaWRlc2hvdyI6ImM3MWQ5NTkifQ%3D%3D\" href='https:\/\/legszebbeskuvo.hu\/wp-content\/uploads\/2021\/03\/ReniLaci-311.jpg'><img loading=\"lazy\" decoding=\"async\" width=\"768\" height=\"512\" src=\"https:\/\/legszebbeskuvo.hu\/wp-content\/uploads\/2021\/03\/ReniLaci-311-768x512.jpg\" class=\"attachment-medium_large size-medium_large\" alt=\"\" srcset=\"https:\/\/legszebbeskuvo.hu\/wp-content\/uploads\/2021\/03\/ReniLaci-311-768x512.jpg 768w, https:\/\/legszebbeskuvo.hu\/wp-content\/uploads\/2021\/03\/ReniLaci-311-300x200.jpg 300w, https:\/\/legszebbeskuvo.hu\/wp-content\/uploads\/2021\/03\/ReniLaci-311.jpg 1024w, https:\/\/legszebbeskuvo.hu\/wp-content\/uploads\/2021\/03\/ReniLaci-311-830x554.jpg 830w, https:\/\/legszebbeskuvo.hu\/wp-content\/uploads\/2021\/03\/ReniLaci-311-230x153.jpg 230w, https:\/\/legszebbeskuvo.hu\/wp-content\/uploads\/2021\/03\/ReniLaci-311-350x233.jpg 350w, https:\/\/legszebbeskuvo.hu\/wp-content\/uploads\/2021\/03\/ReniLaci-311-480x320.jpg 480w\" sizes=\"(max-width: 768px) 100vw, 768px\" \/><\/a>\n\t\t\t<\/div><\/figure><figure class='gallery-item'>\n\t\t\t<div class='gallery-icon landscape'>\n\t\t\t\t<a data-elementor-open-lightbox=\"yes\" data-elementor-lightbox-slideshow=\"c71d959\" data-elementor-lightbox-title=\"Reni&amp;Laci-327\" data-e-action-hash=\"#elementor-action%3Aaction%3Dlightbox%26settings%3DeyJpZCI6Njc5ODYwMywidXJsIjoiaHR0cHM6XC9cL2xlZ3N6ZWJiZXNrdXZvLmh1XC93cC1jb250ZW50XC91cGxvYWRzXC8yMDIxXC8wM1wvUmVuaUxhY2ktMzI3LmpwZyIsInNsaWRlc2hvdyI6ImM3MWQ5NTkifQ%3D%3D\" href='https:\/\/legszebbeskuvo.hu\/wp-content\/uploads\/2021\/03\/ReniLaci-327.jpg'><img loading=\"lazy\" decoding=\"async\" width=\"768\" height=\"512\" src=\"https:\/\/legszebbeskuvo.hu\/wp-content\/uploads\/2021\/03\/ReniLaci-327-768x512.jpg\" class=\"attachment-medium_large size-medium_large\" alt=\"\" srcset=\"https:\/\/legszebbeskuvo.hu\/wp-content\/uploads\/2021\/03\/ReniLaci-327-768x512.jpg 768w, https:\/\/legszebbeskuvo.hu\/wp-content\/uploads\/2021\/03\/ReniLaci-327-300x200.jpg 300w, https:\/\/legszebbeskuvo.hu\/wp-content\/uploads\/2021\/03\/ReniLaci-327.jpg 1024w, https:\/\/legszebbeskuvo.hu\/wp-content\/uploads\/2021\/03\/ReniLaci-327-830x554.jpg 830w, https:\/\/legszebbeskuvo.hu\/wp-content\/uploads\/2021\/03\/ReniLaci-327-230x153.jpg 230w, https:\/\/legszebbeskuvo.hu\/wp-content\/uploads\/2021\/03\/ReniLaci-327-350x233.jpg 350w, https:\/\/legszebbeskuvo.hu\/wp-content\/uploads\/2021\/03\/ReniLaci-327-480x320.jpg 480w\" sizes=\"(max-width: 768px) 100vw, 768px\" \/><\/a>\n\t\t\t<\/div><\/figure><figure class='gallery-item'>\n\t\t\t<div class='gallery-icon landscape'>\n\t\t\t\t<a data-elementor-open-lightbox=\"yes\" data-elementor-lightbox-slideshow=\"c71d959\" data-elementor-lightbox-title=\"Reni&amp;Laci-330\" data-e-action-hash=\"#elementor-action%3Aaction%3Dlightbox%26settings%3DeyJpZCI6Njc5ODYwNCwidXJsIjoiaHR0cHM6XC9cL2xlZ3N6ZWJiZXNrdXZvLmh1XC93cC1jb250ZW50XC91cGxvYWRzXC8yMDIxXC8wM1wvUmVuaUxhY2ktMzMwLmpwZyIsInNsaWRlc2hvdyI6ImM3MWQ5NTkifQ%3D%3D\" href='https:\/\/legszebbeskuvo.hu\/wp-content\/uploads\/2021\/03\/ReniLaci-330.jpg'><img loading=\"lazy\" decoding=\"async\" width=\"768\" height=\"512\" src=\"https:\/\/legszebbeskuvo.hu\/wp-content\/uploads\/2021\/03\/ReniLaci-330-768x512.jpg\" class=\"attachment-medium_large size-medium_large\" alt=\"\" srcset=\"https:\/\/legszebbeskuvo.hu\/wp-content\/uploads\/2021\/03\/ReniLaci-330-768x512.jpg 768w, https:\/\/legszebbeskuvo.hu\/wp-content\/uploads\/2021\/03\/ReniLaci-330-300x200.jpg 300w, https:\/\/legszebbeskuvo.hu\/wp-content\/uploads\/2021\/03\/ReniLaci-330.jpg 1024w, https:\/\/legszebbeskuvo.hu\/wp-content\/uploads\/2021\/03\/ReniLaci-330-830x554.jpg 830w, https:\/\/legszebbeskuvo.hu\/wp-content\/uploads\/2021\/03\/ReniLaci-330-230x153.jpg 230w, https:\/\/legszebbeskuvo.hu\/wp-content\/uploads\/2021\/03\/ReniLaci-330-350x233.jpg 350w, https:\/\/legszebbeskuvo.hu\/wp-content\/uploads\/2021\/03\/ReniLaci-330-480x320.jpg 480w\" sizes=\"(max-width: 768px) 100vw, 768px\" \/><\/a>\n\t\t\t<\/div><\/figure><figure class='gallery-item'>\n\t\t\t<div class='gallery-icon landscape'>\n\t\t\t\t<a data-elementor-open-lightbox=\"yes\" data-elementor-lightbox-slideshow=\"c71d959\" data-elementor-lightbox-title=\"Reni&amp;Laci-454\" data-e-action-hash=\"#elementor-action%3Aaction%3Dlightbox%26settings%3DeyJpZCI6Njc5ODYwNSwidXJsIjoiaHR0cHM6XC9cL2xlZ3N6ZWJiZXNrdXZvLmh1XC93cC1jb250ZW50XC91cGxvYWRzXC8yMDIxXC8wM1wvUmVuaUxhY2ktNDU0LmpwZyIsInNsaWRlc2hvdyI6ImM3MWQ5NTkifQ%3D%3D\" href='https:\/\/legszebbeskuvo.hu\/wp-content\/uploads\/2021\/03\/ReniLaci-454.jpg'><img loading=\"lazy\" decoding=\"async\" width=\"768\" height=\"512\" src=\"https:\/\/legszebbeskuvo.hu\/wp-content\/uploads\/2021\/03\/ReniLaci-454-768x512.jpg\" class=\"attachment-medium_large size-medium_large\" alt=\"\" srcset=\"https:\/\/legszebbeskuvo.hu\/wp-content\/uploads\/2021\/03\/ReniLaci-454-768x512.jpg 768w, https:\/\/legszebbeskuvo.hu\/wp-content\/uploads\/2021\/03\/ReniLaci-454-300x200.jpg 300w, https:\/\/legszebbeskuvo.hu\/wp-content\/uploads\/2021\/03\/ReniLaci-454.jpg 1024w, https:\/\/legszebbeskuvo.hu\/wp-content\/uploads\/2021\/03\/ReniLaci-454-830x554.jpg 830w, https:\/\/legszebbeskuvo.hu\/wp-content\/uploads\/2021\/03\/ReniLaci-454-230x153.jpg 230w, https:\/\/legszebbeskuvo.hu\/wp-content\/uploads\/2021\/03\/ReniLaci-454-350x233.jpg 350w, https:\/\/legszebbeskuvo.hu\/wp-content\/uploads\/2021\/03\/ReniLaci-454-480x320.jpg 480w\" sizes=\"(max-width: 768px) 100vw, 768px\" \/><\/a>\n\t\t\t<\/div><\/figure><figure class='gallery-item'>\n\t\t\t<div class='gallery-icon landscape'>\n\t\t\t\t<a data-elementor-open-lightbox=\"yes\" data-elementor-lightbox-slideshow=\"c71d959\" data-elementor-lightbox-title=\"Reni&amp;Laci-550\" data-e-action-hash=\"#elementor-action%3Aaction%3Dlightbox%26settings%3DeyJpZCI6Njc5ODYwNiwidXJsIjoiaHR0cHM6XC9cL2xlZ3N6ZWJiZXNrdXZvLmh1XC93cC1jb250ZW50XC91cGxvYWRzXC8yMDIxXC8wM1wvUmVuaUxhY2ktNTUwLmpwZyIsInNsaWRlc2hvdyI6ImM3MWQ5NTkifQ%3D%3D\" href='https:\/\/legszebbeskuvo.hu\/wp-content\/uploads\/2021\/03\/ReniLaci-550.jpg'><img loading=\"lazy\" decoding=\"async\" width=\"768\" height=\"512\" src=\"https:\/\/legszebbeskuvo.hu\/wp-content\/uploads\/2021\/03\/ReniLaci-550-768x512.jpg\" class=\"attachment-medium_large size-medium_large\" alt=\"\" srcset=\"https:\/\/legszebbeskuvo.hu\/wp-content\/uploads\/2021\/03\/ReniLaci-550-768x512.jpg 768w, https:\/\/legszebbeskuvo.hu\/wp-content\/uploads\/2021\/03\/ReniLaci-550-300x200.jpg 300w, https:\/\/legszebbeskuvo.hu\/wp-content\/uploads\/2021\/03\/ReniLaci-550.jpg 1024w, https:\/\/legszebbeskuvo.hu\/wp-content\/uploads\/2021\/03\/ReniLaci-550-830x554.jpg 830w, https:\/\/legszebbeskuvo.hu\/wp-content\/uploads\/2021\/03\/ReniLaci-550-230x153.jpg 230w, https:\/\/legszebbeskuvo.hu\/wp-content\/uploads\/2021\/03\/ReniLaci-550-350x233.jpg 350w, https:\/\/legszebbeskuvo.hu\/wp-content\/uploads\/2021\/03\/ReniLaci-550-480x320.jpg 480w\" sizes=\"(max-width: 768px) 100vw, 768px\" \/><\/a>\n\t\t\t<\/div><\/figure><figure class='gallery-item'>\n\t\t\t<div class='gallery-icon landscape'>\n\t\t\t\t<a data-elementor-open-lightbox=\"yes\" data-elementor-lightbox-slideshow=\"c71d959\" data-elementor-lightbox-title=\"Reni&amp;Laci-642\" data-e-action-hash=\"#elementor-action%3Aaction%3Dlightbox%26settings%3DeyJpZCI6Njc5ODYwNywidXJsIjoiaHR0cHM6XC9cL2xlZ3N6ZWJiZXNrdXZvLmh1XC93cC1jb250ZW50XC91cGxvYWRzXC8yMDIxXC8wM1wvUmVuaUxhY2ktNjQyLmpwZyIsInNsaWRlc2hvdyI6ImM3MWQ5NTkifQ%3D%3D\" href='https:\/\/legszebbeskuvo.hu\/wp-content\/uploads\/2021\/03\/ReniLaci-642.jpg'><img loading=\"lazy\" decoding=\"async\" width=\"768\" height=\"512\" src=\"https:\/\/legszebbeskuvo.hu\/wp-content\/uploads\/2021\/03\/ReniLaci-642-768x512.jpg\" class=\"attachment-medium_large size-medium_large\" alt=\"\" srcset=\"https:\/\/legszebbeskuvo.hu\/wp-content\/uploads\/2021\/03\/ReniLaci-642-768x512.jpg 768w, https:\/\/legszebbeskuvo.hu\/wp-content\/uploads\/2021\/03\/ReniLaci-642-300x200.jpg 300w, https:\/\/legszebbeskuvo.hu\/wp-content\/uploads\/2021\/03\/ReniLaci-642.jpg 1024w, https:\/\/legszebbeskuvo.hu\/wp-content\/uploads\/2021\/03\/ReniLaci-642-830x554.jpg 830w, https:\/\/legszebbeskuvo.hu\/wp-content\/uploads\/2021\/03\/ReniLaci-642-230x153.jpg 230w, https:\/\/legszebbeskuvo.hu\/wp-content\/uploads\/2021\/03\/ReniLaci-642-350x233.jpg 350w, https:\/\/legszebbeskuvo.hu\/wp-content\/uploads\/2021\/03\/ReniLaci-642-480x320.jpg 480w\" sizes=\"(max-width: 768px) 100vw, 768px\" \/><\/a>\n\t\t\t<\/div><\/figure><figure class='gallery-item'>\n\t\t\t<div class='gallery-icon landscape'>\n\t\t\t\t<a data-elementor-open-lightbox=\"yes\" data-elementor-lightbox-slideshow=\"c71d959\" data-elementor-lightbox-title=\"Reni&amp;Laci-878\" data-e-action-hash=\"#elementor-action%3Aaction%3Dlightbox%26settings%3DeyJpZCI6Njc5ODYwOCwidXJsIjoiaHR0cHM6XC9cL2xlZ3N6ZWJiZXNrdXZvLmh1XC93cC1jb250ZW50XC91cGxvYWRzXC8yMDIxXC8wM1wvUmVuaUxhY2ktODc4LTEuanBnIiwic2xpZGVzaG93IjoiYzcxZDk1OSJ9\" href='https:\/\/legszebbeskuvo.hu\/wp-content\/uploads\/2021\/03\/ReniLaci-878-1.jpg'><img loading=\"lazy\" decoding=\"async\" width=\"768\" height=\"512\" src=\"https:\/\/legszebbeskuvo.hu\/wp-content\/uploads\/2021\/03\/ReniLaci-878-1-768x512.jpg\" class=\"attachment-medium_large size-medium_large\" alt=\"\" srcset=\"https:\/\/legszebbeskuvo.hu\/wp-content\/uploads\/2021\/03\/ReniLaci-878-1-768x512.jpg 768w, https:\/\/legszebbeskuvo.hu\/wp-content\/uploads\/2021\/03\/ReniLaci-878-1-300x200.jpg 300w, https:\/\/legszebbeskuvo.hu\/wp-content\/uploads\/2021\/03\/ReniLaci-878-1.jpg 1024w, https:\/\/legszebbeskuvo.hu\/wp-content\/uploads\/2021\/03\/ReniLaci-878-1-830x554.jpg 830w, https:\/\/legszebbeskuvo.hu\/wp-content\/uploads\/2021\/03\/ReniLaci-878-1-230x153.jpg 230w, https:\/\/legszebbeskuvo.hu\/wp-content\/uploads\/2021\/03\/ReniLaci-878-1-350x233.jpg 350w, https:\/\/legszebbeskuvo.hu\/wp-content\/uploads\/2021\/03\/ReniLaci-878-1-480x320.jpg 480w\" sizes=\"(max-width: 768px) 100vw, 768px\" \/><\/a>\n\t\t\t<\/div><\/figure>\n\t\t<\/div>\n\t\t<\/div>\n\t\t\t\t\t\t<\/div>\n\t\t\t\t<\/div>\n\t\t\t\t\t<\/div>\n\t\t<\/div>\n\t\t\t\t\t<\/div>\n\t\t<\/section>\n\t\t\t\t<\/div>","protected":false},"excerpt":{"rendered":"","protected":false},"author":2,"featured_media":6798608,"parent":0,"menu_order":0,"comment_status":"closed","ping_status":"closed","template":"","meta":{"footnotes":""},"class_list":["post-6798595","page","type-page","status-publish","has-post-thumbnail","hentry"],"yoast_head":"<!-- This site is optimized with the Yoast SEO plugin v27.3 - https:\/\/yoast.com\/product\/yoast-seo-wordpress\/ -->\n<title>R&amp;L esk\u00fcv\u0151je - Legszebb esk\u00fcv\u0151 esk\u00fcv\u0151szervez\u00e9s<\/title>\n<meta name=\"robots\" content=\"index, follow, max-snippet:-1, max-image-preview:large, max-video-preview:-1\" \/>\n<link rel=\"canonical\" href=\"https:\/\/legszebbeskuvo.hu\/en\/rl-wedding\/\" \/>\n<meta property=\"og:locale\" content=\"en_GB\" \/>\n<meta property=\"og:type\" content=\"article\" \/>\n<meta property=\"og:title\" content=\"R&amp;L esk\u00fcv\u0151je - Legszebb esk\u00fcv\u0151 esk\u00fcv\u0151szervez\u00e9s\" \/>\n<meta property=\"og:url\" content=\"https:\/\/legszebbeskuvo.hu\/en\/rl-wedding\/\" \/>\n<meta property=\"og:site_name\" content=\"Legszebb esk\u00fcv\u0151 esk\u00fcv\u0151szervez\u00e9s\" \/>\n<meta property=\"article:modified_time\" content=\"2024-02-21T19:37:50+00:00\" \/>\n<meta property=\"og:image\" content=\"https:\/\/legszebbeskuvo.hu\/wp-content\/uploads\/2021\/03\/ReniLaci-878-1.jpg\" \/>\n\t<meta property=\"og:image:width\" content=\"1024\" \/>\n\t<meta property=\"og:image:height\" content=\"683\" \/>\n\t<meta property=\"og:image:type\" content=\"image\/jpeg\" \/>\n<meta name=\"twitter:card\" content=\"summary_large_image\" \/>\n<meta name=\"twitter:label1\" content=\"Estimated reading time\" \/>\n\t<meta name=\"twitter:data1\" content=\"3 minutes\" \/>\n<script type=\"application\/ld+json\" class=\"yoast-schema-graph\">{\"@context\":\"https:\\\/\\\/schema.org\",\"@graph\":[{\"@type\":\"WebPage\",\"@id\":\"https:\\\/\\\/legszebbeskuvo.hu\\\/rl-eskuvoje\\\/\",\"url\":\"https:\\\/\\\/legszebbeskuvo.hu\\\/rl-eskuvoje\\\/\",\"name\":\"R&L esk\u00fcv\u0151je - Legszebb esk\u00fcv\u0151 esk\u00fcv\u0151szervez\u00e9s\",\"isPartOf\":{\"@id\":\"https:\\\/\\\/legszebbeskuvo.hu\\\/#website\"},\"primaryImageOfPage\":{\"@id\":\"https:\\\/\\\/legszebbeskuvo.hu\\\/rl-eskuvoje\\\/#primaryimage\"},\"image\":{\"@id\":\"https:\\\/\\\/legszebbeskuvo.hu\\\/rl-eskuvoje\\\/#primaryimage\"},\"thumbnailUrl\":\"https:\\\/\\\/legszebbeskuvo.hu\\\/wp-content\\\/uploads\\\/2021\\\/03\\\/ReniLaci-878-1.jpg\",\"datePublished\":\"2021-03-12T16:22:55+00:00\",\"dateModified\":\"2024-02-21T19:37:50+00:00\",\"breadcrumb\":{\"@id\":\"https:\\\/\\\/legszebbeskuvo.hu\\\/rl-eskuvoje\\\/#breadcrumb\"},\"inLanguage\":\"en-GB\",\"potentialAction\":[{\"@type\":\"ReadAction\",\"target\":[\"https:\\\/\\\/legszebbeskuvo.hu\\\/rl-eskuvoje\\\/\"]}]},{\"@type\":\"ImageObject\",\"inLanguage\":\"en-GB\",\"@id\":\"https:\\\/\\\/legszebbeskuvo.hu\\\/rl-eskuvoje\\\/#primaryimage\",\"url\":\"https:\\\/\\\/legszebbeskuvo.hu\\\/wp-content\\\/uploads\\\/2021\\\/03\\\/ReniLaci-878-1.jpg\",\"contentUrl\":\"https:\\\/\\\/legszebbeskuvo.hu\\\/wp-content\\\/uploads\\\/2021\\\/03\\\/ReniLaci-878-1.jpg\",\"width\":1024,\"height\":683},{\"@type\":\"BreadcrumbList\",\"@id\":\"https:\\\/\\\/legszebbeskuvo.hu\\\/rl-eskuvoje\\\/#breadcrumb\",\"itemListElement\":[{\"@type\":\"ListItem\",\"position\":1,\"name\":\"Home\",\"item\":\"https:\\\/\\\/legszebbeskuvo.hu\\\/\"},{\"@type\":\"ListItem\",\"position\":2,\"name\":\"R&#038;L esk\u00fcv\u0151je\"}]},{\"@type\":\"WebSite\",\"@id\":\"https:\\\/\\\/legszebbeskuvo.hu\\\/#website\",\"url\":\"https:\\\/\\\/legszebbeskuvo.hu\\\/\",\"name\":\"Legszebb esk\u00fcv\u0151 esk\u00fcv\u0151szervez\u00e9s\",\"description\":\"Esk\u00fcv\u0151szervez\u00e9s sz\u00edvvel-l\u00e9lekkel\",\"potentialAction\":[{\"@type\":\"SearchAction\",\"target\":{\"@type\":\"EntryPoint\",\"urlTemplate\":\"https:\\\/\\\/legszebbeskuvo.hu\\\/?s={search_term_string}\"},\"query-input\":{\"@type\":\"PropertyValueSpecification\",\"valueRequired\":true,\"valueName\":\"search_term_string\"}}],\"inLanguage\":\"en-GB\"}]}<\/script>\n<!-- \/ Yoast SEO plugin. -->","yoast_head_json":{"title":"R&L esk\u00fcv\u0151je - Legszebb esk\u00fcv\u0151 esk\u00fcv\u0151szervez\u00e9s","robots":{"index":"index","follow":"follow","max-snippet":"max-snippet:-1","max-image-preview":"max-image-preview:large","max-video-preview":"max-video-preview:-1"},"canonical":"https:\/\/legszebbeskuvo.hu\/en\/rl-wedding\/","og_locale":"en_GB","og_type":"article","og_title":"R&L esk\u00fcv\u0151je - Legszebb esk\u00fcv\u0151 esk\u00fcv\u0151szervez\u00e9s","og_url":"https:\/\/legszebbeskuvo.hu\/en\/rl-wedding\/","og_site_name":"Legszebb esk\u00fcv\u0151 esk\u00fcv\u0151szervez\u00e9s","article_modified_time":"2024-02-21T19:37:50+00:00","og_image":[{"width":1024,"height":683,"url":"https:\/\/legszebbeskuvo.hu\/wp-content\/uploads\/2021\/03\/ReniLaci-878-1.jpg","type":"image\/jpeg"}],"twitter_card":"summary_large_image","twitter_misc":{"Estimated reading time":"3 minutes"},"schema":{"@context":"https:\/\/schema.org","@graph":[{"@type":"WebPage","@id":"https:\/\/legszebbeskuvo.hu\/rl-eskuvoje\/","url":"https:\/\/legszebbeskuvo.hu\/rl-eskuvoje\/","name":"R&L esk\u00fcv\u0151je - Legszebb esk\u00fcv\u0151 esk\u00fcv\u0151szervez\u00e9s","isPartOf":{"@id":"https:\/\/legszebbeskuvo.hu\/#website"},"primaryImageOfPage":{"@id":"https:\/\/legszebbeskuvo.hu\/rl-eskuvoje\/#primaryimage"},"image":{"@id":"https:\/\/legszebbeskuvo.hu\/rl-eskuvoje\/#primaryimage"},"thumbnailUrl":"https:\/\/legszebbeskuvo.hu\/wp-content\/uploads\/2021\/03\/ReniLaci-878-1.jpg","datePublished":"2021-03-12T16:22:55+00:00","dateModified":"2024-02-21T19:37:50+00:00","breadcrumb":{"@id":"https:\/\/legszebbeskuvo.hu\/rl-eskuvoje\/#breadcrumb"},"inLanguage":"en-GB","potentialAction":[{"@type":"ReadAction","target":["https:\/\/legszebbeskuvo.hu\/rl-eskuvoje\/"]}]},{"@type":"ImageObject","inLanguage":"en-GB","@id":"https:\/\/legszebbeskuvo.hu\/rl-eskuvoje\/#primaryimage","url":"https:\/\/legszebbeskuvo.hu\/wp-content\/uploads\/2021\/03\/ReniLaci-878-1.jpg","contentUrl":"https:\/\/legszebbeskuvo.hu\/wp-content\/uploads\/2021\/03\/ReniLaci-878-1.jpg","width":1024,"height":683},{"@type":"BreadcrumbList","@id":"https:\/\/legszebbeskuvo.hu\/rl-eskuvoje\/#breadcrumb","itemListElement":[{"@type":"ListItem","position":1,"name":"Home","item":"https:\/\/legszebbeskuvo.hu\/"},{"@type":"ListItem","position":2,"name":"R&#038;L esk\u00fcv\u0151je"}]},{"@type":"WebSite","@id":"https:\/\/legszebbeskuvo.hu\/#website","url":"https:\/\/legszebbeskuvo.hu\/","name":"Legszebb esk\u00fcv\u0151 Wedding Planning","description":"Esk\u00fcv\u0151szervez\u00e9s sz\u00edvvel-l\u00e9lekkel","potentialAction":[{"@type":"SearchAction","target":{"@type":"EntryPoint","urlTemplate":"https:\/\/legszebbeskuvo.hu\/?s={search_term_string}"},"query-input":{"@type":"PropertyValueSpecification","valueRequired":true,"valueName":"search_term_string"}}],"inLanguage":"en-GB"}]}},"_links":{"self":[{"href":"https:\/\/legszebbeskuvo.hu\/en\/wp-json\/wp\/v2\/pages\/6798595","targetHints":{"allow":["GET"]}}],"collection":[{"href":"https:\/\/legszebbeskuvo.hu\/en\/wp-json\/wp\/v2\/pages"}],"about":[{"href":"https:\/\/legszebbeskuvo.hu\/en\/wp-json\/wp\/v2\/types\/page"}],"author":[{"embeddable":true,"href":"https:\/\/legszebbeskuvo.hu\/en\/wp-json\/wp\/v2\/users\/2"}],"replies":[{"embeddable":true,"href":"https:\/\/legszebbeskuvo.hu\/en\/wp-json\/wp\/v2\/comments?post=6798595"}],"version-history":[{"count":2,"href":"https:\/\/legszebbeskuvo.hu\/en\/wp-json\/wp\/v2\/pages\/6798595\/revisions"}],"predecessor-version":[{"id":6798609,"href":"https:\/\/legszebbeskuvo.hu\/en\/wp-json\/wp\/v2\/pages\/6798595\/revisions\/6798609"}],"wp:featuredmedia":[{"embeddable":true,"href":"https:\/\/legszebbeskuvo.hu\/en\/wp-json\/wp\/v2\/media\/6798608"}],"wp:attachment":[{"href":"https:\/\/legszebbeskuvo.hu\/en\/wp-json\/wp\/v2\/media?parent=6798595"}],"curies":[{"name":"wp","href":"https:\/\/api.w.org\/{rel}","templated":true}]}}