{"id":6798579,"date":"2021-03-12T17:19:01","date_gmt":"2021-03-12T16:19:01","guid":{"rendered":"https:\/\/legszebbeskuvo.hu\/?page_id=6798579"},"modified":"2024-02-21T20:40:47","modified_gmt":"2024-02-21T19:40:47","slug":"ea-eskuvoje","status":"publish","type":"page","link":"https:\/\/legszebbeskuvo.hu\/en\/ea-eskuvoje\/","title":{"rendered":"E&#038;\u00c1 esk\u00fcv\u0151je"},"content":{"rendered":"<div data-elementor-type=\"wp-post\" data-elementor-id=\"6798579\" class=\"elementor elementor-6798579\" data-elementor-post-type=\"page\">\n\t\t\t\t\t\t<section class=\"elementor-section elementor-top-section elementor-element elementor-element-aca75ae elementor-section-boxed elementor-section-height-default elementor-section-height-default\" data-id=\"aca75ae\" data-element_type=\"section\" data-e-type=\"section\">\n\t\t\t\t\t\t<div class=\"elementor-container elementor-column-gap-default\">\n\t\t\t\t\t<div class=\"elementor-column elementor-col-100 elementor-top-column elementor-element elementor-element-86f821b\" data-id=\"86f821b\" data-element_type=\"column\" data-e-type=\"column\">\n\t\t\t<div class=\"elementor-widget-wrap elementor-element-populated\">\n\t\t\t\t\t\t<div class=\"elementor-element elementor-element-49678ac elementor-widget elementor-widget-image-gallery\" data-id=\"49678ac\" data-element_type=\"widget\" data-e-type=\"widget\" data-widget_type=\"image-gallery.default\">\n\t\t\t\t<div class=\"elementor-widget-container\">\n\t\t\t\t\t\t\t<div class=\"elementor-image-gallery\">\n\t\t\t<div id='gallery-1' class='gallery galleryid-6798579 gallery-columns-3 gallery-size-medium_large'><figure class='gallery-item'>\n\t\t\t<div class='gallery-icon landscape'>\n\t\t\t\t<a data-elementor-open-lightbox=\"yes\" data-elementor-lightbox-slideshow=\"49678ac\" data-elementor-lightbox-title=\"3 (2)\" data-e-action-hash=\"#elementor-action%3Aaction%3Dlightbox%26settings%3DeyJpZCI6Njc5ODU5MSwidXJsIjoiaHR0cHM6XC9cL2xlZ3N6ZWJiZXNrdXZvLmh1XC93cC1jb250ZW50XC91cGxvYWRzXC8yMDIxXC8wM1wvMy0yLmpwZyIsInNsaWRlc2hvdyI6IjQ5Njc4YWMifQ%3D%3D\" href='https:\/\/legszebbeskuvo.hu\/wp-content\/uploads\/2021\/03\/3-2.jpg'><img fetchpriority=\"high\" decoding=\"async\" width=\"768\" height=\"512\" src=\"https:\/\/legszebbeskuvo.hu\/wp-content\/uploads\/2021\/03\/3-2-768x512.jpg\" class=\"attachment-medium_large size-medium_large\" alt=\"\" srcset=\"https:\/\/legszebbeskuvo.hu\/wp-content\/uploads\/2021\/03\/3-2-768x512.jpg 768w, https:\/\/legszebbeskuvo.hu\/wp-content\/uploads\/2021\/03\/3-2-300x200.jpg 300w, https:\/\/legszebbeskuvo.hu\/wp-content\/uploads\/2021\/03\/3-2-1024x683.jpg 1024w, https:\/\/legszebbeskuvo.hu\/wp-content\/uploads\/2021\/03\/3-2-830x553.jpg 830w, https:\/\/legszebbeskuvo.hu\/wp-content\/uploads\/2021\/03\/3-2-230x153.jpg 230w, https:\/\/legszebbeskuvo.hu\/wp-content\/uploads\/2021\/03\/3-2-350x233.jpg 350w, https:\/\/legszebbeskuvo.hu\/wp-content\/uploads\/2021\/03\/3-2-480x320.jpg 480w, https:\/\/legszebbeskuvo.hu\/wp-content\/uploads\/2021\/03\/3-2.jpg 2048w\" sizes=\"(max-width: 768px) 100vw, 768px\" \/><\/a>\n\t\t\t<\/div><\/figure><figure class='gallery-item'>\n\t\t\t<div class='gallery-icon landscape'>\n\t\t\t\t<a data-elementor-open-lightbox=\"yes\" data-elementor-lightbox-slideshow=\"49678ac\" data-elementor-lightbox-title=\"6\" data-e-action-hash=\"#elementor-action%3Aaction%3Dlightbox%26settings%3DeyJpZCI6Njc5ODU5MiwidXJsIjoiaHR0cHM6XC9cL2xlZ3N6ZWJiZXNrdXZvLmh1XC93cC1jb250ZW50XC91cGxvYWRzXC8yMDIxXC8wM1wvNi5qcGciLCJzbGlkZXNob3ciOiI0OTY3OGFjIn0%3D\" href='https:\/\/legszebbeskuvo.hu\/wp-content\/uploads\/2021\/03\/6.jpg'><img decoding=\"async\" width=\"768\" height=\"512\" src=\"https:\/\/legszebbeskuvo.hu\/wp-content\/uploads\/2021\/03\/6-768x512.jpg\" class=\"attachment-medium_large size-medium_large\" alt=\"\" srcset=\"https:\/\/legszebbeskuvo.hu\/wp-content\/uploads\/2021\/03\/6-768x512.jpg 768w, https:\/\/legszebbeskuvo.hu\/wp-content\/uploads\/2021\/03\/6-300x200.jpg 300w, https:\/\/legszebbeskuvo.hu\/wp-content\/uploads\/2021\/03\/6-1024x683.jpg 1024w, https:\/\/legszebbeskuvo.hu\/wp-content\/uploads\/2021\/03\/6-830x554.jpg 830w, https:\/\/legszebbeskuvo.hu\/wp-content\/uploads\/2021\/03\/6-230x153.jpg 230w, https:\/\/legszebbeskuvo.hu\/wp-content\/uploads\/2021\/03\/6-350x233.jpg 350w, https:\/\/legszebbeskuvo.hu\/wp-content\/uploads\/2021\/03\/6-480x320.jpg 480w, https:\/\/legszebbeskuvo.hu\/wp-content\/uploads\/2021\/03\/6.jpg 2048w\" sizes=\"(max-width: 768px) 100vw, 768px\" \/><\/a>\n\t\t\t<\/div><\/figure><figure class='gallery-item'>\n\t\t\t<div class='gallery-icon landscape'>\n\t\t\t\t<a data-elementor-open-lightbox=\"yes\" data-elementor-lightbox-slideshow=\"49678ac\" data-elementor-lightbox-title=\"16\" data-e-action-hash=\"#elementor-action%3Aaction%3Dlightbox%26settings%3DeyJpZCI6Njc5ODU4MSwidXJsIjoiaHR0cHM6XC9cL2xlZ3N6ZWJiZXNrdXZvLmh1XC93cC1jb250ZW50XC91cGxvYWRzXC8yMDIxXC8wM1wvMTYuanBnIiwic2xpZGVzaG93IjoiNDk2NzhhYyJ9\" href='https:\/\/legszebbeskuvo.hu\/wp-content\/uploads\/2021\/03\/16.jpg'><img decoding=\"async\" width=\"768\" height=\"512\" src=\"https:\/\/legszebbeskuvo.hu\/wp-content\/uploads\/2021\/03\/16-768x512.jpg\" class=\"attachment-medium_large size-medium_large\" alt=\"\" srcset=\"https:\/\/legszebbeskuvo.hu\/wp-content\/uploads\/2021\/03\/16-768x512.jpg 768w, https:\/\/legszebbeskuvo.hu\/wp-content\/uploads\/2021\/03\/16-300x200.jpg 300w, https:\/\/legszebbeskuvo.hu\/wp-content\/uploads\/2021\/03\/16-1024x683.jpg 1024w, https:\/\/legszebbeskuvo.hu\/wp-content\/uploads\/2021\/03\/16-830x553.jpg 830w, https:\/\/legszebbeskuvo.hu\/wp-content\/uploads\/2021\/03\/16-230x153.jpg 230w, https:\/\/legszebbeskuvo.hu\/wp-content\/uploads\/2021\/03\/16-350x233.jpg 350w, https:\/\/legszebbeskuvo.hu\/wp-content\/uploads\/2021\/03\/16-480x320.jpg 480w, https:\/\/legszebbeskuvo.hu\/wp-content\/uploads\/2021\/03\/16.jpg 2048w\" sizes=\"(max-width: 768px) 100vw, 768px\" \/><\/a>\n\t\t\t<\/div><\/figure><figure class='gallery-item'>\n\t\t\t<div class='gallery-icon landscape'>\n\t\t\t\t<a data-elementor-open-lightbox=\"yes\" data-elementor-lightbox-slideshow=\"49678ac\" data-elementor-lightbox-title=\"5\" data-e-action-hash=\"#elementor-action%3Aaction%3Dlightbox%26settings%3DeyJpZCI6Njc5ODU4MiwidXJsIjoiaHR0cHM6XC9cL2xlZ3N6ZWJiZXNrdXZvLmh1XC93cC1jb250ZW50XC91cGxvYWRzXC8yMDIxXC8wM1wvNS5qcGciLCJzbGlkZXNob3ciOiI0OTY3OGFjIn0%3D\" href='https:\/\/legszebbeskuvo.hu\/wp-content\/uploads\/2021\/03\/5.jpg'><img loading=\"lazy\" decoding=\"async\" width=\"768\" height=\"512\" src=\"https:\/\/legszebbeskuvo.hu\/wp-content\/uploads\/2021\/03\/5-768x512.jpg\" class=\"attachment-medium_large size-medium_large\" alt=\"\" srcset=\"https:\/\/legszebbeskuvo.hu\/wp-content\/uploads\/2021\/03\/5-768x512.jpg 768w, https:\/\/legszebbeskuvo.hu\/wp-content\/uploads\/2021\/03\/5-300x200.jpg 300w, https:\/\/legszebbeskuvo.hu\/wp-content\/uploads\/2021\/03\/5-1024x683.jpg 1024w, https:\/\/legszebbeskuvo.hu\/wp-content\/uploads\/2021\/03\/5-830x553.jpg 830w, https:\/\/legszebbeskuvo.hu\/wp-content\/uploads\/2021\/03\/5-230x153.jpg 230w, https:\/\/legszebbeskuvo.hu\/wp-content\/uploads\/2021\/03\/5-350x233.jpg 350w, https:\/\/legszebbeskuvo.hu\/wp-content\/uploads\/2021\/03\/5-480x320.jpg 480w, https:\/\/legszebbeskuvo.hu\/wp-content\/uploads\/2021\/03\/5.jpg 2048w\" sizes=\"(max-width: 768px) 100vw, 768px\" \/><\/a>\n\t\t\t<\/div><\/figure><figure class='gallery-item'>\n\t\t\t<div class='gallery-icon landscape'>\n\t\t\t\t<a data-elementor-open-lightbox=\"yes\" data-elementor-lightbox-slideshow=\"49678ac\" data-elementor-lightbox-title=\"7\" data-e-action-hash=\"#elementor-action%3Aaction%3Dlightbox%26settings%3DeyJpZCI6Njc5ODU4MywidXJsIjoiaHR0cHM6XC9cL2xlZ3N6ZWJiZXNrdXZvLmh1XC93cC1jb250ZW50XC91cGxvYWRzXC8yMDIxXC8wM1wvNy5qcGciLCJzbGlkZXNob3ciOiI0OTY3OGFjIn0%3D\" href='https:\/\/legszebbeskuvo.hu\/wp-content\/uploads\/2021\/03\/7.jpg'><img loading=\"lazy\" decoding=\"async\" width=\"768\" height=\"512\" src=\"https:\/\/legszebbeskuvo.hu\/wp-content\/uploads\/2021\/03\/7-768x512.jpg\" class=\"attachment-medium_large size-medium_large\" alt=\"\" srcset=\"https:\/\/legszebbeskuvo.hu\/wp-content\/uploads\/2021\/03\/7-768x512.jpg 768w, https:\/\/legszebbeskuvo.hu\/wp-content\/uploads\/2021\/03\/7-300x200.jpg 300w, https:\/\/legszebbeskuvo.hu\/wp-content\/uploads\/2021\/03\/7-1024x683.jpg 1024w, https:\/\/legszebbeskuvo.hu\/wp-content\/uploads\/2021\/03\/7-830x554.jpg 830w, https:\/\/legszebbeskuvo.hu\/wp-content\/uploads\/2021\/03\/7-230x153.jpg 230w, https:\/\/legszebbeskuvo.hu\/wp-content\/uploads\/2021\/03\/7-350x233.jpg 350w, https:\/\/legszebbeskuvo.hu\/wp-content\/uploads\/2021\/03\/7-480x320.jpg 480w, https:\/\/legszebbeskuvo.hu\/wp-content\/uploads\/2021\/03\/7.jpg 2048w\" sizes=\"(max-width: 768px) 100vw, 768px\" \/><\/a>\n\t\t\t<\/div><\/figure><figure class='gallery-item'>\n\t\t\t<div class='gallery-icon landscape'>\n\t\t\t\t<a data-elementor-open-lightbox=\"yes\" data-elementor-lightbox-slideshow=\"49678ac\" data-elementor-lightbox-title=\"9\" data-e-action-hash=\"#elementor-action%3Aaction%3Dlightbox%26settings%3DeyJpZCI6Njc5ODU4NCwidXJsIjoiaHR0cHM6XC9cL2xlZ3N6ZWJiZXNrdXZvLmh1XC93cC1jb250ZW50XC91cGxvYWRzXC8yMDIxXC8wM1wvOS5qcGciLCJzbGlkZXNob3ciOiI0OTY3OGFjIn0%3D\" href='https:\/\/legszebbeskuvo.hu\/wp-content\/uploads\/2021\/03\/9.jpg'><img loading=\"lazy\" decoding=\"async\" width=\"768\" height=\"512\" src=\"https:\/\/legszebbeskuvo.hu\/wp-content\/uploads\/2021\/03\/9-768x512.jpg\" class=\"attachment-medium_large size-medium_large\" alt=\"\" srcset=\"https:\/\/legszebbeskuvo.hu\/wp-content\/uploads\/2021\/03\/9-768x512.jpg 768w, https:\/\/legszebbeskuvo.hu\/wp-content\/uploads\/2021\/03\/9-300x200.jpg 300w, https:\/\/legszebbeskuvo.hu\/wp-content\/uploads\/2021\/03\/9-1024x683.jpg 1024w, https:\/\/legszebbeskuvo.hu\/wp-content\/uploads\/2021\/03\/9-830x553.jpg 830w, https:\/\/legszebbeskuvo.hu\/wp-content\/uploads\/2021\/03\/9-230x153.jpg 230w, https:\/\/legszebbeskuvo.hu\/wp-content\/uploads\/2021\/03\/9-350x233.jpg 350w, https:\/\/legszebbeskuvo.hu\/wp-content\/uploads\/2021\/03\/9-480x320.jpg 480w, https:\/\/legszebbeskuvo.hu\/wp-content\/uploads\/2021\/03\/9.jpg 2048w\" sizes=\"(max-width: 768px) 100vw, 768px\" \/><\/a>\n\t\t\t<\/div><\/figure><figure class='gallery-item'>\n\t\t\t<div class='gallery-icon landscape'>\n\t\t\t\t<a data-elementor-open-lightbox=\"yes\" data-elementor-lightbox-slideshow=\"49678ac\" data-elementor-lightbox-title=\"10\" data-e-action-hash=\"#elementor-action%3Aaction%3Dlightbox%26settings%3DeyJpZCI6Njc5ODU4NSwidXJsIjoiaHR0cHM6XC9cL2xlZ3N6ZWJiZXNrdXZvLmh1XC93cC1jb250ZW50XC91cGxvYWRzXC8yMDIxXC8wM1wvMTAtMS5qcGciLCJzbGlkZXNob3ciOiI0OTY3OGFjIn0%3D\" href='https:\/\/legszebbeskuvo.hu\/wp-content\/uploads\/2021\/03\/10-1.jpg'><img loading=\"lazy\" decoding=\"async\" width=\"768\" height=\"512\" src=\"https:\/\/legszebbeskuvo.hu\/wp-content\/uploads\/2021\/03\/10-1-768x512.jpg\" class=\"attachment-medium_large size-medium_large\" alt=\"\" srcset=\"https:\/\/legszebbeskuvo.hu\/wp-content\/uploads\/2021\/03\/10-1-768x512.jpg 768w, https:\/\/legszebbeskuvo.hu\/wp-content\/uploads\/2021\/03\/10-1-300x200.jpg 300w, https:\/\/legszebbeskuvo.hu\/wp-content\/uploads\/2021\/03\/10-1-1024x683.jpg 1024w, https:\/\/legszebbeskuvo.hu\/wp-content\/uploads\/2021\/03\/10-1-830x554.jpg 830w, https:\/\/legszebbeskuvo.hu\/wp-content\/uploads\/2021\/03\/10-1-230x153.jpg 230w, https:\/\/legszebbeskuvo.hu\/wp-content\/uploads\/2021\/03\/10-1-350x233.jpg 350w, https:\/\/legszebbeskuvo.hu\/wp-content\/uploads\/2021\/03\/10-1-480x320.jpg 480w, https:\/\/legszebbeskuvo.hu\/wp-content\/uploads\/2021\/03\/10-1.jpg 2048w\" sizes=\"(max-width: 768px) 100vw, 768px\" \/><\/a>\n\t\t\t<\/div><\/figure><figure class='gallery-item'>\n\t\t\t<div class='gallery-icon landscape'>\n\t\t\t\t<a data-elementor-open-lightbox=\"yes\" data-elementor-lightbox-slideshow=\"49678ac\" data-elementor-lightbox-title=\"11\" data-e-action-hash=\"#elementor-action%3Aaction%3Dlightbox%26settings%3DeyJpZCI6Njc5ODU4NiwidXJsIjoiaHR0cHM6XC9cL2xlZ3N6ZWJiZXNrdXZvLmh1XC93cC1jb250ZW50XC91cGxvYWRzXC8yMDIxXC8wM1wvMTEtZTE3MDk4OTY1MjUzMjguanBnIiwic2xpZGVzaG93IjoiNDk2NzhhYyJ9\" href='https:\/\/legszebbeskuvo.hu\/wp-content\/uploads\/2021\/03\/11-e1709896525328.jpg'><img loading=\"lazy\" decoding=\"async\" width=\"768\" height=\"378\" src=\"https:\/\/legszebbeskuvo.hu\/wp-content\/uploads\/2021\/03\/11-e1709896525328-768x378.jpg\" class=\"attachment-medium_large size-medium_large\" alt=\"menyasszony\" srcset=\"https:\/\/legszebbeskuvo.hu\/wp-content\/uploads\/2021\/03\/11-e1709896525328-768x378.jpg 768w, https:\/\/legszebbeskuvo.hu\/wp-content\/uploads\/2021\/03\/11-e1709896525328-700x345.jpg 700w, https:\/\/legszebbeskuvo.hu\/wp-content\/uploads\/2021\/03\/11-e1709896525328-1024x504.jpg 1024w, https:\/\/legszebbeskuvo.hu\/wp-content\/uploads\/2021\/03\/11-e1709896525328-1536x756.jpg 1536w, https:\/\/legszebbeskuvo.hu\/wp-content\/uploads\/2021\/03\/11-e1709896525328.jpg 2044w\" sizes=\"(max-width: 768px) 100vw, 768px\" \/><\/a>\n\t\t\t<\/div><\/figure><figure class='gallery-item'>\n\t\t\t<div class='gallery-icon landscape'>\n\t\t\t\t<a data-elementor-open-lightbox=\"yes\" data-elementor-lightbox-slideshow=\"49678ac\" data-elementor-lightbox-title=\"12\" data-e-action-hash=\"#elementor-action%3Aaction%3Dlightbox%26settings%3DeyJpZCI6Njc5ODU4NywidXJsIjoiaHR0cHM6XC9cL2xlZ3N6ZWJiZXNrdXZvLmh1XC93cC1jb250ZW50XC91cGxvYWRzXC8yMDIxXC8wM1wvMTIuanBnIiwic2xpZGVzaG93IjoiNDk2NzhhYyJ9\" href='https:\/\/legszebbeskuvo.hu\/wp-content\/uploads\/2021\/03\/12.jpg'><img loading=\"lazy\" decoding=\"async\" width=\"768\" height=\"512\" src=\"https:\/\/legszebbeskuvo.hu\/wp-content\/uploads\/2021\/03\/12-768x512.jpg\" class=\"attachment-medium_large size-medium_large\" alt=\"\" srcset=\"https:\/\/legszebbeskuvo.hu\/wp-content\/uploads\/2021\/03\/12-768x512.jpg 768w, https:\/\/legszebbeskuvo.hu\/wp-content\/uploads\/2021\/03\/12-300x200.jpg 300w, https:\/\/legszebbeskuvo.hu\/wp-content\/uploads\/2021\/03\/12-1024x683.jpg 1024w, https:\/\/legszebbeskuvo.hu\/wp-content\/uploads\/2021\/03\/12-830x554.jpg 830w, https:\/\/legszebbeskuvo.hu\/wp-content\/uploads\/2021\/03\/12-230x153.jpg 230w, https:\/\/legszebbeskuvo.hu\/wp-content\/uploads\/2021\/03\/12-350x233.jpg 350w, https:\/\/legszebbeskuvo.hu\/wp-content\/uploads\/2021\/03\/12-480x320.jpg 480w, https:\/\/legszebbeskuvo.hu\/wp-content\/uploads\/2021\/03\/12.jpg 2048w\" sizes=\"(max-width: 768px) 100vw, 768px\" \/><\/a>\n\t\t\t<\/div><\/figure><figure class='gallery-item'>\n\t\t\t<div class='gallery-icon landscape'>\n\t\t\t\t<a data-elementor-open-lightbox=\"yes\" data-elementor-lightbox-slideshow=\"49678ac\" data-elementor-lightbox-title=\"13\" data-e-action-hash=\"#elementor-action%3Aaction%3Dlightbox%26settings%3DeyJpZCI6Njc5ODU4OCwidXJsIjoiaHR0cHM6XC9cL2xlZ3N6ZWJiZXNrdXZvLmh1XC93cC1jb250ZW50XC91cGxvYWRzXC8yMDIxXC8wM1wvMTMuanBnIiwic2xpZGVzaG93IjoiNDk2NzhhYyJ9\" href='https:\/\/legszebbeskuvo.hu\/wp-content\/uploads\/2021\/03\/13.jpg'><img loading=\"lazy\" decoding=\"async\" width=\"768\" height=\"512\" src=\"https:\/\/legszebbeskuvo.hu\/wp-content\/uploads\/2021\/03\/13-768x512.jpg\" class=\"attachment-medium_large size-medium_large\" alt=\"\" srcset=\"https:\/\/legszebbeskuvo.hu\/wp-content\/uploads\/2021\/03\/13-768x512.jpg 768w, https:\/\/legszebbeskuvo.hu\/wp-content\/uploads\/2021\/03\/13-300x200.jpg 300w, https:\/\/legszebbeskuvo.hu\/wp-content\/uploads\/2021\/03\/13-1024x683.jpg 1024w, https:\/\/legszebbeskuvo.hu\/wp-content\/uploads\/2021\/03\/13-830x554.jpg 830w, https:\/\/legszebbeskuvo.hu\/wp-content\/uploads\/2021\/03\/13-230x153.jpg 230w, https:\/\/legszebbeskuvo.hu\/wp-content\/uploads\/2021\/03\/13-350x233.jpg 350w, https:\/\/legszebbeskuvo.hu\/wp-content\/uploads\/2021\/03\/13-480x320.jpg 480w, https:\/\/legszebbeskuvo.hu\/wp-content\/uploads\/2021\/03\/13.jpg 2048w\" sizes=\"(max-width: 768px) 100vw, 768px\" \/><\/a>\n\t\t\t<\/div><\/figure><figure class='gallery-item'>\n\t\t\t<div class='gallery-icon landscape'>\n\t\t\t\t<a data-elementor-open-lightbox=\"yes\" data-elementor-lightbox-slideshow=\"49678ac\" data-elementor-lightbox-title=\"14\" data-e-action-hash=\"#elementor-action%3Aaction%3Dlightbox%26settings%3DeyJpZCI6Njc5ODU4OSwidXJsIjoiaHR0cHM6XC9cL2xlZ3N6ZWJiZXNrdXZvLmh1XC93cC1jb250ZW50XC91cGxvYWRzXC8yMDIxXC8wM1wvMTQuanBnIiwic2xpZGVzaG93IjoiNDk2NzhhYyJ9\" href='https:\/\/legszebbeskuvo.hu\/wp-content\/uploads\/2021\/03\/14.jpg'><img loading=\"lazy\" decoding=\"async\" width=\"768\" height=\"512\" src=\"https:\/\/legszebbeskuvo.hu\/wp-content\/uploads\/2021\/03\/14-768x512.jpg\" class=\"attachment-medium_large size-medium_large\" alt=\"\" srcset=\"https:\/\/legszebbeskuvo.hu\/wp-content\/uploads\/2021\/03\/14-768x512.jpg 768w, https:\/\/legszebbeskuvo.hu\/wp-content\/uploads\/2021\/03\/14-300x200.jpg 300w, https:\/\/legszebbeskuvo.hu\/wp-content\/uploads\/2021\/03\/14-1024x683.jpg 1024w, https:\/\/legszebbeskuvo.hu\/wp-content\/uploads\/2021\/03\/14-830x554.jpg 830w, https:\/\/legszebbeskuvo.hu\/wp-content\/uploads\/2021\/03\/14-230x153.jpg 230w, https:\/\/legszebbeskuvo.hu\/wp-content\/uploads\/2021\/03\/14-350x233.jpg 350w, https:\/\/legszebbeskuvo.hu\/wp-content\/uploads\/2021\/03\/14-480x320.jpg 480w, https:\/\/legszebbeskuvo.hu\/wp-content\/uploads\/2021\/03\/14.jpg 2048w\" sizes=\"(max-width: 768px) 100vw, 768px\" \/><\/a>\n\t\t\t<\/div><\/figure><figure class='gallery-item'>\n\t\t\t<div class='gallery-icon landscape'>\n\t\t\t\t<a data-elementor-open-lightbox=\"yes\" data-elementor-lightbox-slideshow=\"49678ac\" data-elementor-lightbox-title=\"15\" data-e-action-hash=\"#elementor-action%3Aaction%3Dlightbox%26settings%3DeyJpZCI6Njc5ODU5MCwidXJsIjoiaHR0cHM6XC9cL2xlZ3N6ZWJiZXNrdXZvLmh1XC93cC1jb250ZW50XC91cGxvYWRzXC8yMDIxXC8wM1wvMTUuanBnIiwic2xpZGVzaG93IjoiNDk2NzhhYyJ9\" href='https:\/\/legszebbeskuvo.hu\/wp-content\/uploads\/2021\/03\/15.jpg'><img loading=\"lazy\" decoding=\"async\" width=\"768\" height=\"512\" src=\"https:\/\/legszebbeskuvo.hu\/wp-content\/uploads\/2021\/03\/15-768x512.jpg\" class=\"attachment-medium_large size-medium_large\" alt=\"\" srcset=\"https:\/\/legszebbeskuvo.hu\/wp-content\/uploads\/2021\/03\/15-768x512.jpg 768w, https:\/\/legszebbeskuvo.hu\/wp-content\/uploads\/2021\/03\/15-300x200.jpg 300w, https:\/\/legszebbeskuvo.hu\/wp-content\/uploads\/2021\/03\/15-1024x683.jpg 1024w, https:\/\/legszebbeskuvo.hu\/wp-content\/uploads\/2021\/03\/15-830x554.jpg 830w, https:\/\/legszebbeskuvo.hu\/wp-content\/uploads\/2021\/03\/15-230x153.jpg 230w, https:\/\/legszebbeskuvo.hu\/wp-content\/uploads\/2021\/03\/15-350x233.jpg 350w, https:\/\/legszebbeskuvo.hu\/wp-content\/uploads\/2021\/03\/15-480x320.jpg 480w, https:\/\/legszebbeskuvo.hu\/wp-content\/uploads\/2021\/03\/15.jpg 2048w\" sizes=\"(max-width: 768px) 100vw, 768px\" \/><\/a>\n\t\t\t<\/div><\/figure>\n\t\t<\/div>\n\t\t<\/div>\n\t\t\t\t\t\t<\/div>\n\t\t\t\t<\/div>\n\t\t\t\t\t<\/div>\n\t\t<\/div>\n\t\t\t\t\t<\/div>\n\t\t<\/section>\n\t\t\t\t<\/div>","protected":false},"excerpt":{"rendered":"","protected":false},"author":2,"featured_media":6798585,"parent":0,"menu_order":0,"comment_status":"closed","ping_status":"closed","template":"","meta":{"footnotes":""},"class_list":["post-6798579","page","type-page","status-publish","has-post-thumbnail","hentry"],"yoast_head":"<!-- This site is optimized with the Yoast SEO plugin v27.3 - https:\/\/yoast.com\/product\/yoast-seo-wordpress\/ -->\n<title>E&amp;\u00c1 esk\u00fcv\u0151je - Legszebb esk\u00fcv\u0151 esk\u00fcv\u0151szervez\u00e9s<\/title>\n<meta name=\"robots\" content=\"index, follow, max-snippet:-1, max-image-preview:large, max-video-preview:-1\" \/>\n<link rel=\"canonical\" href=\"https:\/\/legszebbeskuvo.hu\/en\/ea-wedding\/\" \/>\n<meta property=\"og:locale\" content=\"en_GB\" \/>\n<meta property=\"og:type\" content=\"article\" \/>\n<meta property=\"og:title\" content=\"E&amp;\u00c1 esk\u00fcv\u0151je - Legszebb esk\u00fcv\u0151 esk\u00fcv\u0151szervez\u00e9s\" \/>\n<meta property=\"og:url\" content=\"https:\/\/legszebbeskuvo.hu\/en\/ea-wedding\/\" \/>\n<meta property=\"og:site_name\" content=\"Legszebb esk\u00fcv\u0151 esk\u00fcv\u0151szervez\u00e9s\" \/>\n<meta property=\"article:modified_time\" content=\"2024-02-21T19:40:47+00:00\" \/>\n<meta property=\"og:image\" content=\"https:\/\/legszebbeskuvo.hu\/wp-content\/uploads\/2021\/03\/10-1.jpg\" \/>\n\t<meta property=\"og:image:width\" content=\"2048\" \/>\n\t<meta property=\"og:image:height\" content=\"1366\" \/>\n\t<meta property=\"og:image:type\" content=\"image\/jpeg\" \/>\n<meta name=\"twitter:card\" content=\"summary_large_image\" \/>\n<meta name=\"twitter:label1\" content=\"Estimated reading time\" \/>\n\t<meta name=\"twitter:data1\" content=\"3 minutes\" \/>\n<script type=\"application\/ld+json\" class=\"yoast-schema-graph\">{\"@context\":\"https:\\\/\\\/schema.org\",\"@graph\":[{\"@type\":\"WebPage\",\"@id\":\"https:\\\/\\\/legszebbeskuvo.hu\\\/ea-eskuvoje\\\/\",\"url\":\"https:\\\/\\\/legszebbeskuvo.hu\\\/ea-eskuvoje\\\/\",\"name\":\"E&\u00c1 esk\u00fcv\u0151je - Legszebb esk\u00fcv\u0151 esk\u00fcv\u0151szervez\u00e9s\",\"isPartOf\":{\"@id\":\"https:\\\/\\\/legszebbeskuvo.hu\\\/#website\"},\"primaryImageOfPage\":{\"@id\":\"https:\\\/\\\/legszebbeskuvo.hu\\\/ea-eskuvoje\\\/#primaryimage\"},\"image\":{\"@id\":\"https:\\\/\\\/legszebbeskuvo.hu\\\/ea-eskuvoje\\\/#primaryimage\"},\"thumbnailUrl\":\"https:\\\/\\\/legszebbeskuvo.hu\\\/wp-content\\\/uploads\\\/2021\\\/03\\\/10-1.jpg\",\"datePublished\":\"2021-03-12T16:19:01+00:00\",\"dateModified\":\"2024-02-21T19:40:47+00:00\",\"breadcrumb\":{\"@id\":\"https:\\\/\\\/legszebbeskuvo.hu\\\/ea-eskuvoje\\\/#breadcrumb\"},\"inLanguage\":\"en-GB\",\"potentialAction\":[{\"@type\":\"ReadAction\",\"target\":[\"https:\\\/\\\/legszebbeskuvo.hu\\\/ea-eskuvoje\\\/\"]}]},{\"@type\":\"ImageObject\",\"inLanguage\":\"en-GB\",\"@id\":\"https:\\\/\\\/legszebbeskuvo.hu\\\/ea-eskuvoje\\\/#primaryimage\",\"url\":\"https:\\\/\\\/legszebbeskuvo.hu\\\/wp-content\\\/uploads\\\/2021\\\/03\\\/10-1.jpg\",\"contentUrl\":\"https:\\\/\\\/legszebbeskuvo.hu\\\/wp-content\\\/uploads\\\/2021\\\/03\\\/10-1.jpg\",\"width\":2048,\"height\":1366},{\"@type\":\"BreadcrumbList\",\"@id\":\"https:\\\/\\\/legszebbeskuvo.hu\\\/ea-eskuvoje\\\/#breadcrumb\",\"itemListElement\":[{\"@type\":\"ListItem\",\"position\":1,\"name\":\"Home\",\"item\":\"https:\\\/\\\/legszebbeskuvo.hu\\\/\"},{\"@type\":\"ListItem\",\"position\":2,\"name\":\"E&#038;\u00c1 esk\u00fcv\u0151je\"}]},{\"@type\":\"WebSite\",\"@id\":\"https:\\\/\\\/legszebbeskuvo.hu\\\/#website\",\"url\":\"https:\\\/\\\/legszebbeskuvo.hu\\\/\",\"name\":\"Legszebb esk\u00fcv\u0151 esk\u00fcv\u0151szervez\u00e9s\",\"description\":\"Esk\u00fcv\u0151szervez\u00e9s sz\u00edvvel-l\u00e9lekkel\",\"potentialAction\":[{\"@type\":\"SearchAction\",\"target\":{\"@type\":\"EntryPoint\",\"urlTemplate\":\"https:\\\/\\\/legszebbeskuvo.hu\\\/?s={search_term_string}\"},\"query-input\":{\"@type\":\"PropertyValueSpecification\",\"valueRequired\":true,\"valueName\":\"search_term_string\"}}],\"inLanguage\":\"en-GB\"}]}<\/script>\n<!-- \/ Yoast SEO plugin. -->","yoast_head_json":{"title":"E&\u00c1 esk\u00fcv\u0151je - Legszebb esk\u00fcv\u0151 esk\u00fcv\u0151szervez\u00e9s","robots":{"index":"index","follow":"follow","max-snippet":"max-snippet:-1","max-image-preview":"max-image-preview:large","max-video-preview":"max-video-preview:-1"},"canonical":"https:\/\/legszebbeskuvo.hu\/en\/ea-wedding\/","og_locale":"en_GB","og_type":"article","og_title":"E&\u00c1 esk\u00fcv\u0151je - Legszebb esk\u00fcv\u0151 esk\u00fcv\u0151szervez\u00e9s","og_url":"https:\/\/legszebbeskuvo.hu\/en\/ea-wedding\/","og_site_name":"Legszebb esk\u00fcv\u0151 esk\u00fcv\u0151szervez\u00e9s","article_modified_time":"2024-02-21T19:40:47+00:00","og_image":[{"width":2048,"height":1366,"url":"https:\/\/legszebbeskuvo.hu\/wp-content\/uploads\/2021\/03\/10-1.jpg","type":"image\/jpeg"}],"twitter_card":"summary_large_image","twitter_misc":{"Estimated reading time":"3 minutes"},"schema":{"@context":"https:\/\/schema.org","@graph":[{"@type":"WebPage","@id":"https:\/\/legszebbeskuvo.hu\/ea-eskuvoje\/","url":"https:\/\/legszebbeskuvo.hu\/ea-eskuvoje\/","name":"E&\u00c1 esk\u00fcv\u0151je - Legszebb esk\u00fcv\u0151 esk\u00fcv\u0151szervez\u00e9s","isPartOf":{"@id":"https:\/\/legszebbeskuvo.hu\/#website"},"primaryImageOfPage":{"@id":"https:\/\/legszebbeskuvo.hu\/ea-eskuvoje\/#primaryimage"},"image":{"@id":"https:\/\/legszebbeskuvo.hu\/ea-eskuvoje\/#primaryimage"},"thumbnailUrl":"https:\/\/legszebbeskuvo.hu\/wp-content\/uploads\/2021\/03\/10-1.jpg","datePublished":"2021-03-12T16:19:01+00:00","dateModified":"2024-02-21T19:40:47+00:00","breadcrumb":{"@id":"https:\/\/legszebbeskuvo.hu\/ea-eskuvoje\/#breadcrumb"},"inLanguage":"en-GB","potentialAction":[{"@type":"ReadAction","target":["https:\/\/legszebbeskuvo.hu\/ea-eskuvoje\/"]}]},{"@type":"ImageObject","inLanguage":"en-GB","@id":"https:\/\/legszebbeskuvo.hu\/ea-eskuvoje\/#primaryimage","url":"https:\/\/legszebbeskuvo.hu\/wp-content\/uploads\/2021\/03\/10-1.jpg","contentUrl":"https:\/\/legszebbeskuvo.hu\/wp-content\/uploads\/2021\/03\/10-1.jpg","width":2048,"height":1366},{"@type":"BreadcrumbList","@id":"https:\/\/legszebbeskuvo.hu\/ea-eskuvoje\/#breadcrumb","itemListElement":[{"@type":"ListItem","position":1,"name":"Home","item":"https:\/\/legszebbeskuvo.hu\/"},{"@type":"ListItem","position":2,"name":"E&#038;\u00c1 esk\u00fcv\u0151je"}]},{"@type":"WebSite","@id":"https:\/\/legszebbeskuvo.hu\/#website","url":"https:\/\/legszebbeskuvo.hu\/","name":"Legszebb esk\u00fcv\u0151 Wedding Planning","description":"Esk\u00fcv\u0151szervez\u00e9s sz\u00edvvel-l\u00e9lekkel","potentialAction":[{"@type":"SearchAction","target":{"@type":"EntryPoint","urlTemplate":"https:\/\/legszebbeskuvo.hu\/?s={search_term_string}"},"query-input":{"@type":"PropertyValueSpecification","valueRequired":true,"valueName":"search_term_string"}}],"inLanguage":"en-GB"}]}},"_links":{"self":[{"href":"https:\/\/legszebbeskuvo.hu\/en\/wp-json\/wp\/v2\/pages\/6798579","targetHints":{"allow":["GET"]}}],"collection":[{"href":"https:\/\/legszebbeskuvo.hu\/en\/wp-json\/wp\/v2\/pages"}],"about":[{"href":"https:\/\/legszebbeskuvo.hu\/en\/wp-json\/wp\/v2\/types\/page"}],"author":[{"embeddable":true,"href":"https:\/\/legszebbeskuvo.hu\/en\/wp-json\/wp\/v2\/users\/2"}],"replies":[{"embeddable":true,"href":"https:\/\/legszebbeskuvo.hu\/en\/wp-json\/wp\/v2\/comments?post=6798579"}],"version-history":[{"count":2,"href":"https:\/\/legszebbeskuvo.hu\/en\/wp-json\/wp\/v2\/pages\/6798579\/revisions"}],"predecessor-version":[{"id":6798593,"href":"https:\/\/legszebbeskuvo.hu\/en\/wp-json\/wp\/v2\/pages\/6798579\/revisions\/6798593"}],"wp:featuredmedia":[{"embeddable":true,"href":"https:\/\/legszebbeskuvo.hu\/en\/wp-json\/wp\/v2\/media\/6798585"}],"wp:attachment":[{"href":"https:\/\/legszebbeskuvo.hu\/en\/wp-json\/wp\/v2\/media?parent=6798579"}],"curies":[{"name":"wp","href":"https:\/\/api.w.org\/{rel}","templated":true}]}}