{"id":6798550,"date":"2021-03-12T15:55:17","date_gmt":"2021-03-12T14:55:17","guid":{"rendered":"https:\/\/legszebbeskuvo.hu\/?page_id=6798550"},"modified":"2021-03-12T15:57:32","modified_gmt":"2021-03-12T14:57:32","slug":"hirlevel-feliratkozas","status":"publish","type":"page","link":"https:\/\/legszebbeskuvo.hu\/en\/hirlevel-feliratkozas\/","title":{"rendered":"H\u00edrlev\u00e9l feliratkoz\u00e1s"},"content":{"rendered":"\t\t<div data-elementor-type=\"wp-post\" data-elementor-id=\"6798550\" class=\"elementor elementor-6798550\" data-elementor-post-type=\"page\">\n\t\t\t\t\t\t<section class=\"elementor-section elementor-top-section elementor-element elementor-element-f0e5a01 elementor-section-stretched elementor-section-boxed elementor-section-height-default elementor-section-height-default\" data-id=\"f0e5a01\" data-element_type=\"section\" data-e-type=\"section\" data-settings=\"{&quot;stretch_section&quot;:&quot;section-stretched&quot;}\">\n\t\t\t\t\t\t<div class=\"elementor-container elementor-column-gap-default\">\n\t\t\t\t\t<div class=\"elementor-column elementor-col-100 elementor-top-column elementor-element elementor-element-1c31925\" data-id=\"1c31925\" data-element_type=\"column\" data-e-type=\"column\">\n\t\t\t<div class=\"elementor-widget-wrap elementor-element-populated\">\n\t\t\t\t\t\t<section class=\"elementor-section elementor-inner-section elementor-element elementor-element-826cdad elementor-section-boxed elementor-section-height-default elementor-section-height-default\" data-id=\"826cdad\" data-element_type=\"section\" data-e-type=\"section\">\n\t\t\t\t\t\t<div class=\"elementor-container elementor-column-gap-default\">\n\t\t\t\t\t<div class=\"elementor-column elementor-col-50 elementor-inner-column elementor-element elementor-element-63f0214\" data-id=\"63f0214\" data-element_type=\"column\" data-e-type=\"column\">\n\t\t\t<div class=\"elementor-widget-wrap elementor-element-populated\">\n\t\t\t\t\t\t<div class=\"elementor-element elementor-element-ea3687a elementor-widget elementor-widget-heading\" data-id=\"ea3687a\" data-element_type=\"widget\" data-e-type=\"widget\" data-widget_type=\"heading.default\">\n\t\t\t\t<div class=\"elementor-widget-container\">\n\t\t\t\t\t<h2 class=\"elementor-heading-title elementor-size-default\">Legszebb Esk\u00fcv\u0151s H\u00edrlev\u00e9l feliratkoz\u00e1s<\/h2>\t\t\t\t<\/div>\n\t\t\t\t<\/div>\n\t\t\t\t<div class=\"elementor-element elementor-element-af447a6 elementor-widget elementor-widget-text-editor\" data-id=\"af447a6\" data-element_type=\"widget\" data-e-type=\"widget\" data-widget_type=\"text-editor.default\">\n\t\t\t\t<div class=\"elementor-widget-container\">\n\t\t\t\t\t\t\t\t\t<p><strong>Iratkozz fel a Legszebb Esk\u00fcv\u0151s H\u00edrlev\u00e9lre, ha szeretn\u00e9l els\u0151k\u00e9nt \u00e9rtes\u00fclni a leg\u00fajabb blogbejegyz\u00e9seimr\u0151l, aktualit\u00e1sokr\u00f3l, a Legszebb Esk\u00fcv\u0151s Tippek \u00faj vide\u00f3ir\u00f3l \u00e9s minden, esk\u00fcv\u0151szervez\u00e9ssel kapcsolatos hasznos \u00e9s fontos inform\u00e1ci\u00f3r\u00f3l.<\/strong><\/p><p><em><strong>\u00cdg\u00e9rem, nem bomb\u00e1zlak naponta \u00e9s azt is, hogy csupa hasznosat k\u00fcld\u00f6k majd!<\/strong><\/em><\/p>\t\t\t\t\t\t\t\t<\/div>\n\t\t\t\t<\/div>\n\t\t\t\t\t<\/div>\n\t\t<\/div>\n\t\t\t\t<div class=\"elementor-column elementor-col-50 elementor-inner-column elementor-element elementor-element-5ea896f\" data-id=\"5ea896f\" data-element_type=\"column\" data-e-type=\"column\">\n\t\t\t<div class=\"elementor-widget-wrap elementor-element-populated\">\n\t\t\t\t\t\t<div class=\"elementor-element elementor-element-c28b90e elementor-widget elementor-widget-image\" data-id=\"c28b90e\" data-element_type=\"widget\" data-e-type=\"widget\" data-widget_type=\"image.default\">\n\t\t\t\t<div class=\"elementor-widget-container\">\n\t\t\t\t\t\t\t\t\t\t\t\t\t\t\t<img fetchpriority=\"high\" decoding=\"async\" width=\"800\" height=\"534\" src=\"https:\/\/legszebbeskuvo.hu\/wp-content\/uploads\/2019\/04\/360-1024x683.jpg\" class=\"attachment-large size-large wp-image-6797760\" alt=\"\" srcset=\"https:\/\/legszebbeskuvo.hu\/wp-content\/uploads\/2019\/04\/360-1024x683.jpg 1024w, https:\/\/legszebbeskuvo.hu\/wp-content\/uploads\/2019\/04\/360-300x200.jpg 300w, https:\/\/legszebbeskuvo.hu\/wp-content\/uploads\/2019\/04\/360-768x513.jpg 768w, https:\/\/legszebbeskuvo.hu\/wp-content\/uploads\/2019\/04\/360-830x554.jpg 830w, https:\/\/legszebbeskuvo.hu\/wp-content\/uploads\/2019\/04\/360-230x153.jpg 230w, https:\/\/legszebbeskuvo.hu\/wp-content\/uploads\/2019\/04\/360-350x234.jpg 350w, https:\/\/legszebbeskuvo.hu\/wp-content\/uploads\/2019\/04\/360-480x320.jpg 480w, https:\/\/legszebbeskuvo.hu\/wp-content\/uploads\/2019\/04\/360.jpg 1500w\" sizes=\"(max-width: 800px) 100vw, 800px\" \/>\t\t\t\t\t\t\t\t\t\t\t\t\t\t\t<\/div>\n\t\t\t\t<\/div>\n\t\t\t\t\t<\/div>\n\t\t<\/div>\n\t\t\t\t\t<\/div>\n\t\t<\/section>\n\t\t\t\t\t<\/div>\n\t\t<\/div>\n\t\t\t\t\t<\/div>\n\t\t<\/section>\n\t\t\t\t<section class=\"elementor-section elementor-top-section elementor-element elementor-element-80e635b elementor-section-stretched elementor-section-boxed elementor-section-height-default elementor-section-height-default\" data-id=\"80e635b\" data-element_type=\"section\" data-e-type=\"section\" data-settings=\"{&quot;stretch_section&quot;:&quot;section-stretched&quot;,&quot;background_background&quot;:&quot;classic&quot;,&quot;shape_divider_top&quot;:&quot;clouds&quot;,&quot;shape_divider_bottom&quot;:&quot;clouds&quot;}\">\n\t\t\t\t\t<div class=\"elementor-shape elementor-shape-top\" aria-hidden=\"true\" data-negative=\"false\">\n\t\t\t<svg xmlns=\"http:\/\/www.w3.org\/2000\/svg\" viewBox=\"0 0 283.5 27.8\" preserveAspectRatio=\"xMidYMax slice\">\n  <path class=\"elementor-shape-fill\" d=\"M0 0v6.7c1.9-.8 4.7-1.4 8.5-1 9.5 1.1 11.1 6 11.1 6s2.1-.7 4.3-.2c2.1.5 2.8 2.6 2.8 2.6s.2-.5 1.4-.7c1.2-.2 1.7.2 1.7.2s0-2.1 1.9-2.8c1.9-.7 3.6.7 3.6.7s.7-2.9 3.1-4.1 4.7 0 4.7 0 1.2-.5 2.4 0 1.7 1.4 1.7 1.4h1.4c.7 0 1.2.7 1.2.7s.8-1.8 4-2.2c3.5-.4 5.3 2.4 6.2 4.4.4-.4 1-.7 1.8-.9 2.8-.7 4 .7 4 .7s1.7-5 11.1-6c9.5-1.1 12.3 3.9 12.3 3.9s1.2-4.8 5.7-5.7c4.5-.9 6.8 1.8 6.8 1.8s.6-.6 1.5-.9c.9-.2 1.9-.2 1.9-.2s5.2-6.4 12.6-3.3c7.3 3.1 4.7 9 4.7 9s1.9-.9 4 0 2.8 2.4 2.8 2.4 1.9-1.2 4.5-1.2 4.3 1.2 4.3 1.2.2-1 1.4-1.7 2.1-.7 2.1-.7-.5-3.1 2.1-5.5 5.7-1.4 5.7-1.4 1.5-2.3 4.2-1.1c2.7 1.2 1.7 5.2 1.7 5.2s.3-.1 1.3.5c.5.4.8.8.9 1.1.5-1.4 2.4-5.8 8.4-4 7.1 2.1 3.5 8.9 3.5 8.9s.8-.4 2 0 1.1 1.1 1.1 1.1 1.1-1.1 2.3-1.1 2.1.5 2.1.5 1.9-3.6 6.2-1.2 1.9 6.4 1.9 6.4 2.6-2.4 7.4 0c3.4 1.7 3.9 4.9 3.9 4.9s3.3-6.9 10.4-7.9 11.5 2.6 11.5 2.6.8 0 1.2.2c.4.2.9.9.9.9s4.4-3.1 8.3.2c1.9 1.7 1.5 5 1.5 5s.3-1.1 1.6-1.4c1.3-.3 2.3.2 2.3.2s-.1-1.2.5-1.9 1.9-.9 1.9-.9-4.7-9.3 4.4-13.4c5.6-2.5 9.2.9 9.2.9s5-6.2 15.9-6.2 16.1 8.1 16.1 8.1.7-.2 1.6-.4V0H0z\"\/>\n<\/svg>\n\t\t<\/div>\n\t\t\t\t<div class=\"elementor-shape elementor-shape-bottom\" aria-hidden=\"true\" data-negative=\"false\">\n\t\t\t<svg xmlns=\"http:\/\/www.w3.org\/2000\/svg\" viewBox=\"0 0 283.5 27.8\" preserveAspectRatio=\"xMidYMax slice\">\n  <path class=\"elementor-shape-fill\" d=\"M0 0v6.7c1.9-.8 4.7-1.4 8.5-1 9.5 1.1 11.1 6 11.1 6s2.1-.7 4.3-.2c2.1.5 2.8 2.6 2.8 2.6s.2-.5 1.4-.7c1.2-.2 1.7.2 1.7.2s0-2.1 1.9-2.8c1.9-.7 3.6.7 3.6.7s.7-2.9 3.1-4.1 4.7 0 4.7 0 1.2-.5 2.4 0 1.7 1.4 1.7 1.4h1.4c.7 0 1.2.7 1.2.7s.8-1.8 4-2.2c3.5-.4 5.3 2.4 6.2 4.4.4-.4 1-.7 1.8-.9 2.8-.7 4 .7 4 .7s1.7-5 11.1-6c9.5-1.1 12.3 3.9 12.3 3.9s1.2-4.8 5.7-5.7c4.5-.9 6.8 1.8 6.8 1.8s.6-.6 1.5-.9c.9-.2 1.9-.2 1.9-.2s5.2-6.4 12.6-3.3c7.3 3.1 4.7 9 4.7 9s1.9-.9 4 0 2.8 2.4 2.8 2.4 1.9-1.2 4.5-1.2 4.3 1.2 4.3 1.2.2-1 1.4-1.7 2.1-.7 2.1-.7-.5-3.1 2.1-5.5 5.7-1.4 5.7-1.4 1.5-2.3 4.2-1.1c2.7 1.2 1.7 5.2 1.7 5.2s.3-.1 1.3.5c.5.4.8.8.9 1.1.5-1.4 2.4-5.8 8.4-4 7.1 2.1 3.5 8.9 3.5 8.9s.8-.4 2 0 1.1 1.1 1.1 1.1 1.1-1.1 2.3-1.1 2.1.5 2.1.5 1.9-3.6 6.2-1.2 1.9 6.4 1.9 6.4 2.6-2.4 7.4 0c3.4 1.7 3.9 4.9 3.9 4.9s3.3-6.9 10.4-7.9 11.5 2.6 11.5 2.6.8 0 1.2.2c.4.2.9.9.9.9s4.4-3.1 8.3.2c1.9 1.7 1.5 5 1.5 5s.3-1.1 1.6-1.4c1.3-.3 2.3.2 2.3.2s-.1-1.2.5-1.9 1.9-.9 1.9-.9-4.7-9.3 4.4-13.4c5.6-2.5 9.2.9 9.2.9s5-6.2 15.9-6.2 16.1 8.1 16.1 8.1.7-.2 1.6-.4V0H0z\"\/>\n<\/svg>\n\t\t<\/div>\n\t\t\t\t\t<div class=\"elementor-container elementor-column-gap-default\">\n\t\t\t\t\t<div class=\"elementor-column elementor-col-100 elementor-top-column elementor-element elementor-element-4d31530\" data-id=\"4d31530\" data-element_type=\"column\" data-e-type=\"column\">\n\t\t\t<div class=\"elementor-widget-wrap elementor-element-populated\">\n\t\t\t\t\t\t<div class=\"elementor-element elementor-element-1497774 elementor-widget elementor-widget-heading\" data-id=\"1497774\" data-element_type=\"widget\" data-e-type=\"widget\" data-widget_type=\"heading.default\">\n\t\t\t\t<div class=\"elementor-widget-container\">\n\t\t\t\t\t<h2 class=\"elementor-heading-title elementor-size-default\">K\u00e9rlek, t\u00f6ltsd ki az \u0171rlapot a feliratkoz\u00e1shoz! <\/h2>\t\t\t\t<\/div>\n\t\t\t\t<\/div>\n\t\t\t\t<div class=\"elementor-element elementor-element-f6764c7 elementor-widget elementor-widget-text-editor\" data-id=\"f6764c7\" data-element_type=\"widget\" data-e-type=\"widget\" data-widget_type=\"text-editor.default\">\n\t\t\t\t<div class=\"elementor-widget-container\">\n\t\t\t\t\t\t\t\t\t<p>[contact-form-7 id=&#8221;50&#8243; title=&#8221;hirlevel&#8221;]<\/p>\t\t\t\t\t\t\t\t<\/div>\n\t\t\t\t<\/div>\n\t\t\t\t\t<\/div>\n\t\t<\/div>\n\t\t\t\t\t<\/div>\n\t\t<\/section>\n\t\t\t\t<\/div>\n\t\t","protected":false},"excerpt":{"rendered":"<p>Legszebb Esk\u00fcv\u0151s H\u00edrlev\u00e9l feliratkoz\u00e1s Iratkozz fel a Legszebb Esk\u00fcv\u0151s H\u00edrlev\u00e9lre, ha szeretn\u00e9l els\u0151k\u00e9nt \u00e9rtes\u00fclni a leg\u00fajabb blogbejegyz\u00e9seimr\u0151l, aktualit\u00e1sokr\u00f3l, a Legszebb Esk\u00fcv\u0151s Tippek \u00faj vide\u00f3ir\u00f3l \u00e9s minden, esk\u00fcv\u0151szervez\u00e9ssel kapcsolatos hasznos \u00e9s fontos inform\u00e1ci\u00f3r\u00f3l. \u00cdg\u00e9rem, nem bomb\u00e1zlak naponta \u00e9s azt is, hogy csupa hasznosat k\u00fcld\u00f6k majd! K\u00e9rlek, t\u00f6ltsd ki az \u0171rlapot a feliratkoz\u00e1shoz! [contact-form-7 id=&#8221;50&#8243; title=&#8221;hirlevel&#8221;]<\/p>\n","protected":false},"author":2,"featured_media":0,"parent":0,"menu_order":0,"comment_status":"closed","ping_status":"closed","template":"elementor_header_footer","meta":{"footnotes":""},"class_list":["post-6798550","page","type-page","status-publish","hentry"],"yoast_head":"<!-- This site is optimized with the Yoast SEO plugin v27.3 - https:\/\/yoast.com\/product\/yoast-seo-wordpress\/ -->\n<title>H\u00edrlev\u00e9l feliratkoz\u00e1s - Legszebb esk\u00fcv\u0151 esk\u00fcv\u0151szervez\u00e9s<\/title>\n<meta name=\"robots\" content=\"index, follow, max-snippet:-1, max-image-preview:large, max-video-preview:-1\" \/>\n<link rel=\"canonical\" href=\"https:\/\/legszebbeskuvo.hu\/en\/hirlevel-feliratkozas\/\" \/>\n<meta property=\"og:locale\" content=\"en_GB\" \/>\n<meta property=\"og:type\" content=\"article\" \/>\n<meta property=\"og:title\" content=\"H\u00edrlev\u00e9l feliratkoz\u00e1s - Legszebb esk\u00fcv\u0151 esk\u00fcv\u0151szervez\u00e9s\" \/>\n<meta property=\"og:description\" content=\"Legszebb Esk\u00fcv\u0151s H\u00edrlev\u00e9l feliratkoz\u00e1s Iratkozz fel a Legszebb Esk\u00fcv\u0151s H\u00edrlev\u00e9lre, ha szeretn\u00e9l els\u0151k\u00e9nt \u00e9rtes\u00fclni a leg\u00fajabb blogbejegyz\u00e9seimr\u0151l, aktualit\u00e1sokr\u00f3l, a Legszebb Esk\u00fcv\u0151s Tippek \u00faj vide\u00f3ir\u00f3l \u00e9s minden, esk\u00fcv\u0151szervez\u00e9ssel kapcsolatos hasznos \u00e9s fontos inform\u00e1ci\u00f3r\u00f3l. \u00cdg\u00e9rem, nem bomb\u00e1zlak naponta \u00e9s azt is, hogy csupa hasznosat k\u00fcld\u00f6k majd! K\u00e9rlek, t\u00f6ltsd ki az \u0171rlapot a feliratkoz\u00e1shoz! [contact-form-7 id=&#8221;50&#8243; title=&#8221;hirlevel&#8221;]\" \/>\n<meta property=\"og:url\" content=\"https:\/\/legszebbeskuvo.hu\/en\/hirlevel-feliratkozas\/\" \/>\n<meta property=\"og:site_name\" content=\"Legszebb esk\u00fcv\u0151 esk\u00fcv\u0151szervez\u00e9s\" \/>\n<meta property=\"article:modified_time\" content=\"2021-03-12T14:57:32+00:00\" \/>\n<meta property=\"og:image\" content=\"https:\/\/legszebbeskuvo.hu\/wp-content\/uploads\/2019\/04\/360-1024x683.jpg\" \/>\n<meta name=\"twitter:card\" content=\"summary_large_image\" \/>\n<script type=\"application\/ld+json\" class=\"yoast-schema-graph\">{\"@context\":\"https:\\\/\\\/schema.org\",\"@graph\":[{\"@type\":\"WebPage\",\"@id\":\"https:\\\/\\\/legszebbeskuvo.hu\\\/hirlevel-feliratkozas\\\/\",\"url\":\"https:\\\/\\\/legszebbeskuvo.hu\\\/hirlevel-feliratkozas\\\/\",\"name\":\"H\u00edrlev\u00e9l feliratkoz\u00e1s - Legszebb esk\u00fcv\u0151 esk\u00fcv\u0151szervez\u00e9s\",\"isPartOf\":{\"@id\":\"https:\\\/\\\/legszebbeskuvo.hu\\\/#website\"},\"primaryImageOfPage\":{\"@id\":\"https:\\\/\\\/legszebbeskuvo.hu\\\/hirlevel-feliratkozas\\\/#primaryimage\"},\"image\":{\"@id\":\"https:\\\/\\\/legszebbeskuvo.hu\\\/hirlevel-feliratkozas\\\/#primaryimage\"},\"thumbnailUrl\":\"https:\\\/\\\/legszebbeskuvo.hu\\\/wp-content\\\/uploads\\\/2019\\\/04\\\/360-1024x683.jpg\",\"datePublished\":\"2021-03-12T14:55:17+00:00\",\"dateModified\":\"2021-03-12T14:57:32+00:00\",\"breadcrumb\":{\"@id\":\"https:\\\/\\\/legszebbeskuvo.hu\\\/hirlevel-feliratkozas\\\/#breadcrumb\"},\"inLanguage\":\"en-GB\",\"potentialAction\":[{\"@type\":\"ReadAction\",\"target\":[\"https:\\\/\\\/legszebbeskuvo.hu\\\/hirlevel-feliratkozas\\\/\"]}]},{\"@type\":\"ImageObject\",\"inLanguage\":\"en-GB\",\"@id\":\"https:\\\/\\\/legszebbeskuvo.hu\\\/hirlevel-feliratkozas\\\/#primaryimage\",\"url\":\"https:\\\/\\\/legszebbeskuvo.hu\\\/wp-content\\\/uploads\\\/2019\\\/04\\\/360-1024x683.jpg\",\"contentUrl\":\"https:\\\/\\\/legszebbeskuvo.hu\\\/wp-content\\\/uploads\\\/2019\\\/04\\\/360-1024x683.jpg\"},{\"@type\":\"BreadcrumbList\",\"@id\":\"https:\\\/\\\/legszebbeskuvo.hu\\\/hirlevel-feliratkozas\\\/#breadcrumb\",\"itemListElement\":[{\"@type\":\"ListItem\",\"position\":1,\"name\":\"Home\",\"item\":\"https:\\\/\\\/legszebbeskuvo.hu\\\/\"},{\"@type\":\"ListItem\",\"position\":2,\"name\":\"H\u00edrlev\u00e9l feliratkoz\u00e1s\"}]},{\"@type\":\"WebSite\",\"@id\":\"https:\\\/\\\/legszebbeskuvo.hu\\\/#website\",\"url\":\"https:\\\/\\\/legszebbeskuvo.hu\\\/\",\"name\":\"Legszebb esk\u00fcv\u0151 esk\u00fcv\u0151szervez\u00e9s\",\"description\":\"Esk\u00fcv\u0151szervez\u00e9s sz\u00edvvel-l\u00e9lekkel\",\"potentialAction\":[{\"@type\":\"SearchAction\",\"target\":{\"@type\":\"EntryPoint\",\"urlTemplate\":\"https:\\\/\\\/legszebbeskuvo.hu\\\/?s={search_term_string}\"},\"query-input\":{\"@type\":\"PropertyValueSpecification\",\"valueRequired\":true,\"valueName\":\"search_term_string\"}}],\"inLanguage\":\"en-GB\"}]}<\/script>\n<!-- \/ Yoast SEO plugin. -->","yoast_head_json":{"title":"H\u00edrlev\u00e9l feliratkoz\u00e1s - Legszebb esk\u00fcv\u0151 esk\u00fcv\u0151szervez\u00e9s","robots":{"index":"index","follow":"follow","max-snippet":"max-snippet:-1","max-image-preview":"max-image-preview:large","max-video-preview":"max-video-preview:-1"},"canonical":"https:\/\/legszebbeskuvo.hu\/en\/hirlevel-feliratkozas\/","og_locale":"en_GB","og_type":"article","og_title":"H\u00edrlev\u00e9l feliratkoz\u00e1s - Legszebb esk\u00fcv\u0151 esk\u00fcv\u0151szervez\u00e9s","og_description":"Legszebb Esk\u00fcv\u0151s H\u00edrlev\u00e9l feliratkoz\u00e1s Iratkozz fel a Legszebb Esk\u00fcv\u0151s H\u00edrlev\u00e9lre, ha szeretn\u00e9l els\u0151k\u00e9nt \u00e9rtes\u00fclni a leg\u00fajabb blogbejegyz\u00e9seimr\u0151l, aktualit\u00e1sokr\u00f3l, a Legszebb Esk\u00fcv\u0151s Tippek \u00faj vide\u00f3ir\u00f3l \u00e9s minden, esk\u00fcv\u0151szervez\u00e9ssel kapcsolatos hasznos \u00e9s fontos inform\u00e1ci\u00f3r\u00f3l. \u00cdg\u00e9rem, nem bomb\u00e1zlak naponta \u00e9s azt is, hogy csupa hasznosat k\u00fcld\u00f6k majd! K\u00e9rlek, t\u00f6ltsd ki az \u0171rlapot a feliratkoz\u00e1shoz! [contact-form-7 id=&#8221;50&#8243; title=&#8221;hirlevel&#8221;]","og_url":"https:\/\/legszebbeskuvo.hu\/en\/hirlevel-feliratkozas\/","og_site_name":"Legszebb esk\u00fcv\u0151 esk\u00fcv\u0151szervez\u00e9s","article_modified_time":"2021-03-12T14:57:32+00:00","og_image":[{"url":"https:\/\/legszebbeskuvo.hu\/wp-content\/uploads\/2019\/04\/360-1024x683.jpg","type":"","width":"","height":""}],"twitter_card":"summary_large_image","schema":{"@context":"https:\/\/schema.org","@graph":[{"@type":"WebPage","@id":"https:\/\/legszebbeskuvo.hu\/hirlevel-feliratkozas\/","url":"https:\/\/legszebbeskuvo.hu\/hirlevel-feliratkozas\/","name":"H\u00edrlev\u00e9l feliratkoz\u00e1s - Legszebb esk\u00fcv\u0151 esk\u00fcv\u0151szervez\u00e9s","isPartOf":{"@id":"https:\/\/legszebbeskuvo.hu\/#website"},"primaryImageOfPage":{"@id":"https:\/\/legszebbeskuvo.hu\/hirlevel-feliratkozas\/#primaryimage"},"image":{"@id":"https:\/\/legszebbeskuvo.hu\/hirlevel-feliratkozas\/#primaryimage"},"thumbnailUrl":"https:\/\/legszebbeskuvo.hu\/wp-content\/uploads\/2019\/04\/360-1024x683.jpg","datePublished":"2021-03-12T14:55:17+00:00","dateModified":"2021-03-12T14:57:32+00:00","breadcrumb":{"@id":"https:\/\/legszebbeskuvo.hu\/hirlevel-feliratkozas\/#breadcrumb"},"inLanguage":"en-GB","potentialAction":[{"@type":"ReadAction","target":["https:\/\/legszebbeskuvo.hu\/hirlevel-feliratkozas\/"]}]},{"@type":"ImageObject","inLanguage":"en-GB","@id":"https:\/\/legszebbeskuvo.hu\/hirlevel-feliratkozas\/#primaryimage","url":"https:\/\/legszebbeskuvo.hu\/wp-content\/uploads\/2019\/04\/360-1024x683.jpg","contentUrl":"https:\/\/legszebbeskuvo.hu\/wp-content\/uploads\/2019\/04\/360-1024x683.jpg"},{"@type":"BreadcrumbList","@id":"https:\/\/legszebbeskuvo.hu\/hirlevel-feliratkozas\/#breadcrumb","itemListElement":[{"@type":"ListItem","position":1,"name":"Home","item":"https:\/\/legszebbeskuvo.hu\/"},{"@type":"ListItem","position":2,"name":"H\u00edrlev\u00e9l feliratkoz\u00e1s"}]},{"@type":"WebSite","@id":"https:\/\/legszebbeskuvo.hu\/#website","url":"https:\/\/legszebbeskuvo.hu\/","name":"Legszebb esk\u00fcv\u0151 Wedding Planning","description":"Esk\u00fcv\u0151szervez\u00e9s sz\u00edvvel-l\u00e9lekkel","potentialAction":[{"@type":"SearchAction","target":{"@type":"EntryPoint","urlTemplate":"https:\/\/legszebbeskuvo.hu\/?s={search_term_string}"},"query-input":{"@type":"PropertyValueSpecification","valueRequired":true,"valueName":"search_term_string"}}],"inLanguage":"en-GB"}]}},"_links":{"self":[{"href":"https:\/\/legszebbeskuvo.hu\/en\/wp-json\/wp\/v2\/pages\/6798550","targetHints":{"allow":["GET"]}}],"collection":[{"href":"https:\/\/legszebbeskuvo.hu\/en\/wp-json\/wp\/v2\/pages"}],"about":[{"href":"https:\/\/legszebbeskuvo.hu\/en\/wp-json\/wp\/v2\/types\/page"}],"author":[{"embeddable":true,"href":"https:\/\/legszebbeskuvo.hu\/en\/wp-json\/wp\/v2\/users\/2"}],"replies":[{"embeddable":true,"href":"https:\/\/legszebbeskuvo.hu\/en\/wp-json\/wp\/v2\/comments?post=6798550"}],"version-history":[{"count":3,"href":"https:\/\/legszebbeskuvo.hu\/en\/wp-json\/wp\/v2\/pages\/6798550\/revisions"}],"predecessor-version":[{"id":6798555,"href":"https:\/\/legszebbeskuvo.hu\/en\/wp-json\/wp\/v2\/pages\/6798550\/revisions\/6798555"}],"wp:attachment":[{"href":"https:\/\/legszebbeskuvo.hu\/en\/wp-json\/wp\/v2\/media?parent=6798550"}],"curies":[{"name":"wp","href":"https:\/\/api.w.org\/{rel}","templated":true}]}}