{"id":6798273,"date":"2021-01-23T19:32:02","date_gmt":"2021-01-23T18:32:02","guid":{"rendered":"https:\/\/legszebbeskuvo.hu\/?page_id=6798273"},"modified":"2021-01-24T01:08:39","modified_gmt":"2021-01-24T00:08:39","slug":"villamkonzultacio-koszonom","status":"publish","type":"page","link":"https:\/\/legszebbeskuvo.hu\/en\/villamkonzultacio-koszonom\/","title":{"rendered":"Vill\u00e1mkonzult\u00e1ci\u00f3 K\u00f6sz\u00f6n\u00f6m"},"content":{"rendered":"<div data-elementor-type=\"wp-post\" data-elementor-id=\"6798273\" class=\"elementor elementor-6798273\" data-elementor-post-type=\"page\">\n\t\t\t\t\t\t<section class=\"elementor-section elementor-top-section elementor-element elementor-element-ae82626 elementor-section-boxed elementor-section-height-default elementor-section-height-default\" data-id=\"ae82626\" data-element_type=\"section\" data-e-type=\"section\">\n\t\t\t\t\t\t<div class=\"elementor-container elementor-column-gap-default\">\n\t\t\t\t\t<div class=\"elementor-column elementor-col-100 elementor-top-column elementor-element elementor-element-957bf17\" data-id=\"957bf17\" data-element_type=\"column\" data-e-type=\"column\">\n\t\t\t<div class=\"elementor-widget-wrap elementor-element-populated\">\n\t\t\t\t\t\t<div class=\"elementor-element elementor-element-0910f06 elementor-widget elementor-widget-html\" data-id=\"0910f06\" data-element_type=\"widget\" data-e-type=\"widget\" data-widget_type=\"html.default\">\n\t\t\t\t<div class=\"elementor-widget-container\">\n\t\t\t\t\t<!-- Global site tag (gtag.js) - Google Ads: 994464428 -->\r\n<script async src=\"https:\/\/www.googletagmanager.com\/gtag\/js?id=AW-994464428\"><\/script>\r\n<script>\r\n  window.dataLayer = window.dataLayer || [];\r\n  function gtag(){dataLayer.push(arguments);}\r\n  gtag('js', new Date());\r\n\r\n  gtag('config', 'AW-994464428');\r\n<\/script>\r\n\r\n<!-- Event snippet for Vill\u00e1mkonzult\u00e1ci\u00f3 Jelentkez\u00e9s conversion page -->\r\n<script>\r\n  gtag('event', 'conversion', {'send_to': 'AW-994464428\/RfOLCPT_sfIBEKylmdoD'});\r\n<\/script>\t\t\t\t<\/div>\n\t\t\t\t<\/div>\n\t\t\t\t\t<\/div>\n\t\t<\/div>\n\t\t\t\t\t<\/div>\n\t\t<\/section>\n\t\t\t\t<section class=\"elementor-section elementor-top-section elementor-element elementor-element-dc373f8 elementor-section-boxed elementor-section-height-default elementor-section-height-default\" data-id=\"dc373f8\" data-element_type=\"section\" data-e-type=\"section\">\n\t\t\t\t\t\t<div class=\"elementor-container elementor-column-gap-default\">\n\t\t\t\t\t<div class=\"elementor-column elementor-col-100 elementor-top-column elementor-element elementor-element-c073741\" data-id=\"c073741\" data-element_type=\"column\" data-e-type=\"column\">\n\t\t\t<div class=\"elementor-widget-wrap elementor-element-populated\">\n\t\t\t\t\t\t<div class=\"elementor-element elementor-element-ec8e65e elementor-widget elementor-widget-heading\" data-id=\"ec8e65e\" data-element_type=\"widget\" data-e-type=\"widget\" data-widget_type=\"heading.default\">\n\t\t\t\t<div class=\"elementor-widget-container\">\n\t\t\t\t\t<h3 class=\"elementor-heading-title elementor-size-default\">K\u00f6sz\u00f6n\u00f6m sz\u00e9pen a jelentkez\u00e9sedet, hamarosan keresni foglak.<\/h3>\t\t\t\t<\/div>\n\t\t\t\t<\/div>\n\t\t\t\t<div class=\"elementor-element elementor-element-281060b elementor-widget elementor-widget-image\" data-id=\"281060b\" data-element_type=\"widget\" data-e-type=\"widget\" data-widget_type=\"image.default\">\n\t\t\t\t<div class=\"elementor-widget-container\">\n\t\t\t\t\t\t\t\t\t\t\t\t\t\t\t<img fetchpriority=\"high\" decoding=\"async\" width=\"768\" height=\"513\" src=\"https:\/\/legszebbeskuvo.hu\/wp-content\/uploads\/2021\/01\/107675226_558193984874062_1353958902766633579_o-768x513.jpg\" class=\"attachment-medium_large size-medium_large wp-image-6798291\" alt=\"\" srcset=\"https:\/\/legszebbeskuvo.hu\/wp-content\/uploads\/2021\/01\/107675226_558193984874062_1353958902766633579_o-768x513.jpg 768w, https:\/\/legszebbeskuvo.hu\/wp-content\/uploads\/2021\/01\/107675226_558193984874062_1353958902766633579_o-300x200.jpg 300w, https:\/\/legszebbeskuvo.hu\/wp-content\/uploads\/2021\/01\/107675226_558193984874062_1353958902766633579_o-1024x684.jpg 1024w, https:\/\/legszebbeskuvo.hu\/wp-content\/uploads\/2021\/01\/107675226_558193984874062_1353958902766633579_o-830x554.jpg 830w, https:\/\/legszebbeskuvo.hu\/wp-content\/uploads\/2021\/01\/107675226_558193984874062_1353958902766633579_o-230x154.jpg 230w, https:\/\/legszebbeskuvo.hu\/wp-content\/uploads\/2021\/01\/107675226_558193984874062_1353958902766633579_o-350x234.jpg 350w, https:\/\/legszebbeskuvo.hu\/wp-content\/uploads\/2021\/01\/107675226_558193984874062_1353958902766633579_o-480x320.jpg 480w, https:\/\/legszebbeskuvo.hu\/wp-content\/uploads\/2021\/01\/107675226_558193984874062_1353958902766633579_o.jpg 2048w\" sizes=\"(max-width: 768px) 100vw, 768px\" \/>\t\t\t\t\t\t\t\t\t\t\t\t\t\t\t<\/div>\n\t\t\t\t<\/div>\n\t\t\t\t\t<\/div>\n\t\t<\/div>\n\t\t\t\t\t<\/div>\n\t\t<\/section>\n\t\t\t\t<\/div>","protected":false},"excerpt":{"rendered":"<p>K\u00f6sz\u00f6n\u00f6m sz\u00e9pen a jelentkez\u00e9sedet, hamarosan keresni foglak.<\/p>","protected":false},"author":3,"featured_media":0,"parent":0,"menu_order":0,"comment_status":"closed","ping_status":"closed","template":"elementor_canvas","meta":{"footnotes":""},"class_list":["post-6798273","page","type-page","status-publish","hentry"],"yoast_head":"<!-- This site is optimized with the Yoast SEO plugin v27.3 - https:\/\/yoast.com\/product\/yoast-seo-wordpress\/ -->\n<title>Vill\u00e1mkonzult\u00e1ci\u00f3 K\u00f6sz\u00f6n\u00f6m - Legszebb esk\u00fcv\u0151 esk\u00fcv\u0151szervez\u00e9s<\/title>\n<meta name=\"robots\" content=\"index, follow, max-snippet:-1, max-image-preview:large, max-video-preview:-1\" \/>\n<link rel=\"canonical\" href=\"https:\/\/legszebbeskuvo.hu\/en\/villamkonzultacio-koszonom\/\" \/>\n<meta property=\"og:locale\" content=\"en_GB\" \/>\n<meta property=\"og:type\" content=\"article\" \/>\n<meta property=\"og:title\" content=\"Vill\u00e1mkonzult\u00e1ci\u00f3 K\u00f6sz\u00f6n\u00f6m - Legszebb esk\u00fcv\u0151 esk\u00fcv\u0151szervez\u00e9s\" \/>\n<meta property=\"og:description\" content=\"K\u00f6sz\u00f6n\u00f6m sz\u00e9pen a jelentkez\u00e9sedet, hamarosan keresni foglak.\" \/>\n<meta property=\"og:url\" content=\"https:\/\/legszebbeskuvo.hu\/en\/villamkonzultacio-koszonom\/\" \/>\n<meta property=\"og:site_name\" content=\"Legszebb esk\u00fcv\u0151 esk\u00fcv\u0151szervez\u00e9s\" \/>\n<meta property=\"article:modified_time\" content=\"2021-01-24T00:08:39+00:00\" \/>\n<meta property=\"og:image\" content=\"https:\/\/legszebbeskuvo.hu\/wp-content\/uploads\/2021\/01\/107675226_558193984874062_1353958902766633579_o-768x513.jpg\" \/>\n<meta name=\"twitter:card\" content=\"summary_large_image\" \/>\n<script type=\"application\/ld+json\" class=\"yoast-schema-graph\">{\"@context\":\"https:\\\/\\\/schema.org\",\"@graph\":[{\"@type\":\"WebPage\",\"@id\":\"https:\\\/\\\/legszebbeskuvo.hu\\\/villamkonzultacio-koszonom\\\/\",\"url\":\"https:\\\/\\\/legszebbeskuvo.hu\\\/villamkonzultacio-koszonom\\\/\",\"name\":\"Vill\u00e1mkonzult\u00e1ci\u00f3 K\u00f6sz\u00f6n\u00f6m - Legszebb esk\u00fcv\u0151 esk\u00fcv\u0151szervez\u00e9s\",\"isPartOf\":{\"@id\":\"https:\\\/\\\/legszebbeskuvo.hu\\\/#website\"},\"primaryImageOfPage\":{\"@id\":\"https:\\\/\\\/legszebbeskuvo.hu\\\/villamkonzultacio-koszonom\\\/#primaryimage\"},\"image\":{\"@id\":\"https:\\\/\\\/legszebbeskuvo.hu\\\/villamkonzultacio-koszonom\\\/#primaryimage\"},\"thumbnailUrl\":\"https:\\\/\\\/legszebbeskuvo.hu\\\/wp-content\\\/uploads\\\/2021\\\/01\\\/107675226_558193984874062_1353958902766633579_o-768x513.jpg\",\"datePublished\":\"2021-01-23T18:32:02+00:00\",\"dateModified\":\"2021-01-24T00:08:39+00:00\",\"breadcrumb\":{\"@id\":\"https:\\\/\\\/legszebbeskuvo.hu\\\/villamkonzultacio-koszonom\\\/#breadcrumb\"},\"inLanguage\":\"en-GB\",\"potentialAction\":[{\"@type\":\"ReadAction\",\"target\":[\"https:\\\/\\\/legszebbeskuvo.hu\\\/villamkonzultacio-koszonom\\\/\"]}]},{\"@type\":\"ImageObject\",\"inLanguage\":\"en-GB\",\"@id\":\"https:\\\/\\\/legszebbeskuvo.hu\\\/villamkonzultacio-koszonom\\\/#primaryimage\",\"url\":\"https:\\\/\\\/legszebbeskuvo.hu\\\/wp-content\\\/uploads\\\/2021\\\/01\\\/107675226_558193984874062_1353958902766633579_o-768x513.jpg\",\"contentUrl\":\"https:\\\/\\\/legszebbeskuvo.hu\\\/wp-content\\\/uploads\\\/2021\\\/01\\\/107675226_558193984874062_1353958902766633579_o-768x513.jpg\"},{\"@type\":\"BreadcrumbList\",\"@id\":\"https:\\\/\\\/legszebbeskuvo.hu\\\/villamkonzultacio-koszonom\\\/#breadcrumb\",\"itemListElement\":[{\"@type\":\"ListItem\",\"position\":1,\"name\":\"Home\",\"item\":\"https:\\\/\\\/legszebbeskuvo.hu\\\/\"},{\"@type\":\"ListItem\",\"position\":2,\"name\":\"Vill\u00e1mkonzult\u00e1ci\u00f3 K\u00f6sz\u00f6n\u00f6m\"}]},{\"@type\":\"WebSite\",\"@id\":\"https:\\\/\\\/legszebbeskuvo.hu\\\/#website\",\"url\":\"https:\\\/\\\/legszebbeskuvo.hu\\\/\",\"name\":\"Legszebb esk\u00fcv\u0151 esk\u00fcv\u0151szervez\u00e9s\",\"description\":\"Esk\u00fcv\u0151szervez\u00e9s sz\u00edvvel-l\u00e9lekkel\",\"potentialAction\":[{\"@type\":\"SearchAction\",\"target\":{\"@type\":\"EntryPoint\",\"urlTemplate\":\"https:\\\/\\\/legszebbeskuvo.hu\\\/?s={search_term_string}\"},\"query-input\":{\"@type\":\"PropertyValueSpecification\",\"valueRequired\":true,\"valueName\":\"search_term_string\"}}],\"inLanguage\":\"en-GB\"}]}<\/script>\n<!-- \/ Yoast SEO plugin. -->","yoast_head_json":{"title":"Vill\u00e1mkonzult\u00e1ci\u00f3 K\u00f6sz\u00f6n\u00f6m - Legszebb esk\u00fcv\u0151 esk\u00fcv\u0151szervez\u00e9s","robots":{"index":"index","follow":"follow","max-snippet":"max-snippet:-1","max-image-preview":"max-image-preview:large","max-video-preview":"max-video-preview:-1"},"canonical":"https:\/\/legszebbeskuvo.hu\/en\/villamkonzultacio-koszonom\/","og_locale":"en_GB","og_type":"article","og_title":"Vill\u00e1mkonzult\u00e1ci\u00f3 K\u00f6sz\u00f6n\u00f6m - Legszebb esk\u00fcv\u0151 esk\u00fcv\u0151szervez\u00e9s","og_description":"K\u00f6sz\u00f6n\u00f6m sz\u00e9pen a jelentkez\u00e9sedet, hamarosan keresni foglak.","og_url":"https:\/\/legszebbeskuvo.hu\/en\/villamkonzultacio-koszonom\/","og_site_name":"Legszebb esk\u00fcv\u0151 esk\u00fcv\u0151szervez\u00e9s","article_modified_time":"2021-01-24T00:08:39+00:00","og_image":[{"url":"https:\/\/legszebbeskuvo.hu\/wp-content\/uploads\/2021\/01\/107675226_558193984874062_1353958902766633579_o-768x513.jpg","type":"","width":"","height":""}],"twitter_card":"summary_large_image","schema":{"@context":"https:\/\/schema.org","@graph":[{"@type":"WebPage","@id":"https:\/\/legszebbeskuvo.hu\/villamkonzultacio-koszonom\/","url":"https:\/\/legszebbeskuvo.hu\/villamkonzultacio-koszonom\/","name":"Vill\u00e1mkonzult\u00e1ci\u00f3 K\u00f6sz\u00f6n\u00f6m - Legszebb esk\u00fcv\u0151 esk\u00fcv\u0151szervez\u00e9s","isPartOf":{"@id":"https:\/\/legszebbeskuvo.hu\/#website"},"primaryImageOfPage":{"@id":"https:\/\/legszebbeskuvo.hu\/villamkonzultacio-koszonom\/#primaryimage"},"image":{"@id":"https:\/\/legszebbeskuvo.hu\/villamkonzultacio-koszonom\/#primaryimage"},"thumbnailUrl":"https:\/\/legszebbeskuvo.hu\/wp-content\/uploads\/2021\/01\/107675226_558193984874062_1353958902766633579_o-768x513.jpg","datePublished":"2021-01-23T18:32:02+00:00","dateModified":"2021-01-24T00:08:39+00:00","breadcrumb":{"@id":"https:\/\/legszebbeskuvo.hu\/villamkonzultacio-koszonom\/#breadcrumb"},"inLanguage":"en-GB","potentialAction":[{"@type":"ReadAction","target":["https:\/\/legszebbeskuvo.hu\/villamkonzultacio-koszonom\/"]}]},{"@type":"ImageObject","inLanguage":"en-GB","@id":"https:\/\/legszebbeskuvo.hu\/villamkonzultacio-koszonom\/#primaryimage","url":"https:\/\/legszebbeskuvo.hu\/wp-content\/uploads\/2021\/01\/107675226_558193984874062_1353958902766633579_o-768x513.jpg","contentUrl":"https:\/\/legszebbeskuvo.hu\/wp-content\/uploads\/2021\/01\/107675226_558193984874062_1353958902766633579_o-768x513.jpg"},{"@type":"BreadcrumbList","@id":"https:\/\/legszebbeskuvo.hu\/villamkonzultacio-koszonom\/#breadcrumb","itemListElement":[{"@type":"ListItem","position":1,"name":"Home","item":"https:\/\/legszebbeskuvo.hu\/"},{"@type":"ListItem","position":2,"name":"Vill\u00e1mkonzult\u00e1ci\u00f3 K\u00f6sz\u00f6n\u00f6m"}]},{"@type":"WebSite","@id":"https:\/\/legszebbeskuvo.hu\/#website","url":"https:\/\/legszebbeskuvo.hu\/","name":"Legszebb esk\u00fcv\u0151 Wedding Planning","description":"Esk\u00fcv\u0151szervez\u00e9s sz\u00edvvel-l\u00e9lekkel","potentialAction":[{"@type":"SearchAction","target":{"@type":"EntryPoint","urlTemplate":"https:\/\/legszebbeskuvo.hu\/?s={search_term_string}"},"query-input":{"@type":"PropertyValueSpecification","valueRequired":true,"valueName":"search_term_string"}}],"inLanguage":"en-GB"}]}},"_links":{"self":[{"href":"https:\/\/legszebbeskuvo.hu\/en\/wp-json\/wp\/v2\/pages\/6798273","targetHints":{"allow":["GET"]}}],"collection":[{"href":"https:\/\/legszebbeskuvo.hu\/en\/wp-json\/wp\/v2\/pages"}],"about":[{"href":"https:\/\/legszebbeskuvo.hu\/en\/wp-json\/wp\/v2\/types\/page"}],"author":[{"embeddable":true,"href":"https:\/\/legszebbeskuvo.hu\/en\/wp-json\/wp\/v2\/users\/3"}],"replies":[{"embeddable":true,"href":"https:\/\/legszebbeskuvo.hu\/en\/wp-json\/wp\/v2\/comments?post=6798273"}],"version-history":[{"count":3,"href":"https:\/\/legszebbeskuvo.hu\/en\/wp-json\/wp\/v2\/pages\/6798273\/revisions"}],"predecessor-version":[{"id":6798292,"href":"https:\/\/legszebbeskuvo.hu\/en\/wp-json\/wp\/v2\/pages\/6798273\/revisions\/6798292"}],"wp:attachment":[{"href":"https:\/\/legszebbeskuvo.hu\/en\/wp-json\/wp\/v2\/media?parent=6798273"}],"curies":[{"name":"wp","href":"https:\/\/api.w.org\/{rel}","templated":true}]}}