{"id":6798019,"date":"2020-12-09T15:01:23","date_gmt":"2020-12-09T14:01:23","guid":{"rendered":"https:\/\/legszebbeskuvo.hu\/?page_id=6798019"},"modified":"2021-03-12T14:50:21","modified_gmt":"2021-03-12T13:50:21","slug":"eskuvo-vendeg-lista-letoltes","status":"publish","type":"page","link":"https:\/\/legszebbeskuvo.hu\/en\/eskuvo-vendeg-lista-letoltes\/","title":{"rendered":"Az esk\u00fcv\u0151i vend\u00e9glista t\u00edzparancsolata"},"content":{"rendered":"<div data-elementor-type=\"wp-post\" data-elementor-id=\"6798019\" class=\"elementor elementor-6798019\" data-elementor-post-type=\"page\">\n\t\t\t\t\t\t<section class=\"elementor-section elementor-top-section elementor-element elementor-element-e5b6100 elementor-section-stretched elementor-section-boxed elementor-section-height-default elementor-section-height-default\" data-id=\"e5b6100\" data-element_type=\"section\" data-e-type=\"section\" data-settings=\"{&quot;stretch_section&quot;:&quot;section-stretched&quot;}\">\n\t\t\t\t\t\t<div class=\"elementor-container elementor-column-gap-default\">\n\t\t\t\t\t<div class=\"elementor-column elementor-col-100 elementor-top-column elementor-element elementor-element-b5afdda\" data-id=\"b5afdda\" data-element_type=\"column\" data-e-type=\"column\">\n\t\t\t<div class=\"elementor-widget-wrap elementor-element-populated\">\n\t\t\t\t\t\t<div class=\"elementor-element elementor-element-85524fa elementor-widget elementor-widget-heading\" data-id=\"85524fa\" data-element_type=\"widget\" data-e-type=\"widget\" data-widget_type=\"heading.default\">\n\t\t\t\t<div class=\"elementor-widget-container\">\n\t\t\t\t\t<h2 class=\"elementor-heading-title elementor-size-default\">Az esk\u00fcv\u0151i vend\u00e9glista t\u00edzparancsolata<\/h2>\t\t\t\t<\/div>\n\t\t\t\t<\/div>\n\t\t\t\t\t<\/div>\n\t\t<\/div>\n\t\t\t\t\t<\/div>\n\t\t<\/section>\n\t\t\t\t<section class=\"elementor-section elementor-top-section elementor-element elementor-element-55cad15 elementor-section-stretched elementor-section-boxed elementor-section-height-default elementor-section-height-default\" data-id=\"55cad15\" data-element_type=\"section\" data-e-type=\"section\" data-settings=\"{&quot;background_background&quot;:&quot;classic&quot;,&quot;stretch_section&quot;:&quot;section-stretched&quot;}\">\n\t\t\t\t\t\t<div class=\"elementor-container elementor-column-gap-default\">\n\t\t\t\t\t<div class=\"elementor-column elementor-col-100 elementor-top-column elementor-element elementor-element-07c6237\" data-id=\"07c6237\" data-element_type=\"column\" data-e-type=\"column\" data-settings=\"{&quot;background_background&quot;:&quot;classic&quot;}\">\n\t\t\t<div class=\"elementor-widget-wrap elementor-element-populated\">\n\t\t\t\t\t<div class=\"elementor-background-overlay\"><\/div>\n\t\t\t\t\t\t<div class=\"elementor-element elementor-element-b204139 elementor-widget elementor-widget-image\" data-id=\"b204139\" data-element_type=\"widget\" data-e-type=\"widget\" data-widget_type=\"image.default\">\n\t\t\t\t<div class=\"elementor-widget-container\">\n\t\t\t\t\t\t\t\t\t\t\t\t\t\t\t<img decoding=\"async\" width=\"175\" height=\"80\" src=\"https:\/\/legszebbeskuvo.hu\/wp-content\/uploads\/2018\/01\/legszebb-eskuvo-logo-1.png\" class=\"attachment-large size-large wp-image-111\" alt=\"\" \/>\t\t\t\t\t\t\t\t\t\t\t\t\t\t\t<\/div>\n\t\t\t\t<\/div>\n\t\t\t\t<div class=\"elementor-element elementor-element-5569c08 elementor-widget elementor-widget-heading\" data-id=\"5569c08\" data-element_type=\"widget\" data-e-type=\"widget\" data-widget_type=\"heading.default\">\n\t\t\t\t<div class=\"elementor-widget-container\">\n\t\t\t\t\t<p class=\"elementor-heading-title elementor-size-default\">AKKOR VAN ERRE IGAZ\u00c1N SZ\u00dcKS\u00c9GETEK, HA LEGAL\u00c1BB EGY ILLIK R\u00c1TOK:<\/p>\t\t\t\t<\/div>\n\t\t\t\t<\/div>\n\t\t\t\t<div class=\"elementor-element elementor-element-945178d elementor-widget elementor-widget-text-editor\" data-id=\"945178d\" data-element_type=\"widget\" data-e-type=\"widget\" data-widget_type=\"text-editor.default\">\n\t\t\t\t<div class=\"elementor-widget-container\">\n\t\t\t\t\t\t\t\t\t<ul><li>Azt szeretn\u00e9tek, hogy csak az legyen ott az esk\u00fcv\u0151n, aki igaz\u00e1n fontos nektek.<\/li><li>Gondban vagytok, hogy mit illik, mit nem illik.<\/li><li>Nem szeretn\u00e9tek senkit megb\u00e1ntani.<\/li><li>El akarj\u00e1tok ker\u00fclni a konfliktusokat a sz\u00fcleitekkel.<\/li><li>Nem tudj\u00e1tok, hogy mi legyen a koll\u00e9g\u00e1kkal.<\/li><li>T\u00fal kicsi az \u00e1lomhelysz\u00edn, de \u00f3ri\u00e1si a rokons\u00e1g \u00e9s a bar\u00e1ti k\u00f6r.<\/li><\/ul>\t\t\t\t\t\t\t\t<\/div>\n\t\t\t\t<\/div>\n\t\t\t\t<div class=\"elementor-element elementor-element-85b9feb elementor-widget elementor-widget-heading\" data-id=\"85b9feb\" data-element_type=\"widget\" data-e-type=\"widget\" data-widget_type=\"heading.default\">\n\t\t\t\t<div class=\"elementor-widget-container\">\n\t\t\t\t\t<p class=\"elementor-heading-title elementor-size-default\">Igen, ez kell nek\u00fcnk! Ide k\u00fcldd k\u00e9rlek:<\/p>\t\t\t\t<\/div>\n\t\t\t\t<\/div>\n\t\t\t\t<div class=\"elementor-element elementor-element-0bded99 elementor-widget elementor-widget-html\" data-id=\"0bded99\" data-element_type=\"widget\" data-e-type=\"widget\" data-widget_type=\"html.default\">\n\t\t\t\t<div class=\"elementor-widget-container\">\n\t\t\t\t\t<div id=\"mmform217864\" class=\"mmform\" style=\"position: relative; padding-bottom: 300px; height: 0; overflow: hidden; max-width: 100%;\"><\/div>\r\n<script type=\"text\/javascript\">\r\nvar uniqueId = 2178641607529016476,\r\n\tlistId = 112858,\r\n\tformId = 217864,\r\n\tiwidth=420,\r\n\tmmDomain='salesautopilot.s3.amazonaws.com',\r\n\tsecondMMDomain='sw.marketingszoftverek.hu',\r\n\tspancont=false,\r\n\tsecure='https:' == (document.location.protocol)?true:false;\r\n<\/script>\r\n<script type=\"text\/javascript\" src=\"https:\/\/d1ursyhqs5x9h1.cloudfront.net\/sw\/scripts\/mm-embed-iframe-1.15.min.js\"><\/script>\t\t\t\t<\/div>\n\t\t\t\t<\/div>\n\t\t\t\t<div class=\"elementor-element elementor-element-f487764 elementor-widget elementor-widget-text-editor\" data-id=\"f487764\" data-element_type=\"widget\" data-e-type=\"widget\" data-widget_type=\"text-editor.default\">\n\t\t\t\t<div class=\"elementor-widget-container\">\n\t\t\t\t\t\t\t\t\t<p><a href=\"https:\/\/legszebbeskuvo.hu\/en\/adatvedelmi-iranyelvek\/\" target=\"_blank\" rel=\"noopener\">Adatv\u00e9delmi nyilatkozat<\/a><\/p>\t\t\t\t\t\t\t\t<\/div>\n\t\t\t\t<\/div>\n\t\t\t\t\t<\/div>\n\t\t<\/div>\n\t\t\t\t\t<\/div>\n\t\t<\/section>\n\t\t\t\t<\/div>","protected":false},"excerpt":{"rendered":"<p>Az esk\u00fcv\u0151i vend\u00e9glista t\u00edzparancsolata AKKOR VAN ERRE IGAZ\u00c1N SZ\u00dcKS\u00c9GETEK, HA LEGAL\u00c1BB EGY ILLIK R\u00c1TOK: Azt szeretn\u00e9tek, hogy csak az legyen ott az esk\u00fcv\u0151n, aki igaz\u00e1n fontos nektek. Gondban vagytok, hogy mit illik, mit nem illik. Nem szeretn\u00e9tek senkit megb\u00e1ntani. El akarj\u00e1tok ker\u00fclni a konfliktusokat a sz\u00fcleitekkel. Nem tudj\u00e1tok, hogy mi legyen a koll\u00e9g\u00e1kkal. T\u00fal kicsi [&hellip;]<\/p>\n","protected":false},"author":2,"featured_media":0,"parent":0,"menu_order":0,"comment_status":"closed","ping_status":"closed","template":"elementor_header_footer","meta":{"footnotes":""},"class_list":["post-6798019","page","type-page","status-publish","hentry"],"yoast_head":"<!-- This site is optimized with the Yoast SEO plugin v27.3 - https:\/\/yoast.com\/product\/yoast-seo-wordpress\/ -->\n<title>Az esk\u00fcv\u0151i vend\u00e9glista t\u00edzparancsolata - Legszebb esk\u00fcv\u0151 esk\u00fcv\u0151szervez\u00e9s<\/title>\n<meta name=\"robots\" content=\"index, follow, max-snippet:-1, max-image-preview:large, max-video-preview:-1\" \/>\n<link rel=\"canonical\" href=\"https:\/\/legszebbeskuvo.hu\/en\/eskuvo-vendeg-lista-letoltes\/\" \/>\n<meta property=\"og:locale\" content=\"en_GB\" \/>\n<meta property=\"og:type\" content=\"article\" \/>\n<meta property=\"og:title\" content=\"Az esk\u00fcv\u0151i vend\u00e9glista t\u00edzparancsolata - Legszebb esk\u00fcv\u0151 esk\u00fcv\u0151szervez\u00e9s\" \/>\n<meta property=\"og:description\" content=\"Az esk\u00fcv\u0151i vend\u00e9glista t\u00edzparancsolata AKKOR VAN ERRE IGAZ\u00c1N SZ\u00dcKS\u00c9GETEK, HA LEGAL\u00c1BB EGY ILLIK R\u00c1TOK: Azt szeretn\u00e9tek, hogy csak az legyen ott az esk\u00fcv\u0151n, aki igaz\u00e1n fontos nektek. Gondban vagytok, hogy mit illik, mit nem illik. Nem szeretn\u00e9tek senkit megb\u00e1ntani. El akarj\u00e1tok ker\u00fclni a konfliktusokat a sz\u00fcleitekkel. Nem tudj\u00e1tok, hogy mi legyen a koll\u00e9g\u00e1kkal. T\u00fal kicsi [&hellip;]\" \/>\n<meta property=\"og:url\" content=\"https:\/\/legszebbeskuvo.hu\/en\/eskuvo-vendeg-lista-letoltes\/\" \/>\n<meta property=\"og:site_name\" content=\"Legszebb esk\u00fcv\u0151 esk\u00fcv\u0151szervez\u00e9s\" \/>\n<meta property=\"article:modified_time\" content=\"2021-03-12T13:50:21+00:00\" \/>\n<meta property=\"og:image\" content=\"https:\/\/legszebbeskuvo.hu\/wp-content\/uploads\/2018\/01\/legszebb-eskuvo-logo-1.png\" \/>\n<meta name=\"twitter:card\" content=\"summary_large_image\" \/>\n<meta name=\"twitter:label1\" content=\"Estimated reading time\" \/>\n\t<meta name=\"twitter:data1\" content=\"1 minute\" \/>\n<script type=\"application\/ld+json\" class=\"yoast-schema-graph\">{\"@context\":\"https:\\\/\\\/schema.org\",\"@graph\":[{\"@type\":\"WebPage\",\"@id\":\"https:\\\/\\\/legszebbeskuvo.hu\\\/eskuvo-vendeg-lista-letoltes\\\/\",\"url\":\"https:\\\/\\\/legszebbeskuvo.hu\\\/eskuvo-vendeg-lista-letoltes\\\/\",\"name\":\"Az esk\u00fcv\u0151i vend\u00e9glista t\u00edzparancsolata - Legszebb esk\u00fcv\u0151 esk\u00fcv\u0151szervez\u00e9s\",\"isPartOf\":{\"@id\":\"https:\\\/\\\/legszebbeskuvo.hu\\\/#website\"},\"primaryImageOfPage\":{\"@id\":\"https:\\\/\\\/legszebbeskuvo.hu\\\/eskuvo-vendeg-lista-letoltes\\\/#primaryimage\"},\"image\":{\"@id\":\"https:\\\/\\\/legszebbeskuvo.hu\\\/eskuvo-vendeg-lista-letoltes\\\/#primaryimage\"},\"thumbnailUrl\":\"https:\\\/\\\/legszebbeskuvo.hu\\\/wp-content\\\/uploads\\\/2018\\\/01\\\/legszebb-eskuvo-logo-1.png\",\"datePublished\":\"2020-12-09T14:01:23+00:00\",\"dateModified\":\"2021-03-12T13:50:21+00:00\",\"breadcrumb\":{\"@id\":\"https:\\\/\\\/legszebbeskuvo.hu\\\/eskuvo-vendeg-lista-letoltes\\\/#breadcrumb\"},\"inLanguage\":\"en-GB\",\"potentialAction\":[{\"@type\":\"ReadAction\",\"target\":[\"https:\\\/\\\/legszebbeskuvo.hu\\\/eskuvo-vendeg-lista-letoltes\\\/\"]}]},{\"@type\":\"ImageObject\",\"inLanguage\":\"en-GB\",\"@id\":\"https:\\\/\\\/legszebbeskuvo.hu\\\/eskuvo-vendeg-lista-letoltes\\\/#primaryimage\",\"url\":\"https:\\\/\\\/legszebbeskuvo.hu\\\/wp-content\\\/uploads\\\/2018\\\/01\\\/legszebb-eskuvo-logo-1.png\",\"contentUrl\":\"https:\\\/\\\/legszebbeskuvo.hu\\\/wp-content\\\/uploads\\\/2018\\\/01\\\/legszebb-eskuvo-logo-1.png\"},{\"@type\":\"BreadcrumbList\",\"@id\":\"https:\\\/\\\/legszebbeskuvo.hu\\\/eskuvo-vendeg-lista-letoltes\\\/#breadcrumb\",\"itemListElement\":[{\"@type\":\"ListItem\",\"position\":1,\"name\":\"Home\",\"item\":\"https:\\\/\\\/legszebbeskuvo.hu\\\/\"},{\"@type\":\"ListItem\",\"position\":2,\"name\":\"Az esk\u00fcv\u0151i vend\u00e9glista t\u00edzparancsolata\"}]},{\"@type\":\"WebSite\",\"@id\":\"https:\\\/\\\/legszebbeskuvo.hu\\\/#website\",\"url\":\"https:\\\/\\\/legszebbeskuvo.hu\\\/\",\"name\":\"Legszebb esk\u00fcv\u0151 esk\u00fcv\u0151szervez\u00e9s\",\"description\":\"Esk\u00fcv\u0151szervez\u00e9s sz\u00edvvel-l\u00e9lekkel\",\"potentialAction\":[{\"@type\":\"SearchAction\",\"target\":{\"@type\":\"EntryPoint\",\"urlTemplate\":\"https:\\\/\\\/legszebbeskuvo.hu\\\/?s={search_term_string}\"},\"query-input\":{\"@type\":\"PropertyValueSpecification\",\"valueRequired\":true,\"valueName\":\"search_term_string\"}}],\"inLanguage\":\"en-GB\"}]}<\/script>\n<!-- \/ Yoast SEO plugin. -->","yoast_head_json":{"title":"Az esk\u00fcv\u0151i vend\u00e9glista t\u00edzparancsolata - Legszebb esk\u00fcv\u0151 esk\u00fcv\u0151szervez\u00e9s","robots":{"index":"index","follow":"follow","max-snippet":"max-snippet:-1","max-image-preview":"max-image-preview:large","max-video-preview":"max-video-preview:-1"},"canonical":"https:\/\/legszebbeskuvo.hu\/en\/eskuvo-vendeg-lista-letoltes\/","og_locale":"en_GB","og_type":"article","og_title":"Az esk\u00fcv\u0151i vend\u00e9glista t\u00edzparancsolata - Legszebb esk\u00fcv\u0151 esk\u00fcv\u0151szervez\u00e9s","og_description":"Az esk\u00fcv\u0151i vend\u00e9glista t\u00edzparancsolata AKKOR VAN ERRE IGAZ\u00c1N SZ\u00dcKS\u00c9GETEK, HA LEGAL\u00c1BB EGY ILLIK R\u00c1TOK: Azt szeretn\u00e9tek, hogy csak az legyen ott az esk\u00fcv\u0151n, aki igaz\u00e1n fontos nektek. Gondban vagytok, hogy mit illik, mit nem illik. Nem szeretn\u00e9tek senkit megb\u00e1ntani. El akarj\u00e1tok ker\u00fclni a konfliktusokat a sz\u00fcleitekkel. Nem tudj\u00e1tok, hogy mi legyen a koll\u00e9g\u00e1kkal. T\u00fal kicsi [&hellip;]","og_url":"https:\/\/legszebbeskuvo.hu\/en\/eskuvo-vendeg-lista-letoltes\/","og_site_name":"Legszebb esk\u00fcv\u0151 esk\u00fcv\u0151szervez\u00e9s","article_modified_time":"2021-03-12T13:50:21+00:00","og_image":[{"url":"https:\/\/legszebbeskuvo.hu\/wp-content\/uploads\/2018\/01\/legszebb-eskuvo-logo-1.png","type":"","width":"","height":""}],"twitter_card":"summary_large_image","twitter_misc":{"Estimated reading time":"1 minute"},"schema":{"@context":"https:\/\/schema.org","@graph":[{"@type":"WebPage","@id":"https:\/\/legszebbeskuvo.hu\/eskuvo-vendeg-lista-letoltes\/","url":"https:\/\/legszebbeskuvo.hu\/eskuvo-vendeg-lista-letoltes\/","name":"Az esk\u00fcv\u0151i vend\u00e9glista t\u00edzparancsolata - Legszebb esk\u00fcv\u0151 esk\u00fcv\u0151szervez\u00e9s","isPartOf":{"@id":"https:\/\/legszebbeskuvo.hu\/#website"},"primaryImageOfPage":{"@id":"https:\/\/legszebbeskuvo.hu\/eskuvo-vendeg-lista-letoltes\/#primaryimage"},"image":{"@id":"https:\/\/legszebbeskuvo.hu\/eskuvo-vendeg-lista-letoltes\/#primaryimage"},"thumbnailUrl":"https:\/\/legszebbeskuvo.hu\/wp-content\/uploads\/2018\/01\/legszebb-eskuvo-logo-1.png","datePublished":"2020-12-09T14:01:23+00:00","dateModified":"2021-03-12T13:50:21+00:00","breadcrumb":{"@id":"https:\/\/legszebbeskuvo.hu\/eskuvo-vendeg-lista-letoltes\/#breadcrumb"},"inLanguage":"en-GB","potentialAction":[{"@type":"ReadAction","target":["https:\/\/legszebbeskuvo.hu\/eskuvo-vendeg-lista-letoltes\/"]}]},{"@type":"ImageObject","inLanguage":"en-GB","@id":"https:\/\/legszebbeskuvo.hu\/eskuvo-vendeg-lista-letoltes\/#primaryimage","url":"https:\/\/legszebbeskuvo.hu\/wp-content\/uploads\/2018\/01\/legszebb-eskuvo-logo-1.png","contentUrl":"https:\/\/legszebbeskuvo.hu\/wp-content\/uploads\/2018\/01\/legszebb-eskuvo-logo-1.png"},{"@type":"BreadcrumbList","@id":"https:\/\/legszebbeskuvo.hu\/eskuvo-vendeg-lista-letoltes\/#breadcrumb","itemListElement":[{"@type":"ListItem","position":1,"name":"Home","item":"https:\/\/legszebbeskuvo.hu\/"},{"@type":"ListItem","position":2,"name":"Az esk\u00fcv\u0151i vend\u00e9glista t\u00edzparancsolata"}]},{"@type":"WebSite","@id":"https:\/\/legszebbeskuvo.hu\/#website","url":"https:\/\/legszebbeskuvo.hu\/","name":"Legszebb esk\u00fcv\u0151 Wedding Planning","description":"Esk\u00fcv\u0151szervez\u00e9s sz\u00edvvel-l\u00e9lekkel","potentialAction":[{"@type":"SearchAction","target":{"@type":"EntryPoint","urlTemplate":"https:\/\/legszebbeskuvo.hu\/?s={search_term_string}"},"query-input":{"@type":"PropertyValueSpecification","valueRequired":true,"valueName":"search_term_string"}}],"inLanguage":"en-GB"}]}},"_links":{"self":[{"href":"https:\/\/legszebbeskuvo.hu\/en\/wp-json\/wp\/v2\/pages\/6798019","targetHints":{"allow":["GET"]}}],"collection":[{"href":"https:\/\/legszebbeskuvo.hu\/en\/wp-json\/wp\/v2\/pages"}],"about":[{"href":"https:\/\/legszebbeskuvo.hu\/en\/wp-json\/wp\/v2\/types\/page"}],"author":[{"embeddable":true,"href":"https:\/\/legszebbeskuvo.hu\/en\/wp-json\/wp\/v2\/users\/2"}],"replies":[{"embeddable":true,"href":"https:\/\/legszebbeskuvo.hu\/en\/wp-json\/wp\/v2\/comments?post=6798019"}],"version-history":[{"count":3,"href":"https:\/\/legszebbeskuvo.hu\/en\/wp-json\/wp\/v2\/pages\/6798019\/revisions"}],"predecessor-version":[{"id":6798541,"href":"https:\/\/legszebbeskuvo.hu\/en\/wp-json\/wp\/v2\/pages\/6798019\/revisions\/6798541"}],"wp:attachment":[{"href":"https:\/\/legszebbeskuvo.hu\/en\/wp-json\/wp\/v2\/media?parent=6798019"}],"curies":[{"name":"wp","href":"https:\/\/api.w.org\/{rel}","templated":true}]}}