{"id":6797725,"date":"2019-04-10T09:11:57","date_gmt":"2019-04-10T07:11:57","guid":{"rendered":"https:\/\/legszebbeskuvo.hu\/?page_id=6797725"},"modified":"2024-02-21T20:37:02","modified_gmt":"2024-02-21T19:37:02","slug":"vl-eskuvoje","status":"publish","type":"page","link":"https:\/\/legszebbeskuvo.hu\/en\/vl-eskuvoje\/","title":{"rendered":"V+L esk\u00fcv\u0151je"},"content":{"rendered":"<div data-elementor-type=\"wp-post\" data-elementor-id=\"6797725\" class=\"elementor elementor-6797725\" data-elementor-post-type=\"page\">\n\t\t\t\t\t\t<section class=\"elementor-section elementor-top-section elementor-element elementor-element-d11dd60 elementor-section-boxed elementor-section-height-default elementor-section-height-default\" data-id=\"d11dd60\" data-element_type=\"section\" data-e-type=\"section\">\n\t\t\t\t\t\t<div class=\"elementor-container elementor-column-gap-default\">\n\t\t\t\t\t<div class=\"elementor-column elementor-col-100 elementor-top-column elementor-element elementor-element-7611a5f\" data-id=\"7611a5f\" data-element_type=\"column\" data-e-type=\"column\">\n\t\t\t<div class=\"elementor-widget-wrap elementor-element-populated\">\n\t\t\t\t\t\t<div class=\"elementor-element elementor-element-189dcf7 elementor-widget elementor-widget-image-gallery\" data-id=\"189dcf7\" data-element_type=\"widget\" data-e-type=\"widget\" data-widget_type=\"image-gallery.default\">\n\t\t\t\t<div class=\"elementor-widget-container\">\n\t\t\t\t\t\t\t<div class=\"elementor-image-gallery\">\n\t\t\t<div id='gallery-1' class='gallery galleryid-6797725 gallery-columns-3 gallery-size-medium_large'><figure class='gallery-item'>\n\t\t\t<div class='gallery-icon landscape'>\n\t\t\t\t<a data-elementor-open-lightbox=\"yes\" data-elementor-lightbox-slideshow=\"189dcf7\" data-elementor-lightbox-title=\"1\" data-e-action-hash=\"#elementor-action%3Aaction%3Dlightbox%26settings%3DeyJpZCI6Njc5NzcyNywidXJsIjoiaHR0cHM6XC9cL2xlZ3N6ZWJiZXNrdXZvLmh1XC93cC1jb250ZW50XC91cGxvYWRzXC8yMDE5XC8wNFwvMS5qcGciLCJzbGlkZXNob3ciOiIxODlkY2Y3In0%3D\" href='https:\/\/legszebbeskuvo.hu\/wp-content\/uploads\/2019\/04\/1.jpg'><img fetchpriority=\"high\" decoding=\"async\" width=\"768\" height=\"513\" src=\"https:\/\/legszebbeskuvo.hu\/wp-content\/uploads\/2019\/04\/1-768x513.jpg\" class=\"attachment-medium_large size-medium_large\" alt=\"\" srcset=\"https:\/\/legszebbeskuvo.hu\/wp-content\/uploads\/2019\/04\/1-768x513.jpg 768w, https:\/\/legszebbeskuvo.hu\/wp-content\/uploads\/2019\/04\/1-300x200.jpg 300w, https:\/\/legszebbeskuvo.hu\/wp-content\/uploads\/2019\/04\/1-1024x684.jpg 1024w, https:\/\/legszebbeskuvo.hu\/wp-content\/uploads\/2019\/04\/1-830x554.jpg 830w, https:\/\/legszebbeskuvo.hu\/wp-content\/uploads\/2019\/04\/1-230x154.jpg 230w, https:\/\/legszebbeskuvo.hu\/wp-content\/uploads\/2019\/04\/1-350x234.jpg 350w, https:\/\/legszebbeskuvo.hu\/wp-content\/uploads\/2019\/04\/1-480x320.jpg 480w, https:\/\/legszebbeskuvo.hu\/wp-content\/uploads\/2019\/04\/1.jpg 1200w\" sizes=\"(max-width: 768px) 100vw, 768px\" \/><\/a>\n\t\t\t<\/div><\/figure><figure class='gallery-item'>\n\t\t\t<div class='gallery-icon landscape'>\n\t\t\t\t<a data-elementor-open-lightbox=\"yes\" data-elementor-lightbox-slideshow=\"189dcf7\" data-elementor-lightbox-title=\"2\" data-e-action-hash=\"#elementor-action%3Aaction%3Dlightbox%26settings%3DeyJpZCI6Njc5NzcyOCwidXJsIjoiaHR0cHM6XC9cL2xlZ3N6ZWJiZXNrdXZvLmh1XC93cC1jb250ZW50XC91cGxvYWRzXC8yMDE5XC8wNFwvMi5qcGciLCJzbGlkZXNob3ciOiIxODlkY2Y3In0%3D\" href='https:\/\/legszebbeskuvo.hu\/wp-content\/uploads\/2019\/04\/2.jpg'><img decoding=\"async\" width=\"768\" height=\"513\" src=\"https:\/\/legszebbeskuvo.hu\/wp-content\/uploads\/2019\/04\/2-768x513.jpg\" class=\"attachment-medium_large size-medium_large\" alt=\"\" srcset=\"https:\/\/legszebbeskuvo.hu\/wp-content\/uploads\/2019\/04\/2-768x513.jpg 768w, https:\/\/legszebbeskuvo.hu\/wp-content\/uploads\/2019\/04\/2-300x200.jpg 300w, https:\/\/legszebbeskuvo.hu\/wp-content\/uploads\/2019\/04\/2-1024x684.jpg 1024w, https:\/\/legszebbeskuvo.hu\/wp-content\/uploads\/2019\/04\/2-830x554.jpg 830w, https:\/\/legszebbeskuvo.hu\/wp-content\/uploads\/2019\/04\/2-230x154.jpg 230w, https:\/\/legszebbeskuvo.hu\/wp-content\/uploads\/2019\/04\/2-350x234.jpg 350w, https:\/\/legszebbeskuvo.hu\/wp-content\/uploads\/2019\/04\/2-480x320.jpg 480w, https:\/\/legszebbeskuvo.hu\/wp-content\/uploads\/2019\/04\/2.jpg 1200w\" sizes=\"(max-width: 768px) 100vw, 768px\" \/><\/a>\n\t\t\t<\/div><\/figure><figure class='gallery-item'>\n\t\t\t<div class='gallery-icon landscape'>\n\t\t\t\t<a data-elementor-open-lightbox=\"yes\" data-elementor-lightbox-slideshow=\"189dcf7\" data-elementor-lightbox-title=\"3\" data-e-action-hash=\"#elementor-action%3Aaction%3Dlightbox%26settings%3DeyJpZCI6Njc5NzcyOSwidXJsIjoiaHR0cHM6XC9cL2xlZ3N6ZWJiZXNrdXZvLmh1XC93cC1jb250ZW50XC91cGxvYWRzXC8yMDE5XC8wNFwvMy5qcGciLCJzbGlkZXNob3ciOiIxODlkY2Y3In0%3D\" href='https:\/\/legszebbeskuvo.hu\/wp-content\/uploads\/2019\/04\/3.jpg'><img decoding=\"async\" width=\"768\" height=\"513\" src=\"https:\/\/legszebbeskuvo.hu\/wp-content\/uploads\/2019\/04\/3-768x513.jpg\" class=\"attachment-medium_large size-medium_large\" alt=\"\" srcset=\"https:\/\/legszebbeskuvo.hu\/wp-content\/uploads\/2019\/04\/3-768x513.jpg 768w, https:\/\/legszebbeskuvo.hu\/wp-content\/uploads\/2019\/04\/3-300x200.jpg 300w, https:\/\/legszebbeskuvo.hu\/wp-content\/uploads\/2019\/04\/3-1024x684.jpg 1024w, https:\/\/legszebbeskuvo.hu\/wp-content\/uploads\/2019\/04\/3-830x554.jpg 830w, https:\/\/legszebbeskuvo.hu\/wp-content\/uploads\/2019\/04\/3-230x154.jpg 230w, https:\/\/legszebbeskuvo.hu\/wp-content\/uploads\/2019\/04\/3-350x234.jpg 350w, https:\/\/legszebbeskuvo.hu\/wp-content\/uploads\/2019\/04\/3-480x320.jpg 480w, https:\/\/legszebbeskuvo.hu\/wp-content\/uploads\/2019\/04\/3.jpg 1200w\" sizes=\"(max-width: 768px) 100vw, 768px\" \/><\/a>\n\t\t\t<\/div><\/figure><figure class='gallery-item'>\n\t\t\t<div class='gallery-icon landscape'>\n\t\t\t\t<a data-elementor-open-lightbox=\"yes\" data-elementor-lightbox-slideshow=\"189dcf7\" data-elementor-lightbox-title=\"4\" data-e-action-hash=\"#elementor-action%3Aaction%3Dlightbox%26settings%3DeyJpZCI6Njc5NzczMCwidXJsIjoiaHR0cHM6XC9cL2xlZ3N6ZWJiZXNrdXZvLmh1XC93cC1jb250ZW50XC91cGxvYWRzXC8yMDE5XC8wNFwvNC5qcGciLCJzbGlkZXNob3ciOiIxODlkY2Y3In0%3D\" href='https:\/\/legszebbeskuvo.hu\/wp-content\/uploads\/2019\/04\/4.jpg'><img loading=\"lazy\" decoding=\"async\" width=\"768\" height=\"513\" src=\"https:\/\/legszebbeskuvo.hu\/wp-content\/uploads\/2019\/04\/4-768x513.jpg\" class=\"attachment-medium_large size-medium_large\" alt=\"\" srcset=\"https:\/\/legszebbeskuvo.hu\/wp-content\/uploads\/2019\/04\/4-768x513.jpg 768w, https:\/\/legszebbeskuvo.hu\/wp-content\/uploads\/2019\/04\/4-300x200.jpg 300w, https:\/\/legszebbeskuvo.hu\/wp-content\/uploads\/2019\/04\/4-1024x684.jpg 1024w, https:\/\/legszebbeskuvo.hu\/wp-content\/uploads\/2019\/04\/4-830x554.jpg 830w, https:\/\/legszebbeskuvo.hu\/wp-content\/uploads\/2019\/04\/4-230x154.jpg 230w, https:\/\/legszebbeskuvo.hu\/wp-content\/uploads\/2019\/04\/4-350x234.jpg 350w, https:\/\/legszebbeskuvo.hu\/wp-content\/uploads\/2019\/04\/4-480x320.jpg 480w, https:\/\/legszebbeskuvo.hu\/wp-content\/uploads\/2019\/04\/4.jpg 1200w\" sizes=\"(max-width: 768px) 100vw, 768px\" \/><\/a>\n\t\t\t<\/div><\/figure><figure class='gallery-item'>\n\t\t\t<div class='gallery-icon landscape'>\n\t\t\t\t<a data-elementor-open-lightbox=\"yes\" data-elementor-lightbox-slideshow=\"189dcf7\" data-elementor-lightbox-title=\"5\" data-e-action-hash=\"#elementor-action%3Aaction%3Dlightbox%26settings%3DeyJpZCI6Njc5NzczMSwidXJsIjoiaHR0cHM6XC9cL2xlZ3N6ZWJiZXNrdXZvLmh1XC93cC1jb250ZW50XC91cGxvYWRzXC8yMDE5XC8wNFwvNS5qcGciLCJzbGlkZXNob3ciOiIxODlkY2Y3In0%3D\" href='https:\/\/legszebbeskuvo.hu\/wp-content\/uploads\/2019\/04\/5.jpg'><img loading=\"lazy\" decoding=\"async\" width=\"768\" height=\"513\" src=\"https:\/\/legszebbeskuvo.hu\/wp-content\/uploads\/2019\/04\/5-768x513.jpg\" class=\"attachment-medium_large size-medium_large\" alt=\"\" srcset=\"https:\/\/legszebbeskuvo.hu\/wp-content\/uploads\/2019\/04\/5-768x513.jpg 768w, https:\/\/legszebbeskuvo.hu\/wp-content\/uploads\/2019\/04\/5-300x200.jpg 300w, https:\/\/legszebbeskuvo.hu\/wp-content\/uploads\/2019\/04\/5-1024x684.jpg 1024w, https:\/\/legszebbeskuvo.hu\/wp-content\/uploads\/2019\/04\/5-830x554.jpg 830w, https:\/\/legszebbeskuvo.hu\/wp-content\/uploads\/2019\/04\/5-230x154.jpg 230w, https:\/\/legszebbeskuvo.hu\/wp-content\/uploads\/2019\/04\/5-350x234.jpg 350w, https:\/\/legszebbeskuvo.hu\/wp-content\/uploads\/2019\/04\/5-480x320.jpg 480w, https:\/\/legszebbeskuvo.hu\/wp-content\/uploads\/2019\/04\/5.jpg 1200w\" sizes=\"(max-width: 768px) 100vw, 768px\" \/><\/a>\n\t\t\t<\/div><\/figure><figure class='gallery-item'>\n\t\t\t<div class='gallery-icon landscape'>\n\t\t\t\t<a data-elementor-open-lightbox=\"yes\" data-elementor-lightbox-slideshow=\"189dcf7\" data-elementor-lightbox-title=\"6\" data-e-action-hash=\"#elementor-action%3Aaction%3Dlightbox%26settings%3DeyJpZCI6Njc5NzczMiwidXJsIjoiaHR0cHM6XC9cL2xlZ3N6ZWJiZXNrdXZvLmh1XC93cC1jb250ZW50XC91cGxvYWRzXC8yMDE5XC8wNFwvNi5qcGciLCJzbGlkZXNob3ciOiIxODlkY2Y3In0%3D\" href='https:\/\/legszebbeskuvo.hu\/wp-content\/uploads\/2019\/04\/6.jpg'><img loading=\"lazy\" decoding=\"async\" width=\"768\" height=\"513\" src=\"https:\/\/legszebbeskuvo.hu\/wp-content\/uploads\/2019\/04\/6-768x513.jpg\" class=\"attachment-medium_large size-medium_large\" alt=\"\" srcset=\"https:\/\/legszebbeskuvo.hu\/wp-content\/uploads\/2019\/04\/6-768x513.jpg 768w, https:\/\/legszebbeskuvo.hu\/wp-content\/uploads\/2019\/04\/6-300x200.jpg 300w, https:\/\/legszebbeskuvo.hu\/wp-content\/uploads\/2019\/04\/6-1024x684.jpg 1024w, https:\/\/legszebbeskuvo.hu\/wp-content\/uploads\/2019\/04\/6-830x554.jpg 830w, https:\/\/legszebbeskuvo.hu\/wp-content\/uploads\/2019\/04\/6-230x154.jpg 230w, https:\/\/legszebbeskuvo.hu\/wp-content\/uploads\/2019\/04\/6-350x234.jpg 350w, https:\/\/legszebbeskuvo.hu\/wp-content\/uploads\/2019\/04\/6-480x320.jpg 480w, https:\/\/legszebbeskuvo.hu\/wp-content\/uploads\/2019\/04\/6.jpg 1200w\" sizes=\"(max-width: 768px) 100vw, 768px\" \/><\/a>\n\t\t\t<\/div><\/figure><figure class='gallery-item'>\n\t\t\t<div class='gallery-icon landscape'>\n\t\t\t\t<a data-elementor-open-lightbox=\"yes\" data-elementor-lightbox-slideshow=\"189dcf7\" data-elementor-lightbox-title=\"7\" data-e-action-hash=\"#elementor-action%3Aaction%3Dlightbox%26settings%3DeyJpZCI6Njc5NzczMywidXJsIjoiaHR0cHM6XC9cL2xlZ3N6ZWJiZXNrdXZvLmh1XC93cC1jb250ZW50XC91cGxvYWRzXC8yMDE5XC8wNFwvNy5qcGciLCJzbGlkZXNob3ciOiIxODlkY2Y3In0%3D\" href='https:\/\/legszebbeskuvo.hu\/wp-content\/uploads\/2019\/04\/7.jpg'><img loading=\"lazy\" decoding=\"async\" width=\"768\" height=\"513\" src=\"https:\/\/legszebbeskuvo.hu\/wp-content\/uploads\/2019\/04\/7-768x513.jpg\" class=\"attachment-medium_large size-medium_large\" alt=\"\" srcset=\"https:\/\/legszebbeskuvo.hu\/wp-content\/uploads\/2019\/04\/7-768x513.jpg 768w, https:\/\/legszebbeskuvo.hu\/wp-content\/uploads\/2019\/04\/7-300x200.jpg 300w, https:\/\/legszebbeskuvo.hu\/wp-content\/uploads\/2019\/04\/7-1024x684.jpg 1024w, https:\/\/legszebbeskuvo.hu\/wp-content\/uploads\/2019\/04\/7-830x554.jpg 830w, https:\/\/legszebbeskuvo.hu\/wp-content\/uploads\/2019\/04\/7-230x154.jpg 230w, https:\/\/legszebbeskuvo.hu\/wp-content\/uploads\/2019\/04\/7-350x234.jpg 350w, https:\/\/legszebbeskuvo.hu\/wp-content\/uploads\/2019\/04\/7-480x320.jpg 480w, https:\/\/legszebbeskuvo.hu\/wp-content\/uploads\/2019\/04\/7.jpg 1200w\" sizes=\"(max-width: 768px) 100vw, 768px\" \/><\/a>\n\t\t\t<\/div><\/figure><figure class='gallery-item'>\n\t\t\t<div class='gallery-icon landscape'>\n\t\t\t\t<a data-elementor-open-lightbox=\"yes\" data-elementor-lightbox-slideshow=\"189dcf7\" data-elementor-lightbox-title=\"8\" data-e-action-hash=\"#elementor-action%3Aaction%3Dlightbox%26settings%3DeyJpZCI6Njc5NzczNCwidXJsIjoiaHR0cHM6XC9cL2xlZ3N6ZWJiZXNrdXZvLmh1XC93cC1jb250ZW50XC91cGxvYWRzXC8yMDE5XC8wNFwvOC5qcGciLCJzbGlkZXNob3ciOiIxODlkY2Y3In0%3D\" href='https:\/\/legszebbeskuvo.hu\/wp-content\/uploads\/2019\/04\/8.jpg'><img loading=\"lazy\" decoding=\"async\" width=\"768\" height=\"513\" src=\"https:\/\/legszebbeskuvo.hu\/wp-content\/uploads\/2019\/04\/8-768x513.jpg\" class=\"attachment-medium_large size-medium_large\" alt=\"\" srcset=\"https:\/\/legszebbeskuvo.hu\/wp-content\/uploads\/2019\/04\/8-768x513.jpg 768w, https:\/\/legszebbeskuvo.hu\/wp-content\/uploads\/2019\/04\/8-300x200.jpg 300w, https:\/\/legszebbeskuvo.hu\/wp-content\/uploads\/2019\/04\/8-1024x684.jpg 1024w, https:\/\/legszebbeskuvo.hu\/wp-content\/uploads\/2019\/04\/8-830x554.jpg 830w, https:\/\/legszebbeskuvo.hu\/wp-content\/uploads\/2019\/04\/8-230x154.jpg 230w, https:\/\/legszebbeskuvo.hu\/wp-content\/uploads\/2019\/04\/8-350x234.jpg 350w, https:\/\/legszebbeskuvo.hu\/wp-content\/uploads\/2019\/04\/8-480x320.jpg 480w, https:\/\/legszebbeskuvo.hu\/wp-content\/uploads\/2019\/04\/8.jpg 1200w\" sizes=\"(max-width: 768px) 100vw, 768px\" \/><\/a>\n\t\t\t<\/div><\/figure><figure class='gallery-item'>\n\t\t\t<div class='gallery-icon landscape'>\n\t\t\t\t<a data-elementor-open-lightbox=\"yes\" data-elementor-lightbox-slideshow=\"189dcf7\" data-elementor-lightbox-title=\"9\" data-e-action-hash=\"#elementor-action%3Aaction%3Dlightbox%26settings%3DeyJpZCI6Njc5NzczNSwidXJsIjoiaHR0cHM6XC9cL2xlZ3N6ZWJiZXNrdXZvLmh1XC93cC1jb250ZW50XC91cGxvYWRzXC8yMDE5XC8wNFwvOS5qcGciLCJzbGlkZXNob3ciOiIxODlkY2Y3In0%3D\" href='https:\/\/legszebbeskuvo.hu\/wp-content\/uploads\/2019\/04\/9.jpg'><img loading=\"lazy\" decoding=\"async\" width=\"768\" height=\"513\" src=\"https:\/\/legszebbeskuvo.hu\/wp-content\/uploads\/2019\/04\/9-768x513.jpg\" class=\"attachment-medium_large size-medium_large\" alt=\"\" srcset=\"https:\/\/legszebbeskuvo.hu\/wp-content\/uploads\/2019\/04\/9-768x513.jpg 768w, https:\/\/legszebbeskuvo.hu\/wp-content\/uploads\/2019\/04\/9-300x200.jpg 300w, https:\/\/legszebbeskuvo.hu\/wp-content\/uploads\/2019\/04\/9-1024x684.jpg 1024w, https:\/\/legszebbeskuvo.hu\/wp-content\/uploads\/2019\/04\/9-830x554.jpg 830w, https:\/\/legszebbeskuvo.hu\/wp-content\/uploads\/2019\/04\/9-230x154.jpg 230w, https:\/\/legszebbeskuvo.hu\/wp-content\/uploads\/2019\/04\/9-350x234.jpg 350w, https:\/\/legszebbeskuvo.hu\/wp-content\/uploads\/2019\/04\/9-480x320.jpg 480w, https:\/\/legszebbeskuvo.hu\/wp-content\/uploads\/2019\/04\/9.jpg 1200w\" sizes=\"(max-width: 768px) 100vw, 768px\" \/><\/a>\n\t\t\t<\/div><\/figure><figure class='gallery-item'>\n\t\t\t<div class='gallery-icon landscape'>\n\t\t\t\t<a data-elementor-open-lightbox=\"yes\" data-elementor-lightbox-slideshow=\"189dcf7\" data-elementor-lightbox-title=\"10\" data-e-action-hash=\"#elementor-action%3Aaction%3Dlightbox%26settings%3DeyJpZCI6Njc5NzczNiwidXJsIjoiaHR0cHM6XC9cL2xlZ3N6ZWJiZXNrdXZvLmh1XC93cC1jb250ZW50XC91cGxvYWRzXC8yMDE5XC8wNFwvMTAuanBnIiwic2xpZGVzaG93IjoiMTg5ZGNmNyJ9\" href='https:\/\/legszebbeskuvo.hu\/wp-content\/uploads\/2019\/04\/10.jpg'><img loading=\"lazy\" decoding=\"async\" width=\"768\" height=\"513\" src=\"https:\/\/legszebbeskuvo.hu\/wp-content\/uploads\/2019\/04\/10-768x513.jpg\" class=\"attachment-medium_large size-medium_large\" alt=\"\" srcset=\"https:\/\/legszebbeskuvo.hu\/wp-content\/uploads\/2019\/04\/10-768x513.jpg 768w, https:\/\/legszebbeskuvo.hu\/wp-content\/uploads\/2019\/04\/10-300x200.jpg 300w, https:\/\/legszebbeskuvo.hu\/wp-content\/uploads\/2019\/04\/10-1024x684.jpg 1024w, https:\/\/legszebbeskuvo.hu\/wp-content\/uploads\/2019\/04\/10-830x554.jpg 830w, https:\/\/legszebbeskuvo.hu\/wp-content\/uploads\/2019\/04\/10-230x154.jpg 230w, https:\/\/legszebbeskuvo.hu\/wp-content\/uploads\/2019\/04\/10-350x234.jpg 350w, https:\/\/legszebbeskuvo.hu\/wp-content\/uploads\/2019\/04\/10-480x320.jpg 480w, https:\/\/legszebbeskuvo.hu\/wp-content\/uploads\/2019\/04\/10.jpg 1200w\" sizes=\"(max-width: 768px) 100vw, 768px\" \/><\/a>\n\t\t\t<\/div><\/figure><figure class='gallery-item'>\n\t\t\t<div class='gallery-icon landscape'>\n\t\t\t\t<a data-elementor-open-lightbox=\"yes\" data-elementor-lightbox-slideshow=\"189dcf7\" data-elementor-lightbox-title=\"12\" data-e-action-hash=\"#elementor-action%3Aaction%3Dlightbox%26settings%3DeyJpZCI6Njc5NzczNywidXJsIjoiaHR0cHM6XC9cL2xlZ3N6ZWJiZXNrdXZvLmh1XC93cC1jb250ZW50XC91cGxvYWRzXC8yMDE5XC8wNFwvMTIuanBnIiwic2xpZGVzaG93IjoiMTg5ZGNmNyJ9\" href='https:\/\/legszebbeskuvo.hu\/wp-content\/uploads\/2019\/04\/12.jpg'><img loading=\"lazy\" decoding=\"async\" width=\"768\" height=\"513\" src=\"https:\/\/legszebbeskuvo.hu\/wp-content\/uploads\/2019\/04\/12-768x513.jpg\" class=\"attachment-medium_large size-medium_large\" alt=\"\" srcset=\"https:\/\/legszebbeskuvo.hu\/wp-content\/uploads\/2019\/04\/12-768x513.jpg 768w, https:\/\/legszebbeskuvo.hu\/wp-content\/uploads\/2019\/04\/12-300x200.jpg 300w, https:\/\/legszebbeskuvo.hu\/wp-content\/uploads\/2019\/04\/12-1024x684.jpg 1024w, https:\/\/legszebbeskuvo.hu\/wp-content\/uploads\/2019\/04\/12-830x554.jpg 830w, https:\/\/legszebbeskuvo.hu\/wp-content\/uploads\/2019\/04\/12-230x154.jpg 230w, https:\/\/legszebbeskuvo.hu\/wp-content\/uploads\/2019\/04\/12-350x234.jpg 350w, https:\/\/legszebbeskuvo.hu\/wp-content\/uploads\/2019\/04\/12-480x320.jpg 480w, https:\/\/legszebbeskuvo.hu\/wp-content\/uploads\/2019\/04\/12.jpg 1200w\" sizes=\"(max-width: 768px) 100vw, 768px\" \/><\/a>\n\t\t\t<\/div><\/figure><figure class='gallery-item'>\n\t\t\t<div class='gallery-icon landscape'>\n\t\t\t\t<a data-elementor-open-lightbox=\"yes\" data-elementor-lightbox-slideshow=\"189dcf7\" data-elementor-lightbox-title=\"13\" data-e-action-hash=\"#elementor-action%3Aaction%3Dlightbox%26settings%3DeyJpZCI6Njc5NzczOCwidXJsIjoiaHR0cHM6XC9cL2xlZ3N6ZWJiZXNrdXZvLmh1XC93cC1jb250ZW50XC91cGxvYWRzXC8yMDE5XC8wNFwvMTMuanBnIiwic2xpZGVzaG93IjoiMTg5ZGNmNyJ9\" href='https:\/\/legszebbeskuvo.hu\/wp-content\/uploads\/2019\/04\/13.jpg'><img loading=\"lazy\" decoding=\"async\" width=\"768\" height=\"513\" src=\"https:\/\/legszebbeskuvo.hu\/wp-content\/uploads\/2019\/04\/13-768x513.jpg\" class=\"attachment-medium_large size-medium_large\" alt=\"\" srcset=\"https:\/\/legszebbeskuvo.hu\/wp-content\/uploads\/2019\/04\/13-768x513.jpg 768w, https:\/\/legszebbeskuvo.hu\/wp-content\/uploads\/2019\/04\/13-300x200.jpg 300w, https:\/\/legszebbeskuvo.hu\/wp-content\/uploads\/2019\/04\/13-1024x684.jpg 1024w, https:\/\/legszebbeskuvo.hu\/wp-content\/uploads\/2019\/04\/13-830x554.jpg 830w, https:\/\/legszebbeskuvo.hu\/wp-content\/uploads\/2019\/04\/13-230x154.jpg 230w, https:\/\/legszebbeskuvo.hu\/wp-content\/uploads\/2019\/04\/13-350x234.jpg 350w, https:\/\/legszebbeskuvo.hu\/wp-content\/uploads\/2019\/04\/13-480x320.jpg 480w, https:\/\/legszebbeskuvo.hu\/wp-content\/uploads\/2019\/04\/13.jpg 1200w\" sizes=\"(max-width: 768px) 100vw, 768px\" \/><\/a>\n\t\t\t<\/div><\/figure>\n\t\t<\/div>\n\t\t<\/div>\n\t\t\t\t\t\t<\/div>\n\t\t\t\t<\/div>\n\t\t\t\t\t<\/div>\n\t\t<\/div>\n\t\t\t\t\t<\/div>\n\t\t<\/section>\n\t\t\t\t<\/div>","protected":false},"excerpt":{"rendered":"","protected":false},"author":2,"featured_media":6797728,"parent":0,"menu_order":0,"comment_status":"closed","ping_status":"closed","template":"","meta":{"footnotes":""},"class_list":["post-6797725","page","type-page","status-publish","has-post-thumbnail","hentry"],"yoast_head":"<!-- This site is optimized with the Yoast SEO plugin v27.3 - https:\/\/yoast.com\/product\/yoast-seo-wordpress\/ -->\n<title>V+L esk\u00fcv\u0151je - Legszebb esk\u00fcv\u0151 esk\u00fcv\u0151szervez\u00e9s<\/title>\n<meta name=\"robots\" content=\"index, follow, max-snippet:-1, max-image-preview:large, max-video-preview:-1\" \/>\n<link rel=\"canonical\" href=\"https:\/\/legszebbeskuvo.hu\/en\/vl-wedding\/\" \/>\n<meta property=\"og:locale\" content=\"en_GB\" \/>\n<meta property=\"og:type\" content=\"article\" \/>\n<meta property=\"og:title\" content=\"V+L esk\u00fcv\u0151je - Legszebb esk\u00fcv\u0151 esk\u00fcv\u0151szervez\u00e9s\" \/>\n<meta property=\"og:url\" content=\"https:\/\/legszebbeskuvo.hu\/en\/vl-wedding\/\" \/>\n<meta property=\"og:site_name\" content=\"Legszebb esk\u00fcv\u0151 esk\u00fcv\u0151szervez\u00e9s\" \/>\n<meta property=\"article:modified_time\" content=\"2024-02-21T19:37:02+00:00\" \/>\n<meta property=\"og:image\" content=\"https:\/\/legszebbeskuvo.hu\/wp-content\/uploads\/2019\/04\/2.jpg\" \/>\n\t<meta property=\"og:image:width\" content=\"1200\" \/>\n\t<meta property=\"og:image:height\" content=\"801\" \/>\n\t<meta property=\"og:image:type\" content=\"image\/jpeg\" \/>\n<meta name=\"twitter:card\" content=\"summary_large_image\" \/>\n<meta name=\"twitter:label1\" content=\"Estimated reading time\" \/>\n\t<meta name=\"twitter:data1\" content=\"3 minutes\" \/>\n<script type=\"application\/ld+json\" class=\"yoast-schema-graph\">{\"@context\":\"https:\\\/\\\/schema.org\",\"@graph\":[{\"@type\":\"WebPage\",\"@id\":\"https:\\\/\\\/legszebbeskuvo.hu\\\/vl-eskuvoje\\\/\",\"url\":\"https:\\\/\\\/legszebbeskuvo.hu\\\/vl-eskuvoje\\\/\",\"name\":\"V+L esk\u00fcv\u0151je - Legszebb esk\u00fcv\u0151 esk\u00fcv\u0151szervez\u00e9s\",\"isPartOf\":{\"@id\":\"https:\\\/\\\/legszebbeskuvo.hu\\\/#website\"},\"primaryImageOfPage\":{\"@id\":\"https:\\\/\\\/legszebbeskuvo.hu\\\/vl-eskuvoje\\\/#primaryimage\"},\"image\":{\"@id\":\"https:\\\/\\\/legszebbeskuvo.hu\\\/vl-eskuvoje\\\/#primaryimage\"},\"thumbnailUrl\":\"https:\\\/\\\/legszebbeskuvo.hu\\\/wp-content\\\/uploads\\\/2019\\\/04\\\/2.jpg\",\"datePublished\":\"2019-04-10T07:11:57+00:00\",\"dateModified\":\"2024-02-21T19:37:02+00:00\",\"breadcrumb\":{\"@id\":\"https:\\\/\\\/legszebbeskuvo.hu\\\/vl-eskuvoje\\\/#breadcrumb\"},\"inLanguage\":\"en-GB\",\"potentialAction\":[{\"@type\":\"ReadAction\",\"target\":[\"https:\\\/\\\/legszebbeskuvo.hu\\\/vl-eskuvoje\\\/\"]}]},{\"@type\":\"ImageObject\",\"inLanguage\":\"en-GB\",\"@id\":\"https:\\\/\\\/legszebbeskuvo.hu\\\/vl-eskuvoje\\\/#primaryimage\",\"url\":\"https:\\\/\\\/legszebbeskuvo.hu\\\/wp-content\\\/uploads\\\/2019\\\/04\\\/2.jpg\",\"contentUrl\":\"https:\\\/\\\/legszebbeskuvo.hu\\\/wp-content\\\/uploads\\\/2019\\\/04\\\/2.jpg\",\"width\":1200,\"height\":801},{\"@type\":\"BreadcrumbList\",\"@id\":\"https:\\\/\\\/legszebbeskuvo.hu\\\/vl-eskuvoje\\\/#breadcrumb\",\"itemListElement\":[{\"@type\":\"ListItem\",\"position\":1,\"name\":\"Home\",\"item\":\"https:\\\/\\\/legszebbeskuvo.hu\\\/\"},{\"@type\":\"ListItem\",\"position\":2,\"name\":\"V+L esk\u00fcv\u0151je\"}]},{\"@type\":\"WebSite\",\"@id\":\"https:\\\/\\\/legszebbeskuvo.hu\\\/#website\",\"url\":\"https:\\\/\\\/legszebbeskuvo.hu\\\/\",\"name\":\"Legszebb esk\u00fcv\u0151 esk\u00fcv\u0151szervez\u00e9s\",\"description\":\"Esk\u00fcv\u0151szervez\u00e9s sz\u00edvvel-l\u00e9lekkel\",\"potentialAction\":[{\"@type\":\"SearchAction\",\"target\":{\"@type\":\"EntryPoint\",\"urlTemplate\":\"https:\\\/\\\/legszebbeskuvo.hu\\\/?s={search_term_string}\"},\"query-input\":{\"@type\":\"PropertyValueSpecification\",\"valueRequired\":true,\"valueName\":\"search_term_string\"}}],\"inLanguage\":\"en-GB\"}]}<\/script>\n<!-- \/ Yoast SEO plugin. -->","yoast_head_json":{"title":"V+L esk\u00fcv\u0151je - Legszebb esk\u00fcv\u0151 esk\u00fcv\u0151szervez\u00e9s","robots":{"index":"index","follow":"follow","max-snippet":"max-snippet:-1","max-image-preview":"max-image-preview:large","max-video-preview":"max-video-preview:-1"},"canonical":"https:\/\/legszebbeskuvo.hu\/en\/vl-wedding\/","og_locale":"en_GB","og_type":"article","og_title":"V+L esk\u00fcv\u0151je - Legszebb esk\u00fcv\u0151 esk\u00fcv\u0151szervez\u00e9s","og_url":"https:\/\/legszebbeskuvo.hu\/en\/vl-wedding\/","og_site_name":"Legszebb esk\u00fcv\u0151 esk\u00fcv\u0151szervez\u00e9s","article_modified_time":"2024-02-21T19:37:02+00:00","og_image":[{"width":1200,"height":801,"url":"https:\/\/legszebbeskuvo.hu\/wp-content\/uploads\/2019\/04\/2.jpg","type":"image\/jpeg"}],"twitter_card":"summary_large_image","twitter_misc":{"Estimated reading time":"3 minutes"},"schema":{"@context":"https:\/\/schema.org","@graph":[{"@type":"WebPage","@id":"https:\/\/legszebbeskuvo.hu\/vl-eskuvoje\/","url":"https:\/\/legszebbeskuvo.hu\/vl-eskuvoje\/","name":"V+L esk\u00fcv\u0151je - Legszebb esk\u00fcv\u0151 esk\u00fcv\u0151szervez\u00e9s","isPartOf":{"@id":"https:\/\/legszebbeskuvo.hu\/#website"},"primaryImageOfPage":{"@id":"https:\/\/legszebbeskuvo.hu\/vl-eskuvoje\/#primaryimage"},"image":{"@id":"https:\/\/legszebbeskuvo.hu\/vl-eskuvoje\/#primaryimage"},"thumbnailUrl":"https:\/\/legszebbeskuvo.hu\/wp-content\/uploads\/2019\/04\/2.jpg","datePublished":"2019-04-10T07:11:57+00:00","dateModified":"2024-02-21T19:37:02+00:00","breadcrumb":{"@id":"https:\/\/legszebbeskuvo.hu\/vl-eskuvoje\/#breadcrumb"},"inLanguage":"en-GB","potentialAction":[{"@type":"ReadAction","target":["https:\/\/legszebbeskuvo.hu\/vl-eskuvoje\/"]}]},{"@type":"ImageObject","inLanguage":"en-GB","@id":"https:\/\/legszebbeskuvo.hu\/vl-eskuvoje\/#primaryimage","url":"https:\/\/legszebbeskuvo.hu\/wp-content\/uploads\/2019\/04\/2.jpg","contentUrl":"https:\/\/legszebbeskuvo.hu\/wp-content\/uploads\/2019\/04\/2.jpg","width":1200,"height":801},{"@type":"BreadcrumbList","@id":"https:\/\/legszebbeskuvo.hu\/vl-eskuvoje\/#breadcrumb","itemListElement":[{"@type":"ListItem","position":1,"name":"Home","item":"https:\/\/legszebbeskuvo.hu\/"},{"@type":"ListItem","position":2,"name":"V+L esk\u00fcv\u0151je"}]},{"@type":"WebSite","@id":"https:\/\/legszebbeskuvo.hu\/#website","url":"https:\/\/legszebbeskuvo.hu\/","name":"Legszebb esk\u00fcv\u0151 Wedding Planning","description":"Esk\u00fcv\u0151szervez\u00e9s sz\u00edvvel-l\u00e9lekkel","potentialAction":[{"@type":"SearchAction","target":{"@type":"EntryPoint","urlTemplate":"https:\/\/legszebbeskuvo.hu\/?s={search_term_string}"},"query-input":{"@type":"PropertyValueSpecification","valueRequired":true,"valueName":"search_term_string"}}],"inLanguage":"en-GB"}]}},"_links":{"self":[{"href":"https:\/\/legszebbeskuvo.hu\/en\/wp-json\/wp\/v2\/pages\/6797725","targetHints":{"allow":["GET"]}}],"collection":[{"href":"https:\/\/legszebbeskuvo.hu\/en\/wp-json\/wp\/v2\/pages"}],"about":[{"href":"https:\/\/legszebbeskuvo.hu\/en\/wp-json\/wp\/v2\/types\/page"}],"author":[{"embeddable":true,"href":"https:\/\/legszebbeskuvo.hu\/en\/wp-json\/wp\/v2\/users\/2"}],"replies":[{"embeddable":true,"href":"https:\/\/legszebbeskuvo.hu\/en\/wp-json\/wp\/v2\/comments?post=6797725"}],"version-history":[{"count":2,"href":"https:\/\/legszebbeskuvo.hu\/en\/wp-json\/wp\/v2\/pages\/6797725\/revisions"}],"predecessor-version":[{"id":6797739,"href":"https:\/\/legszebbeskuvo.hu\/en\/wp-json\/wp\/v2\/pages\/6797725\/revisions\/6797739"}],"wp:featuredmedia":[{"embeddable":true,"href":"https:\/\/legszebbeskuvo.hu\/en\/wp-json\/wp\/v2\/media\/6797728"}],"wp:attachment":[{"href":"https:\/\/legszebbeskuvo.hu\/en\/wp-json\/wp\/v2\/media?parent=6797725"}],"curies":[{"name":"wp","href":"https:\/\/api.w.org\/{rel}","templated":true}]}}